{"id":5006,"date":"2026-04-13T10:05:00","date_gmt":"2026-04-13T13:05:00","guid":{"rendered":"https:\/\/www.al.pb.leg.br\/elegispb\/?page_id=5006"},"modified":"2026-04-13T10:11:12","modified_gmt":"2026-04-13T13:11:12","slug":"pre-enem","status":"publish","type":"page","link":"https:\/\/www.al.pb.leg.br\/elegispb\/?page_id=5006","title":{"rendered":"PR\u00c9-ENEM"},"content":{"rendered":"<p><a href=\"http:\/\/www.al.pb.leg.br\/elegispb\/wp-content\/uploads\/2026\/04\/CARD-SITE-7.png\"><img decoding=\"async\" loading=\"lazy\" class=\"alignright wp-image-5010 size-full\" src=\"http:\/\/www.al.pb.leg.br\/elegispb\/wp-content\/uploads\/2026\/04\/CARD-SITE-7.png\" alt=\"\" width=\"1037\" height=\"348\" srcset=\"https:\/\/www.al.pb.leg.br\/elegispb\/wp-content\/uploads\/2026\/04\/CARD-SITE-7.png 1037w, https:\/\/www.al.pb.leg.br\/elegispb\/wp-content\/uploads\/2026\/04\/CARD-SITE-7-300x101.png 300w, https:\/\/www.al.pb.leg.br\/elegispb\/wp-content\/uploads\/2026\/04\/CARD-SITE-7-1024x344.png 1024w, https:\/\/www.al.pb.leg.br\/elegispb\/wp-content\/uploads\/2026\/04\/CARD-SITE-7-768x258.png 768w\" sizes=\"(max-width: 1037px) 100vw, 1037px\" \/><\/a><\/p>\n<p>&nbsp;<\/p>\n<p>&nbsp;<\/p>\n<p>&nbsp;<\/p>\n<p>&nbsp;<\/p>\n<p>&nbsp;<\/p>\n<p>.<\/p>\n<p>ATEN\u00c7\u00c3O ESTUDANTES!<\/p>\n<p>.<\/p>\n<p>A ELEGIS disponibilizou o material em prepara\u00e7\u00e3o ao Pr\u00e9-Enem.<\/p>\n<p>.<\/p>\n<p>Confira agora!<\/p>\n<p>&nbsp;<\/p>\n<p>.<\/p>\n<p>&nbsp;<\/p>\n<p><a href=\"http:\/\/www.al.pb.leg.br\/elegispb\/wp-content\/uploads\/2026\/04\/Caderno-1-2026_merged.pdf\">CADERNO 1<\/a><\/p>\n<p>&nbsp;<\/p>\n<p>.<\/p>\n<p>&nbsp;<\/p>\n<p><a href=\"http:\/\/www.al.pb.leg.br\/elegispb\/wp-content\/uploads\/2026\/04\/Red-ELEGIS-1_merged.pdf\">REDA\u00c7\u00c3O 1<\/a><\/p>\n<p>&nbsp;<\/p>\n<p>.<\/p>\n<p>&nbsp;<\/p>\n<p><a href=\"http:\/\/www.al.pb.leg.br\/elegispb\/wp-content\/uploads\/2026\/04\/TABELA-DE-CORRECAO-2.pdf\">TABELA DE CORRE\u00c7\u00c3O\u00a0<\/a><\/p>\n","protected":false},"excerpt":{"rendered":"<p>&nbsp; &nbsp; &nbsp; &nbsp; &nbsp; . ATEN\u00c7\u00c3O ESTUDANTES! . A ELEGIS disponibilizou o material em prepara\u00e7\u00e3o ao Pr\u00e9-Enem. . Confira agora! &nbsp; . &nbsp; CADERNO 1 &nbsp; . &nbsp; REDA\u00c7\u00c3O 1 &nbsp; . &nbsp; TABELA DE CORRE\u00c7\u00c3O\u00a0<\/p>\n","protected":false},"author":14,"featured_media":0,"parent":0,"menu_order":0,"comment_status":"closed","ping_status":"closed","template":"","meta":[],"_links":{"self":[{"href":"https:\/\/www.al.pb.leg.br\/elegispb\/index.php?rest_route=\/wp\/v2\/pages\/5006"}],"collection":[{"href":"https:\/\/www.al.pb.leg.br\/elegispb\/index.php?rest_route=\/wp\/v2\/pages"}],"about":[{"href":"https:\/\/www.al.pb.leg.br\/elegispb\/index.php?rest_route=\/wp\/v2\/types\/page"}],"author":[{"embeddable":true,"href":"https:\/\/www.al.pb.leg.br\/elegispb\/index.php?rest_route=\/wp\/v2\/users\/14"}],"replies":[{"embeddable":true,"href":"https:\/\/www.al.pb.leg.br\/elegispb\/index.php?rest_route=%2Fwp%2Fv2%2Fcomments&post=5006"}],"version-history":[{"count":5,"href":"https:\/\/www.al.pb.leg.br\/elegispb\/index.php?rest_route=\/wp\/v2\/pages\/5006\/revisions"}],"predecessor-version":[{"id":5015,"href":"https:\/\/www.al.pb.leg.br\/elegispb\/index.php?rest_route=\/wp\/v2\/pages\/5006\/revisions\/5015"}],"wp:attachment":[{"href":"https:\/\/www.al.pb.leg.br\/elegispb\/index.php?rest_route=%2Fwp%2Fv2%2Fmedia&parent=5006"}],"curies":[{"name":"wp","href":"https:\/\/api.w.org\/{rel}","templated":true}]}}