{"id":4945,"date":"2026-03-10T19:16:09","date_gmt":"2026-03-10T22:16:09","guid":{"rendered":"https:\/\/www.al.pb.leg.br\/elegispb\/?page_id=4945"},"modified":"2026-03-11T16:24:34","modified_gmt":"2026-03-11T19:24:34","slug":"4945-2","status":"publish","type":"page","link":"https:\/\/www.al.pb.leg.br\/elegispb\/?page_id=4945","title":{"rendered":""},"content":{"rendered":"<p><a href=\"http:\/\/www.al.pb.leg.br\/elegispb\/wp-content\/uploads\/2026\/03\/CARD-SITE-3.png\"><img decoding=\"async\" loading=\"lazy\" class=\"wp-image-4947 size-large aligncenter\" src=\"http:\/\/www.al.pb.leg.br\/elegispb\/wp-content\/uploads\/2026\/03\/CARD-SITE-3-1024x344.png\" alt=\"\" width=\"1024\" height=\"344\" srcset=\"https:\/\/www.al.pb.leg.br\/elegispb\/wp-content\/uploads\/2026\/03\/CARD-SITE-3-1024x344.png 1024w, https:\/\/www.al.pb.leg.br\/elegispb\/wp-content\/uploads\/2026\/03\/CARD-SITE-3-300x101.png 300w, https:\/\/www.al.pb.leg.br\/elegispb\/wp-content\/uploads\/2026\/03\/CARD-SITE-3-768x258.png 768w, https:\/\/www.al.pb.leg.br\/elegispb\/wp-content\/uploads\/2026\/03\/CARD-SITE-3.png 1037w\" sizes=\"(max-width: 1024px) 100vw, 1024px\" \/><\/a><\/p>\n<p>&nbsp;<\/p>\n<p>&nbsp;<\/p>\n<p>.<\/p>\n<p>&nbsp;<\/p>\n<p><strong><a href=\"http:\/\/www.al.pb.leg.br\/elegispb\/wp-content\/uploads\/2026\/03\/ASDF.jpg\"><img decoding=\"async\" loading=\"lazy\" class=\"size-medium wp-image-4958 alignleft\" src=\"http:\/\/www.al.pb.leg.br\/elegispb\/wp-content\/uploads\/2026\/03\/ASDF-209x300.jpg\" alt=\"\" width=\"209\" height=\"300\" srcset=\"https:\/\/www.al.pb.leg.br\/elegispb\/wp-content\/uploads\/2026\/03\/ASDF-209x300.jpg 209w, https:\/\/www.al.pb.leg.br\/elegispb\/wp-content\/uploads\/2026\/03\/ASDF.jpg 368w\" sizes=\"(max-width: 209px) 100vw, 209px\" \/><\/a><\/strong><\/p>\n<p><strong>AGENDA 2030 EM MI\u00daDOS<\/strong><\/p>\n<p><span style=\"color: #ffffff;\">.<\/span><\/p>\n<p>Os Objetivos de Desenvolvimento Sustent\u00e1vel (ODS) foram traduzidos em formas e cores com o prop\u00f3sito de apresentar \u00e0s novas gera\u00e7\u00f5es o pacto global firmado por mais de 190 pa\u00edses, incluindo o Brasil. Esse pacto busca enfrentar os principais desafios contempor\u00e2neos, como pobreza, desigualdade, mudan\u00e7as clim\u00e1ticas, fome, viol\u00eancia e o acesso \u00e0 educa\u00e7\u00e3o e \u00e0 sa\u00fade.<\/p>\n<p><span style=\"color: #ffffff;\">.<\/span><\/p>\n<p><strong><a href=\"http:\/\/www.al.pb.leg.br\/elegispb\/wp-content\/uploads\/2026\/03\/Agenda_2030_miudos.pdf\">ACESSE AQUI<\/a><\/strong><\/p>\n<p>&nbsp;<\/p>\n<p>&nbsp;<\/p>\n<p><span style=\"color: #ffffff;\">.<\/span><\/p>\n<p>&nbsp;<\/p>\n<p><strong><a href=\"http:\/\/www.al.pb.leg.br\/elegispb\/wp-content\/uploads\/2026\/03\/ASDF1.jpg\"><img decoding=\"async\" loading=\"lazy\" class=\"alignright size-medium wp-image-4961\" src=\"http:\/\/www.al.pb.leg.br\/elegispb\/wp-content\/uploads\/2026\/03\/ASDF1-209x300.jpg\" alt=\"\" width=\"209\" height=\"300\" srcset=\"https:\/\/www.al.pb.leg.br\/elegispb\/wp-content\/uploads\/2026\/03\/ASDF1-209x300.jpg 209w, https:\/\/www.al.pb.leg.br\/elegispb\/wp-content\/uploads\/2026\/03\/ASDF1.jpg 375w\" sizes=\"(max-width: 209px) 100vw, 209px\" \/><\/a><\/strong><\/p>\n<p>&nbsp;<\/p>\n<p>&nbsp;<\/p>\n<p><strong>CONSTITUI\u00c7\u00c3O EM MI\u00daDOS<\/strong><\/p>\n<p><span style=\"color: #ffffff;\">.<\/span><\/p>\n<p>A obra adaptou a Constitui\u00e7\u00e3o Federal de modo a torn\u00e1-la mais did\u00e1tica e facilmente compreens\u00edvel, com finalidade no desenvolvimento do conhecimento necess\u00e1rio para as crian\u00e7as e adolescentes viverem plenamente a cidadania<\/p>\n<p><span style=\"color: #ffffff;\">.<\/span><\/p>\n<p><strong><a href=\"http:\/\/www.al.pb.leg.br\/elegispb\/wp-content\/uploads\/2026\/03\/001045274_Constituicao_em_miudos.pdf\">ACESSE AQUI<\/a><\/strong><\/p>\n<p>&nbsp;<\/p>\n<p>&nbsp;<\/p>\n<p><span style=\"color: #ffffff;\">.<\/span><\/p>\n<p><span style=\"color: #ffffff;\">.<\/span><br \/>\n<strong><br \/>\n<a href=\"http:\/\/www.al.pb.leg.br\/elegispb\/wp-content\/uploads\/2026\/03\/5ASDFG5.jpg\"><img decoding=\"async\" loading=\"lazy\" class=\"size-medium wp-image-4965 alignleft\" src=\"http:\/\/www.al.pb.leg.br\/elegispb\/wp-content\/uploads\/2026\/03\/5ASDFG5-211x300.jpg\" alt=\"\" width=\"211\" height=\"300\" srcset=\"https:\/\/www.al.pb.leg.br\/elegispb\/wp-content\/uploads\/2026\/03\/5ASDFG5-211x300.jpg 211w, https:\/\/www.al.pb.leg.br\/elegispb\/wp-content\/uploads\/2026\/03\/5ASDFG5.jpg 371w\" sizes=\"(max-width: 211px) 100vw, 211px\" \/><\/a><\/strong><\/p>\n<p>&nbsp;<\/p>\n<p><strong>CONSTITUI\u00c7\u00c3O EM MI\u00daDOS<\/strong><\/p>\n<p><span style=\"color: #ffffff;\">.<\/span><br \/>\nEssa \u00e9 a segunda vers\u00e3o da publica\u00e7\u00e3o voltada ao entendimento da Constitui\u00e7\u00e3o Federal por crian\u00e7as e adolescentes em linguagem f\u00e1cil e acess\u00edvel os principais conceitos da Constitui\u00e7\u00e3o Federal.<\/p>\n<p><span style=\"color: #ffffff;\">.<\/span><\/p>\n<p><strong><a href=\"http:\/\/www.al.pb.leg.br\/elegispb\/wp-content\/uploads\/2026\/03\/Constituicao_em_Miudos_2-1.pdf\">ACESSE AQUI<\/a><\/strong><\/p>\n<p>&nbsp;<\/p>\n<p>&nbsp;<\/p>\n<p>&nbsp;<\/p>\n<p>&nbsp;<\/p>\n<p><span style=\"color: #ffffff;\">.<\/span><\/p>\n<p><span style=\"color: #ffffff;\">.<\/span><\/p>\n<p><strong><a href=\"http:\/\/www.al.pb.leg.br\/elegispb\/wp-content\/uploads\/2026\/03\/ASDVB.jpg\"><img decoding=\"async\" loading=\"lazy\" class=\"alignright size-medium wp-image-4969\" src=\"http:\/\/www.al.pb.leg.br\/elegispb\/wp-content\/uploads\/2026\/03\/ASDVB-221x300.jpg\" alt=\"\" width=\"221\" height=\"300\" srcset=\"https:\/\/www.al.pb.leg.br\/elegispb\/wp-content\/uploads\/2026\/03\/ASDVB-221x300.jpg 221w, https:\/\/www.al.pb.leg.br\/elegispb\/wp-content\/uploads\/2026\/03\/ASDVB.jpg 424w\" sizes=\"(max-width: 221px) 100vw, 221px\" \/><\/a><\/strong><\/p>\n<p>&nbsp;<\/p>\n<p>&nbsp;<\/p>\n<p><strong>LEI MARIA DA PENHA <\/strong><\/p>\n<p>&nbsp;<\/p>\n<p>Estabelece as formas da viol\u00eancia dom\u00e9stica contra a mulher como f\u00edsica, psicol\u00f3gica, sexual, patrimonial e moral.<\/p>\n<p>&nbsp;<\/p>\n<p><span style=\"color: #ffffff;\">.<\/span><\/p>\n<p><strong><a href=\"http:\/\/www.al.pb.leg.br\/elegispb\/wp-content\/uploads\/2026\/03\/cartilha-lei-maria-da-penha-2022.pdf\">ACESSE AQUI<\/a><\/strong><\/p>\n<p>&nbsp;<\/p>\n<p>&nbsp;<\/p>\n<p>&nbsp;<\/p>\n<p><span style=\"color: #ffffff;\">.<\/span><\/p>\n<p><strong><a href=\"http:\/\/www.al.pb.leg.br\/elegispb\/wp-content\/uploads\/2026\/03\/SDFVBN.jpg\"><img decoding=\"async\" loading=\"lazy\" class=\"size-medium wp-image-4973 alignleft\" src=\"http:\/\/www.al.pb.leg.br\/elegispb\/wp-content\/uploads\/2026\/03\/SDFVBN-222x300.jpg\" alt=\"\" width=\"222\" height=\"300\" srcset=\"https:\/\/www.al.pb.leg.br\/elegispb\/wp-content\/uploads\/2026\/03\/SDFVBN-222x300.jpg 222w, https:\/\/www.al.pb.leg.br\/elegispb\/wp-content\/uploads\/2026\/03\/SDFVBN.jpg 422w\" sizes=\"(max-width: 222px) 100vw, 222px\" \/><\/a><\/strong><\/p>\n<p>&nbsp;<\/p>\n<p>&nbsp;<\/p>\n<p><strong>ESTATUTO DA IGUALDADE RACIAL<\/strong><\/p>\n<p><span style=\"color: #ffffff;\">.<br \/>\n<\/span>.<\/p>\n<p>Estatuto da Igualdade Racial, para combater a discrimina\u00e7\u00e3o racial e as desigualdades raciais que atingem os afro-brasileiros, incluindo a dimens\u00e3o racial nas pol\u00edticas p\u00fablicas desenvolvidas pelo Estado.<\/p>\n<p><span style=\"color: #ffffff;\">.<\/span><\/p>\n<p><strong><a href=\"http:\/\/www.al.pb.leg.br\/elegispb\/wp-content\/uploads\/2026\/03\/000898128.pdf\">ACESSE AQUI<\/a><\/strong><\/p>\n<p>&nbsp;<\/p>\n<p>&nbsp;<\/p>\n<p><span style=\"color: #ffffff;\">.<\/span><\/p>\n<p><span style=\"color: #ffffff;\">.<\/span><\/p>\n<p><a href=\"http:\/\/www.al.pb.leg.br\/elegispb\/wp-content\/uploads\/2026\/03\/AASDVFBGN.jpg\"><img decoding=\"async\" loading=\"lazy\" class=\"alignright size-medium wp-image-4977\" src=\"http:\/\/www.al.pb.leg.br\/elegispb\/wp-content\/uploads\/2026\/03\/AASDVFBGN-196x300.jpg\" alt=\"\" width=\"196\" height=\"300\" srcset=\"https:\/\/www.al.pb.leg.br\/elegispb\/wp-content\/uploads\/2026\/03\/AASDVFBGN-196x300.jpg 196w, https:\/\/www.al.pb.leg.br\/elegispb\/wp-content\/uploads\/2026\/03\/AASDVFBGN.jpg 353w\" sizes=\"(max-width: 196px) 100vw, 196px\" \/><\/a><\/p>\n<p>&nbsp;<\/p>\n<p>&nbsp;<\/p>\n<p><strong>C\u00d3DIGO DE DEFESA DO CONSUMIDOR<br \/>\n<\/strong><br \/>\n<span style=\"color: #ffffff;\">.<\/span><\/p>\n<p>O\u00a0C\u00f3digo de Defesa do Consumidor\u00a0\u00e9 um conjunto de normas que regulam as rela\u00e7\u00f5es de consumo, protegendo o consumidor<\/p>\n<p><span style=\"color: #ffffff;\">.<\/span><\/p>\n<p><strong><a href=\"http:\/\/www.al.pb.leg.br\/elegispb\/wp-content\/uploads\/2026\/03\/20172559-cartilha-do-consumidor-mj.pdf\">ACESSE AQUI<\/a><\/strong><\/p>\n<p>&nbsp;<\/p>\n<p>&nbsp;<\/p>\n<p>&nbsp;<\/p>\n<p>&nbsp;<\/p>\n<p>&nbsp;<\/p>\n<p>.<\/p>\n<p>&nbsp;<\/p>\n<p><strong><a href=\"http:\/\/www.al.pb.leg.br\/elegispb\/wp-content\/uploads\/2026\/03\/images-1.jpg\"><img decoding=\"async\" loading=\"lazy\" class=\"size-full wp-image-4983 alignleft\" src=\"http:\/\/www.al.pb.leg.br\/elegispb\/wp-content\/uploads\/2026\/03\/images-1.jpg\" alt=\"\" width=\"175\" height=\"288\" \/><\/a><br \/>\nESTATUTO DA CRIAN\u00c7A E ADOLESCENTE\u00a0<\/strong><\/p>\n<p><span style=\"color: #ffffff;\">.<\/span><\/p>\n<p>O ECA surgiu da consci\u00eancia de que as crian\u00e7as e adolescentes merecem prote\u00e7\u00e3o integral, isto \u00e9, condi\u00e7\u00f5es completas para seu bom desenvolvimento. \u00c9 um conjunto de regras que estabelecem os direitos dos menores \u00e0 vida, sa\u00fade, conviv\u00eancia familiar, educa\u00e7\u00e3o\u2026 e tamb\u00e9m seus deveres dentro da sociedade.<\/p>\n<p>.<\/p>\n<p><strong><a href=\"http:\/\/www.al.pb.leg.br\/elegispb\/wp-content\/uploads\/2026\/03\/ECA_2015_150dpi.pdf\">ACESSE AQUI<\/a><\/strong><\/p>\n<p>.<\/p>\n<p>&nbsp;<\/p>\n<p>&nbsp;<\/p>\n<p><span style=\"color: #ffffff;\">.<\/span><\/p>\n<p><span style=\"color: #ffffff;\">.<\/span><\/p>\n<p><strong><a href=\"http:\/\/www.al.pb.leg.br\/elegispb\/wp-content\/uploads\/2026\/03\/SDFGNM.jpg\"><img decoding=\"async\" loading=\"lazy\" class=\"alignright size-medium wp-image-4986\" src=\"http:\/\/www.al.pb.leg.br\/elegispb\/wp-content\/uploads\/2026\/03\/SDFGNM-228x300.jpg\" alt=\"\" width=\"228\" height=\"300\" srcset=\"https:\/\/www.al.pb.leg.br\/elegispb\/wp-content\/uploads\/2026\/03\/SDFGNM-228x300.jpg 228w, https:\/\/www.al.pb.leg.br\/elegispb\/wp-content\/uploads\/2026\/03\/SDFGNM.jpg 376w\" sizes=\"(max-width: 228px) 100vw, 228px\" \/><\/a><\/strong><\/p>\n<p>&nbsp;<\/p>\n<p><strong>LETRAMENTO E PR\u00c1TICA POL\u00cdTICO CIDAD\u00c3<\/strong><\/p>\n<p>.<\/p>\n<p>O livro \u201cConstitui\u00e7\u00e3o em Mi\u00fados I\u201d foi utilizado como ferramenta did\u00e1tica para ensinar a Constitui\u00e7\u00e3o Federal a alunos do 9\u00ba ano, com o objetivo de tornar as aulas de leitura mais significativas e estimular o letramento cr\u00edtico e a pr\u00e1tica pol\u00edtico-cidad\u00e3. Por meio de uma linguagem clara e acess\u00edvel, aliada a recursos variados, a proposta buscou fortalecer o engajamento dos jovens, preparando-os para compreender melhor seus direitos e responsabilidades e atuar como agentes de transforma\u00e7\u00e3o em sua comunidade.<\/p>\n<p>.<\/p>\n<p><strong><a href=\"http:\/\/www.al.pb.leg.br\/elegispb\/wp-content\/uploads\/2026\/03\/CLECIANE_SANTOS_ALVES-Caderno.pdf\">ACESSE AQUI<\/a><\/strong><\/p>\n<p>&nbsp;<\/p>\n<p>&nbsp;<\/p>\n<p>&nbsp;<\/p>\n<p>&nbsp;<\/p>\n<p><strong><a href=\"http:\/\/www.al.pb.leg.br\/elegispb\/wp-content\/uploads\/2026\/03\/aszdxfcgvhjkl.jpg\"><img decoding=\"async\" loading=\"lazy\" class=\"size-medium wp-image-4992 alignleft\" src=\"http:\/\/www.al.pb.leg.br\/elegispb\/wp-content\/uploads\/2026\/03\/aszdxfcgvhjkl-229x300.jpg\" alt=\"\" width=\"229\" height=\"300\" srcset=\"https:\/\/www.al.pb.leg.br\/elegispb\/wp-content\/uploads\/2026\/03\/aszdxfcgvhjkl-229x300.jpg 229w, https:\/\/www.al.pb.leg.br\/elegispb\/wp-content\/uploads\/2026\/03\/aszdxfcgvhjkl.jpg 417w\" sizes=\"(max-width: 229px) 100vw, 229px\" \/><\/a><\/strong><\/p>\n<p>&nbsp;<\/p>\n<p><strong>ESTATUTO DA PESSOA COM DEFIC\u00caNCIA<\/strong><\/p>\n<p>.<\/p>\n<p>Em forma de hist\u00f3ria em quadrinhos, o livro explica a Lei Brasileira de Inclus\u00e3o (Lei 13.146\/2015), conhecida tamb\u00e9m como Estatuto da Pessoa com Defici\u00eancia ou Estatuto da PCD. Com ricas ilustra\u00e7\u00f5es e textos escritos em linguagem simples e divertida, a obra, mais uma da s\u00e9rie Em Mi\u00fados, apresenta os principais pontos do Estatuto da PCD.<\/p>\n<p>.<br \/>\n<strong><a href=\"http:\/\/www.al.pb.leg.br\/elegispb\/wp-content\/uploads\/2026\/03\/001042393.pdf\">ACESSE AQUI<\/a><\/strong><\/p>\n<p>&nbsp;<\/p>\n<p>&nbsp;<\/p>\n<p>&nbsp;<\/p>\n<p>.<\/p>\n<p>&nbsp;<\/p>\n<p>.<\/p>\n<p><strong><a href=\"http:\/\/www.al.pb.leg.br\/elegispb\/wp-content\/uploads\/2026\/03\/2132r4wretfhgnmn.jpg\"><img decoding=\"async\" loading=\"lazy\" class=\"alignright size-medium wp-image-4994\" src=\"http:\/\/www.al.pb.leg.br\/elegispb\/wp-content\/uploads\/2026\/03\/2132r4wretfhgnmn-223x300.jpg\" alt=\"\" width=\"223\" height=\"300\" srcset=\"https:\/\/www.al.pb.leg.br\/elegispb\/wp-content\/uploads\/2026\/03\/2132r4wretfhgnmn-223x300.jpg 223w, https:\/\/www.al.pb.leg.br\/elegispb\/wp-content\/uploads\/2026\/03\/2132r4wretfhgnmn.jpg 378w\" sizes=\"(max-width: 223px) 100vw, 223px\" \/><\/a>CARTILHA DE ORIENTA\u00c7\u00c3O \u00c0 ODS<\/strong><\/p>\n<p>.<\/p>\n<p>O principal objetivo dessa Cartilha, \u00e9 orientar os parlamentares e assessores no passo a passo da vincula\u00e7\u00e3o de suas proposituras aos 17 Objetivos de Desenvolvimento Sustent\u00e1vel (ODS). Com essa iniciativa, esperamos estar dando mais visibilidade \u00e0s atividades parlamentares da casa, ao mesmo tempo em que estamos colaborando com a Agenda Global, sob o tema \u201cTRANSFORMANDO NOSSO MUNDO\u201d.<\/p>\n<p><strong>.<\/strong><\/p>\n<p><a href=\"http:\/\/www.al.pb.leg.br\/elegispb\/wp-content\/uploads\/2026\/03\/Cartilha_A4_OK_NOVA_PDF-1.pdf\">ACESSE AQUI<\/a><\/p>\n","protected":false},"excerpt":{"rendered":"<p>&nbsp; &nbsp; . &nbsp; AGENDA 2030 EM MI\u00daDOS . Os Objetivos de Desenvolvimento Sustent\u00e1vel (ODS) foram traduzidos em formas e cores com o prop\u00f3sito de apresentar \u00e0s novas gera\u00e7\u00f5es o pacto global firmado por mais de 190 pa\u00edses, incluindo o Brasil. Esse pacto busca enfrentar os principais desafios contempor\u00e2neos, como pobreza, desigualdade, mudan\u00e7as clim\u00e1ticas, fome, [&hellip;]<\/p>\n","protected":false},"author":14,"featured_media":0,"parent":0,"menu_order":0,"comment_status":"closed","ping_status":"closed","template":"","meta":[],"_links":{"self":[{"href":"https:\/\/www.al.pb.leg.br\/elegispb\/index.php?rest_route=\/wp\/v2\/pages\/4945"}],"collection":[{"href":"https:\/\/www.al.pb.leg.br\/elegispb\/index.php?rest_route=\/wp\/v2\/pages"}],"about":[{"href":"https:\/\/www.al.pb.leg.br\/elegispb\/index.php?rest_route=\/wp\/v2\/types\/page"}],"author":[{"embeddable":true,"href":"https:\/\/www.al.pb.leg.br\/elegispb\/index.php?rest_route=\/wp\/v2\/users\/14"}],"replies":[{"embeddable":true,"href":"https:\/\/www.al.pb.leg.br\/elegispb\/index.php?rest_route=%2Fwp%2Fv2%2Fcomments&post=4945"}],"version-history":[{"count":25,"href":"https:\/\/www.al.pb.leg.br\/elegispb\/index.php?rest_route=\/wp\/v2\/pages\/4945\/revisions"}],"predecessor-version":[{"id":4997,"href":"https:\/\/www.al.pb.leg.br\/elegispb\/index.php?rest_route=\/wp\/v2\/pages\/4945\/revisions\/4997"}],"wp:attachment":[{"href":"https:\/\/www.al.pb.leg.br\/elegispb\/index.php?rest_route=%2Fwp%2Fv2%2Fmedia&parent=4945"}],"curies":[{"name":"wp","href":"https:\/\/api.w.org\/{rel}","templated":true}]}}