{"id":1768,"date":"2013-07-29T18:10:04","date_gmt":"2013-07-29T18:10:04","guid":{"rendered":"http:\/\/www.al.pb.leg.br\/elegispb\/?page_id=1768"},"modified":"2026-03-10T16:38:05","modified_gmt":"2026-03-10T19:38:05","slug":"1768-2","status":"publish","type":"page","link":"https:\/\/www.al.pb.leg.br\/elegispb\/?page_id=1768","title":{"rendered":""},"content":{"rendered":"<p style=\"text-align: center;\"><a href=\"http:\/\/www.al.pb.leg.br\/elegispb\/wp-content\/uploads\/2026\/03\/CARD-SITE-1.png\"><img decoding=\"async\" loading=\"lazy\" class=\"alignright wp-image-4928 size-full\" title=\"Links de Interesse\" src=\"http:\/\/www.al.pb.leg.br\/elegispb\/wp-content\/uploads\/2026\/03\/CARD-SITE-1.png\" alt=\"\" width=\"1037\" height=\"348\" srcset=\"https:\/\/www.al.pb.leg.br\/elegispb\/wp-content\/uploads\/2026\/03\/CARD-SITE-1.png 1037w, https:\/\/www.al.pb.leg.br\/elegispb\/wp-content\/uploads\/2026\/03\/CARD-SITE-1-300x101.png 300w, https:\/\/www.al.pb.leg.br\/elegispb\/wp-content\/uploads\/2026\/03\/CARD-SITE-1-1024x344.png 1024w, https:\/\/www.al.pb.leg.br\/elegispb\/wp-content\/uploads\/2026\/03\/CARD-SITE-1-768x258.png 768w\" sizes=\"(max-width: 1037px) 100vw, 1037px\" \/><\/a><\/p>\n<ul>\n<li>\n<ul>\n<li><strong><a href=\"http:\/\/www.ambitojuridico.com.br\/site\/\" target=\"_blank\" rel=\"noopener\">AMBITO JUR\u00cdDICO: PORTAL JUR\u00cdDICO<\/a><\/strong><\/li>\n<li><strong><a href=\"www.anpocs.org.br\" target=\"_blank\" rel=\"noopener\">ANPOCS \u2013 PORTAL DAS CI\u00caNCIAS SOCIAIS BRASILEIRAS<\/a><\/strong><\/li>\n<li><strong><a href=\"http:\/\/artigo19.org\/\" target=\"_blank\" rel=\"noopener\">ARTIGO 19<\/a><\/strong><\/li>\n<li><strong><a href=\"http:\/\/www.portalabel.org.br\/\" target=\"_blank\" rel=\"noopener\">ASSOCIA\u00c7\u00c3O BRASILEIRA DAS ESCOLAS DO LEGISLATIVO E CONTAS &#8211; ABEL<\/a><\/strong><\/li>\n<li><strong><a href=\"http:\/\/www.cienciapolitica.org.br\/\" target=\"_blank\" rel=\"noopener\">ASSOCIA\u00c7\u00c3O BRASILEIRA DE CI\u00caNCIA POL\u00cdTICA<\/a><\/strong><\/li>\n<li><strong><a href=\"www.centrocienciapolitica.org.br\" target=\"_blank\" rel=\"noopener\">ASSOCIA\u00c7\u00c3O BRASILEIRA DE CI\u00caNCIA POL\u00cdTICA \u2013 ABCP<\/a><\/strong><\/li>\n<li><strong><a href=\"http:\/\/www.ajd.org.br\/\" target=\"_blank\" rel=\"noopener\">ASSOCIA\u00c7\u00c3O JU\u00edZES PELA DEMOCRACIA<\/a><\/strong><\/li>\n<li><strong><a href=\"www.anpuh.org.br\" target=\"_blank\" rel=\"noopener\">ASSOCIA\u00c7\u00c3O NACIONAL DE HIST\u00d3RIA &#8211; APUH<\/a><\/strong><\/li>\n<li><strong><a href=\"http:\/\/www.dominiopublico.gov.br\/pesquisa\/PesquisaObraForm.jsp\" target=\"_blank\" rel=\"noopener\">BIBLIOTECA DIGITAL DO MEC: DOM\u00cdNIO P\u00daBLICO<\/a><\/strong><\/li>\n<li><strong><a href=\"http:\/\/www.amarribo.org.br\/\" target=\"_blank\" rel=\"noopener\">BRASIL CONTRA CORRUP\u00c7\u00c3O:\u00a0<\/a><a href=\"http:\/\/www.amarribo.org.br\/\" target=\"_blank\" rel=\"noopener\">AMARRIBO<\/a><\/strong><\/li>\n<li><strong><a href=\"http:\/\/www2.camara.leg.br\/\" target=\"_blank\" rel=\"noopener\">C\u00c2MARA DOS DEPUTADOS<\/a><\/strong><\/li>\n<li><strong><a href=\"http:\/\/www.centroestudoslegislativos.com.br\/\" target=\"_blank\" rel=\"noopener\">CENTRO DE ESTUDOS LEGISLATIVOS &#8211; CEL<\/a><\/strong><strong>\u00a0<\/strong><strong>\u00a0 \u00a0 \u00a0 \u00a0 \u00a0\u00a0<\/strong><\/li>\n<li><a href=\"www.ccj.ufpb.br\" target=\"_blank\" rel=\"noopener\"><strong>CENTRO DE REFER\u00caNCIA EM DIREITOS HUMANOS DA UNIVERSIDADE FEDERAL DA PARA\u00cdBA \u2013 CDRH\/UFPB<\/strong><cite><\/cite><\/a><\/li>\n<li><strong><a href=\"http:\/\/cidadaniaedemocracia.com\/\" target=\"_blank\" rel=\"noopener\">CIDADANIA E DEMOCRACIA \u2013 Andr\u00e9 Leandro Barbi de Souza<\/a><\/strong><\/li>\n<li><strong><a href=\"http:\/\/www.interlegis.leg.br\/\" target=\"_blank\" rel=\"noopener\">COMUNIDADE VIRTUAL DO PODER LEGISLATIVO &#8211; INTERLEGIS<\/a><\/strong><\/li>\n<li><strong><a href=\"http:\/\/congressoemfoco.uol.com.br\/\" target=\"_blank\" rel=\"noopener\">CONGRESSO EM FOCO<\/a><\/strong><\/li>\n<li><strong><a href=\"www.conpedi.org.br\" target=\"_blank\" rel=\"noopener\">CONPEDI \u2013 CONSELHO NACIONAL DE PESQUISA E P\u00d3S-GRADUA\u00c7\u00c3O EM DIREITO<\/a><\/strong><\/li>\n<li><strong><a href=\"http:\/\/www.cgu.gov.br\/\" target=\"_blank\" rel=\"noopener\">CONTROLADORIA GERAL DA UNI\u00c3O<\/a><\/strong><\/li>\n<li><strong><a href=\"http:\/\/www.diap.org.br\/\" target=\"_blank\" rel=\"noopener\">DEPARTAMENTO INTERSINDICAL DE ASSESSORIA PARLAMENTAR &#8211; DIAP<\/a><\/strong><\/li>\n<li><strong><a href=\"http:\/\/www.direitodoestado.com.br\/\" target=\"_blank\" rel=\"noopener\">DIREITO DO ESTADO: PORTAL JUR\u00cdDICO<\/a><\/strong><\/li>\n<li><strong><a href=\"http:\/\/www.fafich.ufmg.br\/\" target=\"_blank\" rel=\"noopener\">FACULDADE DE FILOSOFIA E CI\u00caNCIAS HUMANAS \u2013 FAFICH \/ UFMG<\/a><\/strong><\/li>\n<li><strong><a href=\"http:\/\/www.guiadedireitos.org\/\" target=\"_blank\" rel=\"noopener\">GUIA DE DIREITOS<\/a><\/strong><\/li>\n<li><strong><a href=\"http:\/\/www.polis.org.br\/\" target=\"_blank\" rel=\"noopener\">INSTITUTO DE ESTUDOS, FORMA\u00c7\u00c3O E ASSESSORIA EM POL\u00cdTICAS SOCIAIS &#8211; POLIS<\/a><\/strong><\/li>\n<li><strong><a href=\"http:\/\/www12.senado.gov.br\/senado\/ilb#\" target=\"_blank\" rel=\"noopener\">INSTITUTO LEGISLATIVO BRASILEIRO &#8211; ILB<\/a><\/strong><\/li>\n<li><strong><a href=\"www.polis.org.br\" target=\"_blank\" rel=\"noopener\">INSTITUTO POLIS<\/a><\/strong><\/li>\n<li><strong><a href=\"www.interlegis.leg.br\" target=\"_blank\" rel=\"noopener\">INTERLEGIS \u2013 O LEGISLATIVO MODERNO E INTEGRADO<\/a><\/strong><\/li>\n<li><strong><a href=\"www.ipea.gov.br\" target=\"_blank\" rel=\"noopener\">IPEA \u2013 INSTITUTO DE PESQUISA ECON\u00d4MICA APLICADA<\/a><\/strong><\/li>\n<li><strong><a href=\"http:\/\/jus.com.br\/\" target=\"_blank\" rel=\"noopener\">JUS NAVIGANDI: PORTAL JUR\u00cdDICO<\/a><\/strong><\/li>\n<li><strong><a href=\"www.ccj.ufpb.br\/nepgd\" target=\"_blank\" rel=\"noopener\">NEPED \u2013 N\u00daCLEO DE ESTUDOS E PESQUISA SOBRE G\u00caNERO E DIREITO DA UFPB<\/a><\/strong><\/li>\n<li><strong><a href=\"www.ncdh.ufpb.gov.br\" target=\"_blank\" rel=\"noopener\">N\u00daCLEO DE CIDADANIA E DIREITOS HUMANOS (NCDH) DA UNIVERSIDADE FEDERAL DA PARA\u00cdBA (UFPB)<\/a><\/strong><\/li>\n<li><strong><a href=\"http:\/\/necon.iesp.uerj.br\/\" target=\"_blank\" rel=\"noopener\">N\u00daCLEO DE ESTUDOS SOBRE O CONGRESSO<\/a><\/strong><\/li>\n<li><strong><a href=\"www.observatoriodasmetropoles.net\" target=\"_blank\" rel=\"noopener\">OBSERVAT\u00d3RIO DAS METR\u00d3POLES<\/a><\/strong><\/li>\n<li><strong><a href=\"http:\/\/www.obscriancaeadolescente.gov.br\/\" target=\"_blank\" rel=\"noopener\">OBSERVAT\u00d3RIO NACIONAL DOS DIREITOS DA CRIAN\u00c7A E DO ADOLESCENTE<\/a><\/strong><\/li>\n<li><strong><a href=\"http:\/\/www.osconstitucionalistas.com.br\/\" target=\"_blank\" rel=\"noopener\">OS CONSTITUCIONALISTAS: BLOG DE DIREITO CONSTITUCIONAL<\/a><\/strong><\/li>\n<li><strong><a href=\"http:\/\/dados.gov.br\/\" target=\"_blank\" rel=\"noopener\">PORTAL BRASILEIRO DE DADOS ABERTOS<\/a><\/strong><\/li>\n<li><strong><a href=\"http:\/\/www.portaldatransparencia.gov.br\/\" target=\"_blank\" rel=\"noopener\">PORTAL DA TRANSPAR\u00caNCIA<\/a><\/strong><\/li>\n<li><strong><a href=\"http:\/\/portal.anpocs.org\/portal\/\" target=\"_blank\" rel=\"noopener\">PORTAL DAS CI\u00caNCIAS SOCIAIS BRASILEIRAS<\/a><\/strong><\/li>\n<li><strong><a href=\"http:\/\/www.portaldoconsumidor.gov.br\/index.asp\" target=\"_blank\" rel=\"noopener\">PORTAL DO CONSUMIDOR<\/a><\/strong><\/li>\n<li><strong><a href=\"http:\/\/www12.senado.gov.br\/ecidadania#\" target=\"_blank\" rel=\"noopener\">PORTAL E-CIDADANIA DO SENADO FEDERAL<\/a><\/strong><\/li>\n<li><strong><a href=\"http:\/\/edemocracia.camara.gov.br\/\" target=\"_blank\" rel=\"noopener\">PORTAL E-DEMOCRACIA DA C\u00c2MARA DOS DEPUTADOS<\/a><\/strong><\/li>\n<li><strong><a href=\"http:\/\/www.lexml.gov.br\/\" target=\"_blank\" rel=\"noopener\">REDE DE INFORMA\u00c7\u00c3O LEGISLATIVA E JUR\u00cdDICA &#8211; LEXML<\/a><\/strong><\/li>\n<li><strong><a href=\"www.sebrae.com.br\" target=\"_blank\" rel=\"noopener\">SEBRAE \u2013 SERVI\u00c7O BRASILEIRO DE APOIO \u00c0S M\u00c9DIAS E PEQUENAS EMPRESAS<\/a><\/strong><\/li>\n<li><strong><a href=\"http:\/\/www.sedh.gov.br\/\" target=\"_blank\" rel=\"noopener\">SECRETARIA DE DIREITOS HUMANOS DA PRESID\u00caNCIA DA REP\u00daBLICA<\/a><\/strong><\/li>\n<li><strong><a href=\"http:\/\/www.senado.gov.br\/\" target=\"_blank\" rel=\"noopener\">SENADO FEDERAL<\/a><\/strong><\/li>\n<li><strong><a href=\"http:\/\/www.sbdp.org.br\/\" target=\"_blank\" rel=\"noopener\">SOCIEDADE BRASILEIRA DE DIREITO P\u00daBLICO (SBDP)<\/a><\/strong><\/li>\n<li><strong><a href=\"www.stj.jus.br\" target=\"_blank\" rel=\"noopener\">SUPERIOR TRIBUNAL DE JUSTI\u00c7A (STJ)<\/a><\/strong><\/li>\n<li><strong><a href=\"http:\/\/www.stf.jus.br\/portal\/principal\/principal.asp\" target=\"_blank\" rel=\"noopener\">SUPREMO TRIBUNAL FEDERAL<\/a><\/strong><\/li>\n<li><strong><a href=\"http:\/\/www.transparenciabrasil.org.br\/\" target=\"_blank\" rel=\"noopener\">TRANSPAR\u00caNCIA BRASIL<\/a><\/strong><\/li>\n<li><strong><a href=\"http:\/\/www.unale.org.br\/\" target=\"_blank\" rel=\"noopener\">UNI\u00c3O NACIONAL DOS LEGISLADORES E LEGISLATIVOS ESTADUAIS \u2013 UNALE<\/a><\/strong><\/li>\n<li><strong><a href=\"http:\/\/www12.senado.gov.br\/senado\/ilb\/educacao-superior\/institucional\" target=\"_blank\" rel=\"noopener\">UNIVERSIDADE DO LEGISLATIVO BRASILEIRO (UNILEGIS)<\/a><\/strong><\/li>\n<li><strong><a href=\"www.centrodeestudoslegislativos.com.br\" target=\"_blank\" rel=\"noopener\">UNIVERSIDADE FEDERAL DE MINAS GERAIS (UFMG) &#8211; Departamento de Ci\u00eancia Pol\u00edtica (DCP) &#8211; Centro de Estudos Legislativos (CEL)<\/a>\u00a0<\/strong><\/li>\n<\/ul>\n<\/li>\n<\/ul>\n","protected":false},"excerpt":{"rendered":"<p>AMBITO JUR\u00cdDICO: PORTAL JUR\u00cdDICO ANPOCS \u2013 PORTAL DAS CI\u00caNCIAS SOCIAIS BRASILEIRAS ARTIGO 19 ASSOCIA\u00c7\u00c3O BRASILEIRA DAS ESCOLAS DO LEGISLATIVO E CONTAS &#8211; ABEL ASSOCIA\u00c7\u00c3O BRASILEIRA DE CI\u00caNCIA POL\u00cdTICA ASSOCIA\u00c7\u00c3O BRASILEIRA DE CI\u00caNCIA POL\u00cdTICA \u2013 ABCP ASSOCIA\u00c7\u00c3O JU\u00edZES PELA DEMOCRACIA ASSOCIA\u00c7\u00c3O NACIONAL DE HIST\u00d3RIA &#8211; APUH BIBLIOTECA DIGITAL DO MEC: DOM\u00cdNIO P\u00daBLICO BRASIL CONTRA CORRUP\u00c7\u00c3O:\u00a0AMARRIBO C\u00c2MARA [&hellip;]<\/p>\n","protected":false},"author":1,"featured_media":0,"parent":944,"menu_order":0,"comment_status":"closed","ping_status":"closed","template":"","meta":[],"_links":{"self":[{"href":"https:\/\/www.al.pb.leg.br\/elegispb\/index.php?rest_route=\/wp\/v2\/pages\/1768"}],"collection":[{"href":"https:\/\/www.al.pb.leg.br\/elegispb\/index.php?rest_route=\/wp\/v2\/pages"}],"about":[{"href":"https:\/\/www.al.pb.leg.br\/elegispb\/index.php?rest_route=\/wp\/v2\/types\/page"}],"author":[{"embeddable":true,"href":"https:\/\/www.al.pb.leg.br\/elegispb\/index.php?rest_route=\/wp\/v2\/users\/1"}],"replies":[{"embeddable":true,"href":"https:\/\/www.al.pb.leg.br\/elegispb\/index.php?rest_route=%2Fwp%2Fv2%2Fcomments&post=1768"}],"version-history":[{"count":20,"href":"https:\/\/www.al.pb.leg.br\/elegispb\/index.php?rest_route=\/wp\/v2\/pages\/1768\/revisions"}],"predecessor-version":[{"id":4930,"href":"https:\/\/www.al.pb.leg.br\/elegispb\/index.php?rest_route=\/wp\/v2\/pages\/1768\/revisions\/4930"}],"up":[{"embeddable":true,"href":"https:\/\/www.al.pb.leg.br\/elegispb\/index.php?rest_route=\/wp\/v2\/pages\/944"}],"wp:attachment":[{"href":"https:\/\/www.al.pb.leg.br\/elegispb\/index.php?rest_route=%2Fwp%2Fv2%2Fmedia&parent=1768"}],"curies":[{"name":"wp","href":"https:\/\/api.w.org\/{rel}","templated":true}]}}