{"id":1086,"date":"2013-08-01T08:23:42","date_gmt":"2013-08-01T08:23:42","guid":{"rendered":"http:\/\/www.al.pb.leg.br\/elegispb\/?page_id=1086"},"modified":"2026-03-10T18:04:50","modified_gmt":"2026-03-10T21:04:50","slug":"artigos","status":"publish","type":"page","link":"https:\/\/www.al.pb.leg.br\/elegispb\/?page_id=1086","title":{"rendered":""},"content":{"rendered":"<p><a href=\"http:\/\/www.al.pb.leg.br\/elegispb\/wp-content\/uploads\/2026\/03\/DFGH.png\"><img decoding=\"async\" loading=\"lazy\" class=\"alignleft wp-image-4840 size-full\" title=\"Estudos Legislativos\" src=\"http:\/\/www.al.pb.leg.br\/elegispb\/wp-content\/uploads\/2026\/03\/DFGH.png\" alt=\"\" width=\"1037\" height=\"348\" srcset=\"https:\/\/www.al.pb.leg.br\/elegispb\/wp-content\/uploads\/2026\/03\/DFGH.png 1037w, https:\/\/www.al.pb.leg.br\/elegispb\/wp-content\/uploads\/2026\/03\/DFGH-300x101.png 300w, https:\/\/www.al.pb.leg.br\/elegispb\/wp-content\/uploads\/2026\/03\/DFGH-1024x344.png 1024w, https:\/\/www.al.pb.leg.br\/elegispb\/wp-content\/uploads\/2026\/03\/DFGH-768x258.png 768w\" sizes=\"(max-width: 1037px) 100vw, 1037px\" \/><\/a><\/p>\n<p>&nbsp;<\/p>\n<p>&nbsp;<\/p>\n<p>&nbsp;<\/p>\n<p>&nbsp;<\/p>\n<p>&nbsp;<\/p>\n<p>&nbsp;<\/p>\n<p>&nbsp;<\/p>\n<p><a href=\"http:\/\/www.al.pb.leg.br\/elegispb\/wp-content\/uploads\/2026\/03\/WhatsApp-Image-2026-03-06-at-16.57.35.jpeg\"><img decoding=\"async\" loading=\"lazy\" class=\"size-medium wp-image-4847 alignleft\" src=\"http:\/\/www.al.pb.leg.br\/elegispb\/wp-content\/uploads\/2026\/03\/WhatsApp-Image-2026-03-06-at-16.57.35-199x300.jpeg\" alt=\"\" width=\"199\" height=\"300\" srcset=\"https:\/\/www.al.pb.leg.br\/elegispb\/wp-content\/uploads\/2026\/03\/WhatsApp-Image-2026-03-06-at-16.57.35-199x300.jpeg 199w, https:\/\/www.al.pb.leg.br\/elegispb\/wp-content\/uploads\/2026\/03\/WhatsApp-Image-2026-03-06-at-16.57.35.jpeg 383w\" sizes=\"(max-width: 199px) 100vw, 199px\" \/><\/a><\/p>\n<p>&nbsp;<\/p>\n<p><strong>PESQUISAS EM DEMOCRACIA, COMUNICA\u00c7\u00c3O E PODER\u00a0<\/strong><\/p>\n<p>&nbsp;<\/p>\n<p>Organiza\u00e7\u00e3o: Prof. Rodolpho Raphael<\/p>\n<p>&nbsp;<\/p>\n<p>&nbsp;<\/p>\n<p><strong>Refer\u00eancia: <\/strong><\/p>\n<p>SANTOS, Rodolpho Raphael (org.). <em data-start=\"150\" data-end=\"196\">Pesquisas em democracia, comunica\u00e7\u00e3o e poder<\/em>. 1. ed. Jo\u00e3o Pessoa: Escola do Legislativo do Estado da Para\u00edba, 2026. E-book. Dispon\u00edvel em: <a class=\"decorated-link\" href=\"https:\/\/www.al.pb.leg.br\/elegispb\/\" target=\"_new\" rel=\"noopener\" data-start=\"291\" data-end=\"325\">https:\/\/www.al.pb.leg.br\/elegispb\/<\/a>. Acesso em: 06 mar. 2026.<\/p>\n<p><a href=\"http:\/\/www.al.pb.leg.br\/elegispb\/wp-content\/uploads\/2026\/03\/PESQUISAS-EM-DEMOCRACIA-COMUNICACAO-PODER.pdf\">LEIA AQUI <\/a><\/p>\n<p>&nbsp;<\/p>\n<p>.<\/p>\n<p>&nbsp;<\/p>\n<p>&nbsp;<\/p>\n<p><a href=\"http:\/\/www.al.pb.leg.br\/elegispb\/wp-content\/uploads\/2026\/03\/WhatsApp-Image-2026-03-06-at-17.08.45.jpeg\"><img decoding=\"async\" loading=\"lazy\" class=\"alignright size-medium wp-image-4854\" src=\"http:\/\/www.al.pb.leg.br\/elegispb\/wp-content\/uploads\/2026\/03\/WhatsApp-Image-2026-03-06-at-17.08.45-213x300.jpeg\" alt=\"\" width=\"213\" height=\"300\" srcset=\"https:\/\/www.al.pb.leg.br\/elegispb\/wp-content\/uploads\/2026\/03\/WhatsApp-Image-2026-03-06-at-17.08.45-213x300.jpeg 213w, https:\/\/www.al.pb.leg.br\/elegispb\/wp-content\/uploads\/2026\/03\/WhatsApp-Image-2026-03-06-at-17.08.45.jpeg 381w\" sizes=\"(max-width: 213px) 100vw, 213px\" \/><\/a><strong>OS PARLAMENTARES ESTADUAIS PARAIBANOS, O GOLPE DE ESTADO E A ORGANIZA\u00c7\u00c3O DA DITADURA MILITAR NO BRASIL (1964 \u2013 1969)<\/strong><\/p>\n<p>Autor: Roberto Jorge Ara\u00fajo<\/p>\n<p>&nbsp;<\/p>\n<p><strong>Refer\u00eancia:<\/strong><\/p>\n<p>ARA\u00daJO, Roberto Jorge. Os parlamentares estaduais paraibanos, o golpe de estado e a organiza\u00e7\u00e3o da ditadura militar no Brasil (1964 \u2013 1969) . 1. ed. Jo\u00e3o Pessoa: Escola do Legislativo do Estado da Para\u00edba, 2023. E-book. Dispon\u00edvel em: <a class=\"decorated-link\" href=\"https:\/\/www.al.pb.leg.br\/elegispb\/\" target=\"_new\" rel=\"noopener\" data-start=\"291\" data-end=\"325\">https:\/\/www.al.pb.leg.br\/elegispb\/<\/a>. Acesso em: 06 mar. 2026.<\/p>\n<p>&nbsp;<\/p>\n<p><a href=\"https:\/\/www.al.pb.leg.br\/elegispb\/wp-content\/uploads\/2021\/09\/Os-parlamentares-estaduais-paraibanos-o-golpe-de-estado-e-a-organizacao-da-ditadura-militar-no-Brasil-1964-1969.pdf\">ACESSE AQUI<\/a><\/p>\n<p>&nbsp;<\/p>\n<p>&nbsp;<\/p>\n<p>.<\/p>\n<p>&nbsp;<\/p>\n<p><strong><a href=\"http:\/\/www.al.pb.leg.br\/elegispb\/wp-content\/uploads\/2026\/03\/WhatsApp-Image-2026-03-06-at-17.18.28.jpeg\"><img decoding=\"async\" loading=\"lazy\" class=\"size-medium wp-image-4858 alignleft\" src=\"http:\/\/www.al.pb.leg.br\/elegispb\/wp-content\/uploads\/2026\/03\/WhatsApp-Image-2026-03-06-at-17.18.28-210x300.jpeg\" alt=\"\" width=\"210\" height=\"300\" srcset=\"https:\/\/www.al.pb.leg.br\/elegispb\/wp-content\/uploads\/2026\/03\/WhatsApp-Image-2026-03-06-at-17.18.28-210x300.jpeg 210w, https:\/\/www.al.pb.leg.br\/elegispb\/wp-content\/uploads\/2026\/03\/WhatsApp-Image-2026-03-06-at-17.18.28.jpeg 254w\" sizes=\"(max-width: 210px) 100vw, 210px\" \/><\/a>HIST\u00d3RIA E MEM\u00d3RIA DOS SERVIDORES P\u00daBLICOS LEGISLATIVOS ESTADUAIS PARAIBANOS: FORMA\u00c7\u00c3O, DESENVOLVIMENTO E ORGANIZA\u00c7\u00c3O POL\u00cdTICA (1835 \u2013 2021)<\/strong><\/p>\n<p>Autor: Roberto Jorge Ara\u00fajo<\/p>\n<p>&nbsp;<\/p>\n<p><strong>Refer\u00eancia:<\/strong><\/p>\n<p>ARA\u00daJO, Roberto Jorge. Hist\u00f3ria e mem\u00f3ria dos servidores p\u00fablicos legislativos estaduais paraibanos: forma\u00e7\u00e3o, desenvolvimento e organiza\u00e7\u00e3o pol\u00edtica (1835 \u2013 2021) . 1. ed. Jo\u00e3o Pessoa: Escola do Legislativo do Estado da Para\u00edba, 2022. E-book. Dispon\u00edvel em: <a class=\"decorated-link\" href=\"https:\/\/www.al.pb.leg.br\/elegispb\/\" target=\"_new\" rel=\"noopener\" data-start=\"291\" data-end=\"325\">https:\/\/www.al.pb.leg.br\/elegispb\/<\/a>. Acesso em: 06 mar. 2026.<\/p>\n<p>&nbsp;<\/p>\n<p><a href=\"https:\/\/www.al.pb.leg.br\/elegispb\/wp-content\/uploads\/2021\/02\/2-ed-com-data-corrigida-da-edicao-na-ficha-catalografica.pdf\">ACESSE AQUI:\u00a0<\/a><\/p>\n<p>&nbsp;<\/p>\n<p>&nbsp;<\/p>\n<p>.<\/p>\n<p>&nbsp;<\/p>\n<p><strong><a href=\"http:\/\/www.al.pb.leg.br\/elegispb\/wp-content\/uploads\/2026\/03\/WhatsApp-Image-2026-03-06-at-17.33.04-1.jpeg\"><img decoding=\"async\" loading=\"lazy\" class=\"alignright size-medium wp-image-4861\" src=\"http:\/\/www.al.pb.leg.br\/elegispb\/wp-content\/uploads\/2026\/03\/WhatsApp-Image-2026-03-06-at-17.33.04-1-212x300.jpeg\" alt=\"\" width=\"212\" height=\"300\" srcset=\"https:\/\/www.al.pb.leg.br\/elegispb\/wp-content\/uploads\/2026\/03\/WhatsApp-Image-2026-03-06-at-17.33.04-1-212x300.jpeg 212w, https:\/\/www.al.pb.leg.br\/elegispb\/wp-content\/uploads\/2026\/03\/WhatsApp-Image-2026-03-06-at-17.33.04-1.jpeg 389w\" sizes=\"(max-width: 212px) 100vw, 212px\" \/><\/a>PALEOGRAFIA E MEM\u00d3RIA SOCIAL: PROV\u00cdNCIA DA PARAHYBA DO NORTE, 1830<\/strong><\/p>\n<p>Autor: Roberto Jorge Ara\u00fajo<\/p>\n<p>&nbsp;<\/p>\n<p><strong>Refer\u00eancia:<\/strong><\/p>\n<p>ARA\u00daJO, Roberto Jorge. Paleografia e mem\u00f3ria social: Prov\u00edncia da Parahyba do Norte, 1830 . 1. ed. Jo\u00e3o Pessoa: Escola do Legislativo do Estado da Para\u00edba, 2022. E-book. Dispon\u00edvel em: <a class=\"decorated-link\" href=\"https:\/\/www.al.pb.leg.br\/elegispb\/\" target=\"_new\" rel=\"noopener\" data-start=\"291\" data-end=\"325\">https:\/\/www.al.pb.leg.br\/elegispb\/<\/a>. Acesso em: 06 mar. 2026.<\/p>\n<p>&nbsp;<\/p>\n<p><a href=\"https:\/\/www.al.pb.leg.br\/elegispb\/wp-content\/uploads\/2013\/08\/Paleografia-e-memoria-social-Parahyba-do-Norte-1830-Roberto-Jorge-Chaves-Araujo.pdf\">ACESSE AQUI\u00a0<\/a><\/p>\n<p>&nbsp;<\/p>\n<p>&nbsp;<\/p>\n<p>.<\/p>\n<p>&nbsp;<\/p>\n<p><strong><a href=\"http:\/\/www.al.pb.leg.br\/elegispb\/wp-content\/uploads\/2026\/03\/WhatsApp-Image-2026-03-06-at-17.50.41.jpeg\"><img decoding=\"async\" loading=\"lazy\" class=\"wp-image-4863 size-medium alignleft\" src=\"http:\/\/www.al.pb.leg.br\/elegispb\/wp-content\/uploads\/2026\/03\/WhatsApp-Image-2026-03-06-at-17.50.41-e1772830343551-212x300.jpeg\" alt=\"\" width=\"212\" height=\"300\" srcset=\"https:\/\/www.al.pb.leg.br\/elegispb\/wp-content\/uploads\/2026\/03\/WhatsApp-Image-2026-03-06-at-17.50.41-e1772830343551-212x300.jpeg 212w, https:\/\/www.al.pb.leg.br\/elegispb\/wp-content\/uploads\/2026\/03\/WhatsApp-Image-2026-03-06-at-17.50.41-e1772830343551.jpeg 410w\" sizes=\"(max-width: 212px) 100vw, 212px\" \/><\/a>HIST\u00d3RIA, MEM\u00d3RIA, DEMOCRATIZA\u00c7\u00c3O E AUTORITARISMO: O ARQUIVO JOS\u00c9 BRAZ DO REGO DA ASSEMBLEIA LEGISLATIVA DO ESTADO DA PARA\u00cdBA NA HIST\u00d3RIA (1835 \u2013 2017)<\/strong><\/p>\n<p>Autor: Roberto Jorge Ara\u00fajo<\/p>\n<p>&nbsp;<\/p>\n<p><strong>Refer\u00eancia:<\/strong><\/p>\n<p>ARA\u00daJO, Roberto Jorge. Hist\u00f3ria, mem\u00f3ria, democratiza\u00e7\u00e3o e autoritarismo: o Arquivo Jos\u00e9 Braz do Rego da Assembleia Legislativa do Estado da Para\u00edba na hist\u00f3ria (1835 \u2013 2017). 1. ed. Jo\u00e3o Pessoa: Escola do Legislativo do Estado da Para\u00edba, 2018. E-book. Dispon\u00edvel em: <a class=\"decorated-link\" href=\"https:\/\/www.al.pb.leg.br\/elegispb\/\" target=\"_new\" rel=\"noopener\" data-start=\"291\" data-end=\"325\">https:\/\/www.al.pb.leg.br\/elegispb\/<\/a>. Acesso em: 06 mar. 2026.<\/p>\n<p>&nbsp;<\/p>\n<p><a href=\"https:\/\/www.al.pb.leg.br\/elegispb\/wp-content\/uploads\/2013\/08\/E-BOOK-SOBRE-O-ARQUIVO-JOSE-BRAZ-DO-REGO-DA-ALPB.pdf\">ACESSE AQUI\u00a0<\/a><\/p>\n<p>&nbsp;<\/p>\n<p>&nbsp;<\/p>\n<p>.<\/p>\n<p>&nbsp;<\/p>\n<p><strong><a href=\"http:\/\/www.al.pb.leg.br\/elegispb\/wp-content\/uploads\/2026\/03\/WhatsApp-Image-2026-03-06-at-17.58.05.jpeg\"><img decoding=\"async\" loading=\"lazy\" class=\"alignright size-medium wp-image-4866\" src=\"http:\/\/www.al.pb.leg.br\/elegispb\/wp-content\/uploads\/2026\/03\/WhatsApp-Image-2026-03-06-at-17.58.05-211x300.jpeg\" alt=\"\" width=\"211\" height=\"300\" srcset=\"https:\/\/www.al.pb.leg.br\/elegispb\/wp-content\/uploads\/2026\/03\/WhatsApp-Image-2026-03-06-at-17.58.05-211x300.jpeg 211w, https:\/\/www.al.pb.leg.br\/elegispb\/wp-content\/uploads\/2026\/03\/WhatsApp-Image-2026-03-06-at-17.58.05.jpeg 384w\" sizes=\"(max-width: 211px) 100vw, 211px\" \/><\/a>A CONTRIBUI\u00c7\u00c3O DA PALEOGRAFIA PARA A DIPLOM\u00c1TICA: ABORDAGENS TE\u00d3RICAS E PR\u00c1TICAS<\/strong><\/p>\n<p>Autor: Roberto Jorge Ara\u00fajo<\/p>\n<p>&nbsp;<\/p>\n<p><strong>Refer\u00eancia:<\/strong><\/p>\n<p>ARA\u00daJO, Roberto Jorge. A contribui\u00e7\u00e3o da Paleografia para a Diplom\u00e1tica: abordagens te\u00f3ricas e pr\u00e1ticas. 1. ed. Jo\u00e3o Pessoa: Escola do Legislativo do Estado da Para\u00edba, 2018. E-book. Dispon\u00edvel em: <a class=\"decorated-link\" href=\"https:\/\/www.al.pb.leg.br\/elegispb\/\" target=\"_new\" rel=\"noopener\" data-start=\"291\" data-end=\"325\">https:\/\/www.al.pb.leg.br\/elegispb\/<\/a>. Acesso em: 06 mar. 2026.<\/p>\n<p>&nbsp;<\/p>\n<p><a href=\"https:\/\/www.al.pb.leg.br\/elegispb\/wp-content\/uploads\/2013\/08\/ROBERTO-JORGE-CHAVES-ARAUJO-para-Forum-Legislativo.pdf\">ACESSE AQUI<\/a><\/p>\n<p>&nbsp;<\/p>\n<p>&nbsp;<\/p>\n<p>.<\/p>\n<p>&nbsp;<\/p>\n<p><strong><a href=\"http:\/\/www.al.pb.leg.br\/elegispb\/wp-content\/uploads\/2026\/03\/WhatsApp-Image-2026-03-06-at-18.22.06.jpeg\"><img decoding=\"async\" loading=\"lazy\" class=\"size-medium wp-image-4870 alignleft\" src=\"http:\/\/www.al.pb.leg.br\/elegispb\/wp-content\/uploads\/2026\/03\/WhatsApp-Image-2026-03-06-at-18.22.06-249x300.jpeg\" alt=\"\" width=\"249\" height=\"300\" srcset=\"https:\/\/www.al.pb.leg.br\/elegispb\/wp-content\/uploads\/2026\/03\/WhatsApp-Image-2026-03-06-at-18.22.06-249x300.jpeg 249w, https:\/\/www.al.pb.leg.br\/elegispb\/wp-content\/uploads\/2026\/03\/WhatsApp-Image-2026-03-06-at-18.22.06.jpeg 474w\" sizes=\"(max-width: 249px) 100vw, 249px\" \/><\/a><\/strong><\/p>\n<p>&nbsp;<\/p>\n<p><strong>ESCOLAS DO LEGISLATIVO, ESCOLAS DE DEMOCRACIA.<\/strong><\/p>\n<p>Autor: Rildo Cosson<\/p>\n<p>&nbsp;<\/p>\n<p><strong>Refer\u00eancia:<\/strong><\/p>\n<p>COSSON, Rildo. (2008). Escolas do legislativo, escolas de democracia. Bras\u00edlia: C\u00e2mara dos Deputados, Edi\u00e7\u00f5es C\u00e2mara, 210 p.<\/p>\n<p>&nbsp;<\/p>\n<p><a href=\"http:\/\/www.al.pb.leg.br\/elegispb\/wp-content\/uploads\/2026\/03\/1636149.pdf\">ACESSE AQUI<\/a><\/p>\n<p>&nbsp;<\/p>\n<p>&nbsp;<\/p>\n<p>&nbsp;<\/p>\n<p class=\"MsoNormal\">\n","protected":false},"excerpt":{"rendered":"<p>&nbsp; &nbsp; &nbsp; &nbsp; &nbsp; &nbsp; &nbsp; &nbsp; PESQUISAS EM DEMOCRACIA, COMUNICA\u00c7\u00c3O E PODER\u00a0 &nbsp; Organiza\u00e7\u00e3o: Prof. Rodolpho Raphael &nbsp; &nbsp; Refer\u00eancia: SANTOS, Rodolpho Raphael (org.). Pesquisas em democracia, comunica\u00e7\u00e3o e poder. 1. ed. Jo\u00e3o Pessoa: Escola do Legislativo do Estado da Para\u00edba, 2026. E-book. Dispon\u00edvel em: https:\/\/www.al.pb.leg.br\/elegispb\/. Acesso em: 06 mar. 2026. LEIA AQUI [&hellip;]<\/p>\n","protected":false},"author":1,"featured_media":0,"parent":944,"menu_order":0,"comment_status":"closed","ping_status":"open","template":"","meta":[],"_links":{"self":[{"href":"https:\/\/www.al.pb.leg.br\/elegispb\/index.php?rest_route=\/wp\/v2\/pages\/1086"}],"collection":[{"href":"https:\/\/www.al.pb.leg.br\/elegispb\/index.php?rest_route=\/wp\/v2\/pages"}],"about":[{"href":"https:\/\/www.al.pb.leg.br\/elegispb\/index.php?rest_route=\/wp\/v2\/types\/page"}],"author":[{"embeddable":true,"href":"https:\/\/www.al.pb.leg.br\/elegispb\/index.php?rest_route=\/wp\/v2\/users\/1"}],"replies":[{"embeddable":true,"href":"https:\/\/www.al.pb.leg.br\/elegispb\/index.php?rest_route=%2Fwp%2Fv2%2Fcomments&post=1086"}],"version-history":[{"count":159,"href":"https:\/\/www.al.pb.leg.br\/elegispb\/index.php?rest_route=\/wp\/v2\/pages\/1086\/revisions"}],"predecessor-version":[{"id":4944,"href":"https:\/\/www.al.pb.leg.br\/elegispb\/index.php?rest_route=\/wp\/v2\/pages\/1086\/revisions\/4944"}],"up":[{"embeddable":true,"href":"https:\/\/www.al.pb.leg.br\/elegispb\/index.php?rest_route=\/wp\/v2\/pages\/944"}],"wp:attachment":[{"href":"https:\/\/www.al.pb.leg.br\/elegispb\/index.php?rest_route=%2Fwp%2Fv2%2Fmedia&parent=1086"}],"curies":[{"name":"wp","href":"https:\/\/api.w.org\/{rel}","templated":true}]}}