{"id":545,"date":"2011-11-07T17:22:14","date_gmt":"2011-11-07T17:22:14","guid":{"rendered":"http:\/\/www.al.pb.leg.br\/elegispb\/?page_id=545"},"modified":"2011-11-07T17:55:05","modified_gmt":"2011-11-07T17:55:05","slug":"programa-de-intercambio-institucional","status":"publish","type":"page","link":"http:\/\/www.al.pb.leg.br\/elegispb\/?page_id=545","title":{"rendered":"Programa de Interc\u00e2mbio Institucional"},"content":{"rendered":"<p><strong><span style=\"color: #993300;\">PROJETO:<\/span><\/strong> <strong> Participa\u00e7\u00e3o do Diretor e coordenador pedag\u00f3gico.<\/strong><\/p>\n<p><strong>A\u00e7\u00f5es e Atividades:<\/strong><\/p>\n<p>&#8211; Encontro da UNALE<\/p>\n<p>&#8211; Encontro Nacional das Escolas do Legislativo (dois encontros anuais)<\/p>\n<p>&nbsp;<\/p>\n<p>&nbsp;<\/p>\n<p>&nbsp;<\/p>\n<p style=\"text-align: center;\"><a href=\"http:\/\/www.al.pb.leg.br\/elegispb\/?page_id=463\" rel=\"http:\/\/www.al.pb.leg.br\/elegispb\/?page_id=463\"><img decoding=\"async\" loading=\"lazy\" class=\"aligncenter size-full wp-image-471\" style=\"border: 0pt none;\" title=\"voltar\" src=\"http:\/\/www.al.pb.leg.br\/elegispb\/wp-content\/uploads\/2011\/10\/voltar.jpg\" alt=\"\" width=\"48\" height=\"48\" \/><\/a><\/p>\n<p>&nbsp;<\/p>\n","protected":false},"excerpt":{"rendered":"<p>PROJETO: Participa\u00e7\u00e3o do Diretor e coordenador pedag\u00f3gico. A\u00e7\u00f5es e Atividades: &#8211; Encontro da UNALE &#8211; Encontro Nacional das Escolas do Legislativo (dois encontros anuais) &nbsp; &nbsp; &nbsp; &nbsp;<\/p>\n","protected":false},"author":1,"featured_media":0,"parent":463,"menu_order":0,"comment_status":"closed","ping_status":"open","template":"","meta":[],"_links":{"self":[{"href":"http:\/\/www.al.pb.leg.br\/elegispb\/index.php?rest_route=\/wp\/v2\/pages\/545"}],"collection":[{"href":"http:\/\/www.al.pb.leg.br\/elegispb\/index.php?rest_route=\/wp\/v2\/pages"}],"about":[{"href":"http:\/\/www.al.pb.leg.br\/elegispb\/index.php?rest_route=\/wp\/v2\/types\/page"}],"author":[{"embeddable":true,"href":"http:\/\/www.al.pb.leg.br\/elegispb\/index.php?rest_route=\/wp\/v2\/users\/1"}],"replies":[{"embeddable":true,"href":"http:\/\/www.al.pb.leg.br\/elegispb\/index.php?rest_route=%2Fwp%2Fv2%2Fcomments&post=545"}],"version-history":[{"count":3,"href":"http:\/\/www.al.pb.leg.br\/elegispb\/index.php?rest_route=\/wp\/v2\/pages\/545\/revisions"}],"predecessor-version":[{"id":562,"href":"http:\/\/www.al.pb.leg.br\/elegispb\/index.php?rest_route=\/wp\/v2\/pages\/545\/revisions\/562"}],"up":[{"embeddable":true,"href":"http:\/\/www.al.pb.leg.br\/elegispb\/index.php?rest_route=\/wp\/v2\/pages\/463"}],"wp:attachment":[{"href":"http:\/\/www.al.pb.leg.br\/elegispb\/index.php?rest_route=%2Fwp%2Fv2%2Fmedia&parent=545"}],"curies":[{"name":"wp","href":"https:\/\/api.w.org\/{rel}","templated":true}]}}