{"id":542,"date":"2011-11-07T17:20:48","date_gmt":"2011-11-07T17:20:48","guid":{"rendered":"http:\/\/www.al.pb.leg.br\/elegispb\/?page_id=542"},"modified":"2011-11-07T17:51:46","modified_gmt":"2011-11-07T17:51:46","slug":"formacao-capacitacao-do-legislativo-municipal","status":"publish","type":"page","link":"http:\/\/www.al.pb.leg.br\/elegispb\/?page_id=542","title":{"rendered":"Forma\u00e7\u00e3o Capacita\u00e7\u00e3o do Legislativo Municipal"},"content":{"rendered":"<p><strong>OBJETIVO:\u00a0<strong> <\/strong><\/strong>Contribuir com o processo de moderniza\u00e7\u00e3o e qualifica\u00e7\u00e3o do Legislativo Municipal.<\/p>\n<p><strong><span style=\"color: #993300;\">PROJETO:<\/span><\/strong> <strong>Contribuir com o processo de moderniza\u00e7\u00e3o e qualifica\u00e7\u00e3o do Legislativo Municipal.<\/strong><\/p>\n<p><strong>A\u00e7\u00f5es e Atividades:<\/strong><\/p>\n<p>&#8211; Curso de Cerimonial e Protocolo<\/p>\n<p>&#8211; Curso de Processo e T\u00e9cnica Legislativa<\/p>\n<p>&#8211; Curso de atendimento ao P\u00fablico<strong><br \/>\n<\/strong><\/p>\n<p>&nbsp;<\/p>\n<p>&nbsp;<\/p>\n<p>&nbsp;<\/p>\n<p>&nbsp;<\/p>\n<p style=\"text-align: center;\"><a href=\"http:\/\/www.al.pb.leg.br\/elegispb\/?page_id=463\" rel=\"http:\/\/www.al.pb.leg.br\/elegispb\/?page_id=463\"><img decoding=\"async\" loading=\"lazy\" class=\"aligncenter size-full wp-image-471\" style=\"border: 0pt none;\" title=\"voltar\" src=\"http:\/\/www.al.pb.leg.br\/elegispb\/wp-content\/uploads\/2011\/10\/voltar.jpg\" alt=\"\" width=\"48\" height=\"48\" \/><\/a><\/p>\n<p>&nbsp;<\/p>\n","protected":false},"excerpt":{"rendered":"<p>OBJETIVO:\u00a0 Contribuir com o processo de moderniza\u00e7\u00e3o e qualifica\u00e7\u00e3o do Legislativo Municipal. PROJETO: Contribuir com o processo de moderniza\u00e7\u00e3o e qualifica\u00e7\u00e3o do Legislativo Municipal. A\u00e7\u00f5es e Atividades: &#8211; Curso de Cerimonial e Protocolo &#8211; Curso de Processo e T\u00e9cnica Legislativa &#8211; Curso de atendimento ao P\u00fablico &nbsp; &nbsp; &nbsp; &nbsp; &nbsp;<\/p>\n","protected":false},"author":1,"featured_media":0,"parent":463,"menu_order":0,"comment_status":"closed","ping_status":"open","template":"","meta":[],"_links":{"self":[{"href":"http:\/\/www.al.pb.leg.br\/elegispb\/index.php?rest_route=\/wp\/v2\/pages\/542"}],"collection":[{"href":"http:\/\/www.al.pb.leg.br\/elegispb\/index.php?rest_route=\/wp\/v2\/pages"}],"about":[{"href":"http:\/\/www.al.pb.leg.br\/elegispb\/index.php?rest_route=\/wp\/v2\/types\/page"}],"author":[{"embeddable":true,"href":"http:\/\/www.al.pb.leg.br\/elegispb\/index.php?rest_route=\/wp\/v2\/users\/1"}],"replies":[{"embeddable":true,"href":"http:\/\/www.al.pb.leg.br\/elegispb\/index.php?rest_route=%2Fwp%2Fv2%2Fcomments&post=542"}],"version-history":[{"count":3,"href":"http:\/\/www.al.pb.leg.br\/elegispb\/index.php?rest_route=\/wp\/v2\/pages\/542\/revisions"}],"predecessor-version":[{"id":560,"href":"http:\/\/www.al.pb.leg.br\/elegispb\/index.php?rest_route=\/wp\/v2\/pages\/542\/revisions\/560"}],"up":[{"embeddable":true,"href":"http:\/\/www.al.pb.leg.br\/elegispb\/index.php?rest_route=\/wp\/v2\/pages\/463"}],"wp:attachment":[{"href":"http:\/\/www.al.pb.leg.br\/elegispb\/index.php?rest_route=%2Fwp%2Fv2%2Fmedia&parent=542"}],"curies":[{"name":"wp","href":"https:\/\/api.w.org\/{rel}","templated":true}]}}