{"id":538,"date":"2011-11-07T17:17:30","date_gmt":"2011-11-07T17:17:30","guid":{"rendered":"http:\/\/www.al.pb.leg.br\/elegispb\/?page_id=538"},"modified":"2011-11-07T17:47:54","modified_gmt":"2011-11-07T17:47:54","slug":"programa-de-pos-graduacao","status":"publish","type":"page","link":"http:\/\/www.al.pb.leg.br\/elegispb\/?page_id=538","title":{"rendered":"Programa de P\u00f3s-gradua\u00e7\u00e3o"},"content":{"rendered":"<p><strong><span style=\"color: #993300;\">PROJETO:<\/span><\/strong> <strong>Subsidiar a atua\u00e7\u00e3o dos Legislativos<\/strong><\/p>\n<p><strong>A\u00e7\u00f5es e Atividades:<\/strong><\/p>\n<p>&#8211; Curso de Especializa\u00e7\u00e3o em Poder Legislativo<\/p>\n<p>&#8211; Curso de Direito Parlamentar<\/p>\n<p style=\"text-align: center;\"><a href=\"http:\/\/www.al.pb.leg.br\/elegispb\/?page_id=463\" rel=\"http:\/\/www.al.pb.leg.br\/elegispb\/?page_id=463\"><img decoding=\"async\" loading=\"lazy\" class=\"aligncenter size-full wp-image-471\" style=\"border: 0pt none;\" title=\"voltar\" src=\"http:\/\/www.al.pb.leg.br\/elegispb\/wp-content\/uploads\/2011\/10\/voltar.jpg\" alt=\"\" width=\"48\" height=\"48\" \/><\/a><\/p>\n","protected":false},"excerpt":{"rendered":"<p>PROJETO: Subsidiar a atua\u00e7\u00e3o dos Legislativos A\u00e7\u00f5es e Atividades: &#8211; Curso de Especializa\u00e7\u00e3o em Poder Legislativo &#8211; Curso de Direito Parlamentar<\/p>\n","protected":false},"author":1,"featured_media":0,"parent":463,"menu_order":0,"comment_status":"closed","ping_status":"open","template":"","meta":[],"_links":{"self":[{"href":"http:\/\/www.al.pb.leg.br\/elegispb\/index.php?rest_route=\/wp\/v2\/pages\/538"}],"collection":[{"href":"http:\/\/www.al.pb.leg.br\/elegispb\/index.php?rest_route=\/wp\/v2\/pages"}],"about":[{"href":"http:\/\/www.al.pb.leg.br\/elegispb\/index.php?rest_route=\/wp\/v2\/types\/page"}],"author":[{"embeddable":true,"href":"http:\/\/www.al.pb.leg.br\/elegispb\/index.php?rest_route=\/wp\/v2\/users\/1"}],"replies":[{"embeddable":true,"href":"http:\/\/www.al.pb.leg.br\/elegispb\/index.php?rest_route=%2Fwp%2Fv2%2Fcomments&post=538"}],"version-history":[{"count":5,"href":"http:\/\/www.al.pb.leg.br\/elegispb\/index.php?rest_route=\/wp\/v2\/pages\/538\/revisions"}],"predecessor-version":[{"id":559,"href":"http:\/\/www.al.pb.leg.br\/elegispb\/index.php?rest_route=\/wp\/v2\/pages\/538\/revisions\/559"}],"up":[{"embeddable":true,"href":"http:\/\/www.al.pb.leg.br\/elegispb\/index.php?rest_route=\/wp\/v2\/pages\/463"}],"wp:attachment":[{"href":"http:\/\/www.al.pb.leg.br\/elegispb\/index.php?rest_route=%2Fwp%2Fv2%2Fmedia&parent=538"}],"curies":[{"name":"wp","href":"https:\/\/api.w.org\/{rel}","templated":true}]}}