{"id":535,"date":"2011-11-07T17:15:40","date_gmt":"2011-11-07T17:15:40","guid":{"rendered":"http:\/\/www.al.pb.leg.br\/elegispb\/?page_id=535"},"modified":"2011-11-07T17:42:15","modified_gmt":"2011-11-07T17:42:15","slug":"projeto-pedagogico-institucional","status":"publish","type":"page","link":"http:\/\/www.al.pb.leg.br\/elegispb\/?page_id=535","title":{"rendered":"Projeto Pedag\u00f3gico Institucional"},"content":{"rendered":"<p><strong><span style=\"color: #993300;\">PROJETO:<span style=\"color: #000000;\">\u00a0Implementar o Projeto Pedag\u00f3gico Institucional.<\/span><\/span><\/strong> <strong><\/strong><\/p>\n<p><strong>A\u00e7\u00f5es e Atividades:<\/strong><\/p>\n<p>&#8211; Em parceria com a ABEL planejar a execu\u00e7\u00e3o do Projeto Pedag\u00f3gico Institucional.<\/p>\n<p>&#8211; Permitir que toda elabora\u00e7\u00e3o das etapas do Projeto fiquem ao encargo da Coordena\u00e7\u00e3o Pedag\u00f3gica.<\/p>\n<p>&nbsp;<\/p>\n<p style=\"text-align: center;\"><a href=\"http:\/\/www.al.pb.leg.br\/elegispb\/?page_id=463\" rel=\"http:\/\/www.al.pb.leg.br\/elegispb\/?page_id=463\"><img decoding=\"async\" loading=\"lazy\" style=\"border: 0pt none;\" title=\"voltar\" src=\"http:\/\/www.al.pb.leg.br\/elegispb\/wp-content\/uploads\/2011\/10\/voltar.jpg\" alt=\"\" width=\"48\" height=\"48\" \/><\/a><\/p>\n","protected":false},"excerpt":{"rendered":"<p>PROJETO:\u00a0Implementar o Projeto Pedag\u00f3gico Institucional. A\u00e7\u00f5es e Atividades: &#8211; Em parceria com a ABEL planejar a execu\u00e7\u00e3o do Projeto Pedag\u00f3gico Institucional. &#8211; Permitir que toda elabora\u00e7\u00e3o das etapas do Projeto fiquem ao encargo da Coordena\u00e7\u00e3o Pedag\u00f3gica. &nbsp;<\/p>\n","protected":false},"author":1,"featured_media":0,"parent":463,"menu_order":0,"comment_status":"closed","ping_status":"open","template":"","meta":[],"_links":{"self":[{"href":"http:\/\/www.al.pb.leg.br\/elegispb\/index.php?rest_route=\/wp\/v2\/pages\/535"}],"collection":[{"href":"http:\/\/www.al.pb.leg.br\/elegispb\/index.php?rest_route=\/wp\/v2\/pages"}],"about":[{"href":"http:\/\/www.al.pb.leg.br\/elegispb\/index.php?rest_route=\/wp\/v2\/types\/page"}],"author":[{"embeddable":true,"href":"http:\/\/www.al.pb.leg.br\/elegispb\/index.php?rest_route=\/wp\/v2\/users\/1"}],"replies":[{"embeddable":true,"href":"http:\/\/www.al.pb.leg.br\/elegispb\/index.php?rest_route=%2Fwp%2Fv2%2Fcomments&post=535"}],"version-history":[{"count":4,"href":"http:\/\/www.al.pb.leg.br\/elegispb\/index.php?rest_route=\/wp\/v2\/pages\/535\/revisions"}],"predecessor-version":[{"id":556,"href":"http:\/\/www.al.pb.leg.br\/elegispb\/index.php?rest_route=\/wp\/v2\/pages\/535\/revisions\/556"}],"up":[{"embeddable":true,"href":"http:\/\/www.al.pb.leg.br\/elegispb\/index.php?rest_route=\/wp\/v2\/pages\/463"}],"wp:attachment":[{"href":"http:\/\/www.al.pb.leg.br\/elegispb\/index.php?rest_route=%2Fwp%2Fv2%2Fmedia&parent=535"}],"curies":[{"name":"wp","href":"https:\/\/api.w.org\/{rel}","templated":true}]}}