{"id":498,"date":"2011-10-24T18:40:09","date_gmt":"2011-10-24T18:40:09","guid":{"rendered":"http:\/\/www.al.pb.leg.br\/elegispb\/?page_id=498"},"modified":"2011-11-07T17:38:04","modified_gmt":"2011-11-07T17:38:04","slug":"programa-de-formacao-de-agentes-publicos-e-politicos","status":"publish","type":"page","link":"http:\/\/www.al.pb.leg.br\/elegispb\/?page_id=498","title":{"rendered":"Programa de Forma\u00e7\u00e3o de Agentes P\u00fablicos e Pol\u00edticos"},"content":{"rendered":"<p><strong>OBJETIVO:<\/strong> Subsidiar a atua\u00e7\u00e3o dos legislativos municipais e demais lideran\u00e7as, no sentido de propiciar espa\u00e7os de reflex\u00e3o e qualifica\u00e7\u00e3o de seu exerc\u00edcio como agente pol\u00edtico e publico.<\/p>\n<p><strong><span style=\"color: #993300;\">PROJETO:<\/span><\/strong> <strong>Promover a reflex\u00e3o pol\u00edtica e a forma\u00e7\u00e3o de agentes p\u00fablicos e pol\u00edticos.<\/strong><\/p>\n<p><strong>A\u00e7\u00f5es e Atividade:<\/strong><\/p>\n<p>&#8211; Curso de Forma\u00e7\u00e3o Pol\u00edtica<br \/>\n&#8211; Forma\u00e7\u00e3o para profissionais da Educa\u00e7\u00e3o<br \/>\n&#8211; Forma\u00e7\u00e3o Pol\u00edtica para as Mulheres<br \/>\n&#8211; Semin\u00e1rio Legislativo<br \/>\n&#8211; Simp\u00f3sio sobre Direito Parlamentar.<\/p>\n<p style=\"text-align: center;\"><a href=\"http:\/\/www.al.pb.leg.br\/elegispb\/?page_id=463\" rel=\"http:\/\/www.al.pb.leg.br\/elegispb\/?page_id=463\"><img decoding=\"async\" loading=\"lazy\" class=\"aligncenter size-full wp-image-471\" style=\"border: 0pt none;\" title=\"voltar\" src=\"http:\/\/www.al.pb.leg.br\/elegispb\/wp-content\/uploads\/2011\/10\/voltar.jpg\" alt=\"\" width=\"48\" height=\"48\" \/><\/a><\/p>\n<p>&nbsp;<\/p>\n<p>&nbsp;<\/p>\n<p>&nbsp;<\/p>\n<p>&nbsp;<\/p>\n<p>&nbsp;<\/p>\n","protected":false},"excerpt":{"rendered":"<p>OBJETIVO: Subsidiar a atua\u00e7\u00e3o dos legislativos municipais e demais lideran\u00e7as, no sentido de propiciar espa\u00e7os de reflex\u00e3o e qualifica\u00e7\u00e3o de seu exerc\u00edcio como agente pol\u00edtico e publico. PROJETO: Promover a reflex\u00e3o pol\u00edtica e a forma\u00e7\u00e3o de agentes p\u00fablicos e pol\u00edticos. A\u00e7\u00f5es e Atividade: &#8211; Curso de Forma\u00e7\u00e3o Pol\u00edtica &#8211; Forma\u00e7\u00e3o para profissionais da Educa\u00e7\u00e3o &#8211; [&hellip;]<\/p>\n","protected":false},"author":1,"featured_media":0,"parent":463,"menu_order":3,"comment_status":"closed","ping_status":"open","template":"","meta":[],"_links":{"self":[{"href":"http:\/\/www.al.pb.leg.br\/elegispb\/index.php?rest_route=\/wp\/v2\/pages\/498"}],"collection":[{"href":"http:\/\/www.al.pb.leg.br\/elegispb\/index.php?rest_route=\/wp\/v2\/pages"}],"about":[{"href":"http:\/\/www.al.pb.leg.br\/elegispb\/index.php?rest_route=\/wp\/v2\/types\/page"}],"author":[{"embeddable":true,"href":"http:\/\/www.al.pb.leg.br\/elegispb\/index.php?rest_route=\/wp\/v2\/users\/1"}],"replies":[{"embeddable":true,"href":"http:\/\/www.al.pb.leg.br\/elegispb\/index.php?rest_route=%2Fwp%2Fv2%2Fcomments&post=498"}],"version-history":[{"count":7,"href":"http:\/\/www.al.pb.leg.br\/elegispb\/index.php?rest_route=\/wp\/v2\/pages\/498\/revisions"}],"predecessor-version":[{"id":507,"href":"http:\/\/www.al.pb.leg.br\/elegispb\/index.php?rest_route=\/wp\/v2\/pages\/498\/revisions\/507"}],"up":[{"embeddable":true,"href":"http:\/\/www.al.pb.leg.br\/elegispb\/index.php?rest_route=\/wp\/v2\/pages\/463"}],"wp:attachment":[{"href":"http:\/\/www.al.pb.leg.br\/elegispb\/index.php?rest_route=%2Fwp%2Fv2%2Fmedia&parent=498"}],"curies":[{"name":"wp","href":"https:\/\/api.w.org\/{rel}","templated":true}]}}