{"id":492,"date":"2011-10-24T18:31:36","date_gmt":"2011-10-24T18:31:36","guid":{"rendered":"http:\/\/www.al.pb.leg.br\/elegispb\/?page_id=492"},"modified":"2011-11-07T17:36:22","modified_gmt":"2011-11-07T17:36:22","slug":"programa-de-educacao-a-distancia","status":"publish","type":"page","link":"http:\/\/www.al.pb.leg.br\/elegispb\/?page_id=492","title":{"rendered":"Programa de Educa\u00e7\u00e3o a Dist\u00e2ncia"},"content":{"rendered":"<p><strong><span style=\"color: #993300;\">PROJETO:<\/span><\/strong> <strong>Dar continuidade ao Programa de Educa\u00e7\u00e3o \u00e1 Dist\u00e2ncia.<\/strong><br \/>\n-Interlegis<br \/>\n-ILB<\/p>\n<p><strong>A\u00e7\u00f5es e Atividade:<\/strong><br \/>\nPlanejar a divulga\u00e7\u00e3o dos cursos.<br \/>\n&#8211; Definir respons\u00e1vel pela divulga\u00e7\u00e3o.<br \/>\n&#8211; Montar grade mensal e enviar aos setores pr\u00e9-definidos.<br \/>\n&#8211; Estimular os servidores na busca do auto-desenvolvimento mostrando a import\u00e2ncia da disciplina e determina\u00e7\u00e3o na conquista de seu aperfei\u00e7oamento profissional.<\/p>\n<p><strong>P\u00fablico Alvo:<br \/>\n<\/strong> Servidores de Casas Legislativas (C\u00e2maras)<\/p>\n<p>&nbsp;<\/p>\n<p>&nbsp;<\/p>\n<p style=\"text-align: center;\"><a href=\"http:\/\/www.al.pb.leg.br\/elegispb\/?page_id=463\" rel=\"http:\/\/www.al.pb.leg.br\/elegispb\/?page_id=463\"><img decoding=\"async\" loading=\"lazy\" class=\"aligncenter size-full wp-image-471\" style=\"border: 0pt none;\" title=\"voltar\" src=\"http:\/\/www.al.pb.leg.br\/elegispb\/wp-content\/uploads\/2011\/10\/voltar.jpg\" alt=\"\" width=\"48\" height=\"48\" \/><\/a><\/p>\n<p>&nbsp;<\/p>\n<p>&nbsp;<\/p>\n<p>&nbsp;<\/p>\n<p>&nbsp;<\/p>\n","protected":false},"excerpt":{"rendered":"<p>PROJETO: Dar continuidade ao Programa de Educa\u00e7\u00e3o \u00e1 Dist\u00e2ncia. -Interlegis -ILB A\u00e7\u00f5es e Atividade: Planejar a divulga\u00e7\u00e3o dos cursos. &#8211; Definir respons\u00e1vel pela divulga\u00e7\u00e3o. &#8211; Montar grade mensal e enviar aos setores pr\u00e9-definidos. &#8211; Estimular os servidores na busca do auto-desenvolvimento mostrando a import\u00e2ncia da disciplina e determina\u00e7\u00e3o na conquista de seu aperfei\u00e7oamento profissional. P\u00fablico [&hellip;]<\/p>\n","protected":false},"author":1,"featured_media":0,"parent":463,"menu_order":2,"comment_status":"closed","ping_status":"open","template":"","meta":[],"_links":{"self":[{"href":"http:\/\/www.al.pb.leg.br\/elegispb\/index.php?rest_route=\/wp\/v2\/pages\/492"}],"collection":[{"href":"http:\/\/www.al.pb.leg.br\/elegispb\/index.php?rest_route=\/wp\/v2\/pages"}],"about":[{"href":"http:\/\/www.al.pb.leg.br\/elegispb\/index.php?rest_route=\/wp\/v2\/types\/page"}],"author":[{"embeddable":true,"href":"http:\/\/www.al.pb.leg.br\/elegispb\/index.php?rest_route=\/wp\/v2\/users\/1"}],"replies":[{"embeddable":true,"href":"http:\/\/www.al.pb.leg.br\/elegispb\/index.php?rest_route=%2Fwp%2Fv2%2Fcomments&post=492"}],"version-history":[{"count":8,"href":"http:\/\/www.al.pb.leg.br\/elegispb\/index.php?rest_route=\/wp\/v2\/pages\/492\/revisions"}],"predecessor-version":[{"id":553,"href":"http:\/\/www.al.pb.leg.br\/elegispb\/index.php?rest_route=\/wp\/v2\/pages\/492\/revisions\/553"}],"up":[{"embeddable":true,"href":"http:\/\/www.al.pb.leg.br\/elegispb\/index.php?rest_route=\/wp\/v2\/pages\/463"}],"wp:attachment":[{"href":"http:\/\/www.al.pb.leg.br\/elegispb\/index.php?rest_route=%2Fwp%2Fv2%2Fmedia&parent=492"}],"curies":[{"name":"wp","href":"https:\/\/api.w.org\/{rel}","templated":true}]}}