{"id":463,"date":"2011-10-18T19:21:09","date_gmt":"2011-10-18T19:21:09","guid":{"rendered":"http:\/\/www.al.pb.leg.br\/elegispb\/?page_id=463"},"modified":"2015-07-30T15:36:16","modified_gmt":"2015-07-30T18:36:16","slug":"planejamento-dos-projetos-acoes-e-atividades-para-o-ano-de-2012","status":"publish","type":"page","link":"http:\/\/www.al.pb.leg.br\/elegispb\/?page_id=463","title":{"rendered":"Planejamento dos Projetos, A\u00e7\u00f5es e Atividades para o ano de 2015"},"content":{"rendered":"<p><strong>1. <a href=\"http:\/\/www.al.pb.leg.br\/elegispb\/?page_id=451\">Programa de Forma\u00e7\u00e3o e Aperfei\u00e7oamento Profissional<\/a><\/strong><\/p>\n<p><strong>2. <a href=\"http:\/\/www.al.pb.leg.br\/elegispb\/?page_id=492\">Programa de Educa\u00e7\u00e3o a Dist\u00e2ncia<\/a><\/strong><\/p>\n<p><strong>3. <a href=\"http:\/\/www.al.pb.leg.br\/elegispb\/?page_id=498\">Programa de Forma\u00e7\u00e3o de Agentes P\u00fablicos e Pol\u00edticos<\/a><\/strong><\/p>\n<p><strong>4. <a href=\"http:\/\/www.al.pb.leg.br\/elegispb\/?page_id=535\">Projeto Pedag\u00f3gico Institucional<\/a><\/strong><\/p>\n<p><strong>5. <a href=\"http:\/\/www.al.pb.leg.br\/elegispb\/?page_id=538\">Programa de P\u00f3s-gradua\u00e7\u00e3o<\/a><\/strong><\/p>\n<p><strong>6. <a href=\"http:\/\/www.al.pb.leg.br\/elegispb\/?page_id=542 \">Forma\u00e7\u00e3o Capacita\u00e7\u00e3o do Legislativo Municipal<\/a><\/strong><\/p>\n<p><strong>7. <a href=\"http:\/\/www.al.pb.leg.br\/elegispb\/?page_id=545\">Programa de Interc\u00e2mbio Institucional<\/a><\/strong><\/p>\n<p><strong>8. <a href=\"http:\/\/www.al.pb.leg.br\/elegispb\/?page_id=548\">Programa de Aprimoramento Gerencial da Escola do Legislativo<\/a><\/strong><\/p>\n","protected":false},"excerpt":{"rendered":"<p>1. Programa de Forma\u00e7\u00e3o e Aperfei\u00e7oamento Profissional 2. Programa de Educa\u00e7\u00e3o a Dist\u00e2ncia 3. Programa de Forma\u00e7\u00e3o de Agentes P\u00fablicos e Pol\u00edticos 4. Projeto Pedag\u00f3gico Institucional 5. Programa de P\u00f3s-gradua\u00e7\u00e3o 6. Forma\u00e7\u00e3o Capacita\u00e7\u00e3o do Legislativo Municipal 7. Programa de Interc\u00e2mbio Institucional 8. Programa de Aprimoramento Gerencial da Escola do Legislativo<\/p>\n","protected":false},"author":1,"featured_media":0,"parent":66,"menu_order":0,"comment_status":"closed","ping_status":"open","template":"","meta":[],"_links":{"self":[{"href":"http:\/\/www.al.pb.leg.br\/elegispb\/index.php?rest_route=\/wp\/v2\/pages\/463"}],"collection":[{"href":"http:\/\/www.al.pb.leg.br\/elegispb\/index.php?rest_route=\/wp\/v2\/pages"}],"about":[{"href":"http:\/\/www.al.pb.leg.br\/elegispb\/index.php?rest_route=\/wp\/v2\/types\/page"}],"author":[{"embeddable":true,"href":"http:\/\/www.al.pb.leg.br\/elegispb\/index.php?rest_route=\/wp\/v2\/users\/1"}],"replies":[{"embeddable":true,"href":"http:\/\/www.al.pb.leg.br\/elegispb\/index.php?rest_route=%2Fwp%2Fv2%2Fcomments&post=463"}],"version-history":[{"count":15,"href":"http:\/\/www.al.pb.leg.br\/elegispb\/index.php?rest_route=\/wp\/v2\/pages\/463\/revisions"}],"predecessor-version":[{"id":2466,"href":"http:\/\/www.al.pb.leg.br\/elegispb\/index.php?rest_route=\/wp\/v2\/pages\/463\/revisions\/2466"}],"up":[{"embeddable":true,"href":"http:\/\/www.al.pb.leg.br\/elegispb\/index.php?rest_route=\/wp\/v2\/pages\/66"}],"wp:attachment":[{"href":"http:\/\/www.al.pb.leg.br\/elegispb\/index.php?rest_route=%2Fwp%2Fv2%2Fmedia&parent=463"}],"curies":[{"name":"wp","href":"https:\/\/api.w.org\/{rel}","templated":true}]}}