{"id":4449,"date":"2023-05-09T13:39:39","date_gmt":"2023-05-09T16:39:39","guid":{"rendered":"https:\/\/www.al.pb.leg.br\/elegispb\/?page_id=4449"},"modified":"2023-05-09T13:46:01","modified_gmt":"2023-05-09T16:46:01","slug":"aviso-e-declaracao-de-privacidade-de-dados","status":"publish","type":"page","link":"http:\/\/www.al.pb.leg.br\/elegispb\/?page_id=4449","title":{"rendered":"AVISO E DECLARA\u00c7\u00c3O DE PRIVACIDADE DE DADOS"},"content":{"rendered":"<p style=\"font-weight: 400;\">Querido estudante,<\/p>\n<p>&nbsp;<\/p>\n<p style=\"font-weight: 400;\">\u00c9 de extrema import\u00e2ncia garantirmos a prote\u00e7\u00e3o dos dados pessoais que nos s\u00e3o confiados por cada um de voc\u00eas!<\/p>\n<p>&nbsp;<\/p>\n<p style=\"font-weight: 400;\">Estamos comprometidos em manter os mais altos padr\u00f5es com a privacidade e prote\u00e7\u00e3o de dados, por isso tratamos seus dados pessoais em estrita conformidade com as leis aplic\u00e1veis de prote\u00e7\u00e3o de dados, em especial a Lei 13.709\/2018 (\u201cLGPD\u201d), pois, al\u00e9m de cumprir com as leis aplic\u00e1veis, tamb\u00e9m podemos ter uma rela\u00e7\u00e3o de confian\u00e7a com voc\u00ea.<\/p>\n<p>&nbsp;<\/p>\n<p style=\"font-weight: 400;\">Tamb\u00e9m acreditamos que \u00e9 importante ser transparente no que diz respeito ao manuseio de informa\u00e7\u00f5es e estamos comprometidos em cumprir os requisitos da Lei 13.709\/2018, comumente conhecida como Lei Geral de Prote\u00e7\u00e3o de Dados (LGPD), bem como o exerc\u00edcio de suas atividades e direitos sob os mesmos.<\/p>\n<p>&nbsp;<\/p>\n<p style=\"font-weight: 400;\">Nesta declara\u00e7\u00e3o de privacidade, usaremos a terminologia conforme definida na LGPD. Atualizaremos esta declara\u00e7\u00e3o de privacidade regularmente para garantir a conformidade cont\u00ednua com a LGPD e outros desenvolvimentos e recomendamos que voc\u00ea verifique regularmente nosso site para atualiza\u00e7\u00f5es.<\/p>\n<p>&nbsp;<\/p>\n<p style=\"font-weight: 400;\">Este aviso e declara\u00e7\u00e3o de privacidade descreve como seus dados pessoais s\u00e3o coletados, usados e compartilhados durante o processo de matr\u00edcula na ELEGIS- PB.<\/p>\n<p>&nbsp;<\/p>\n<p style=\"font-weight: 400;\"><strong>COLETA DE DADOS\u00a0<\/strong><\/p>\n<p>&nbsp;<\/p>\n<p style=\"font-weight: 400;\">Ao se matricular na ELEGIS, ser\u00e3o coletadas informa\u00e7\u00f5es pessoais, incluindo seu nome completo, endere\u00e7o, n\u00famero de telefone, endere\u00e7o de e-mail, data de nascimento, n\u00famero do RG, CPF e nome dos genitores. Tamb\u00e9m ser\u00e3o coletadas informa\u00e7\u00f5es acad\u00eamicas, incluindo o grau de instru\u00e7\u00e3o e \u00e1rea de atua\u00e7\u00e3o e por fim suas redes sociais, caso possua e queira compartilhar.<\/p>\n<p>&nbsp;<\/p>\n<p style=\"font-weight: 400;\"><strong>USO DE DADOS\u00a0<\/strong><\/p>\n<p>&nbsp;<\/p>\n<p style=\"font-weight: 400;\">As informa\u00e7\u00f5es coletadas durante o processo de matr\u00edcula\/inscri\u00e7\u00e3o ser\u00e3o usadas para gerenciar sua matr\u00edcula na ELEGIS e fornecer acesso aos recursos acad\u00eamicos e administrativos da nossa institui\u00e7\u00e3o. Ao mesmo tempo, possibilitar que nossas novidades de cursos,\u00a0 eventos, e capacita\u00e7\u00f5es cheguem at\u00e9 voc\u00ea! Al\u00e9m disso, essas informa\u00e7\u00f5es poder\u00e3o ser usadas para fins estat\u00edsticos e de pesquisa, para melhorar a qualidade dos servi\u00e7os educacionais e comunicacionais oferecidos pela ELEGIS.<\/p>\n<p>&nbsp;<\/p>\n<p style=\"font-weight: 400;\"><strong>COMPARTILHAMENTO DE DADOS<\/strong><\/p>\n<p>&nbsp;<\/p>\n<p style=\"font-weight: 400;\">A ELEGIS n\u00e3o compartilhar\u00e1 suas informa\u00e7\u00f5es pessoais com terceiros, exceto quando necess\u00e1rio para fins acad\u00eamicos ou administrativos, ou quando exigido por lei.<\/p>\n<p>&nbsp;<\/p>\n<p style=\"font-weight: 400;\"><strong>SEGURAN\u00c7A DE DADOS\u00a0<\/strong><\/p>\n<p>&nbsp;<\/p>\n<p style=\"font-weight: 400;\">A ELEGIS adota medidas de seguran\u00e7a adequadas para proteger suas informa\u00e7\u00f5es pessoais contra acesso n\u00e3o autorizado, divulga\u00e7\u00e3o ou uso indevido. No entanto, nenhum sistema de seguran\u00e7a pode garantir a seguran\u00e7a absoluta das informa\u00e7\u00f5es transmitidas pela internet ou armazenadas eletronicamente.<\/p>\n<p>&nbsp;<\/p>\n<p style=\"font-weight: 400;\"><strong>DECLARA\u00c7\u00c3O DE PRIVACIDADE\u00a0<\/strong><\/p>\n<p>&nbsp;<\/p>\n<p style=\"font-weight: 400;\">A ELEGIS est\u00e1 comprometida em proteger a privacidade dos seus alunos e respeita seus direitos em rela\u00e7\u00e3o \u00e0s suas informa\u00e7\u00f5es pessoais. Se voc\u00ea tiver alguma d\u00favida ou preocupa\u00e7\u00e3o sobre a coleta, uso ou compartilhamento de suas informa\u00e7\u00f5es pessoais, entre em contato conosco atrav\u00e9s dos canais dispon\u00edveis em nossa Institui\u00e7\u00e3o de Ensino.<\/p>\n<p>&nbsp;<\/p>\n<p>&nbsp;<\/p>\n<p style=\"font-weight: 400;\">Atualizado em 08 de maio de 2023.<\/p>\n<p style=\"font-weight: 400;\">\n","protected":false},"excerpt":{"rendered":"<p>Querido estudante, &nbsp; \u00c9 de extrema import\u00e2ncia garantirmos a prote\u00e7\u00e3o dos dados pessoais que nos s\u00e3o confiados por cada um de voc\u00eas! &nbsp; Estamos comprometidos em manter os mais altos padr\u00f5es com a privacidade e prote\u00e7\u00e3o de dados, por isso tratamos seus dados pessoais em estrita conformidade com as leis aplic\u00e1veis de prote\u00e7\u00e3o de dados, [&hellip;]<\/p>\n","protected":false},"author":14,"featured_media":0,"parent":0,"menu_order":0,"comment_status":"closed","ping_status":"closed","template":"","meta":[],"_links":{"self":[{"href":"http:\/\/www.al.pb.leg.br\/elegispb\/index.php?rest_route=\/wp\/v2\/pages\/4449"}],"collection":[{"href":"http:\/\/www.al.pb.leg.br\/elegispb\/index.php?rest_route=\/wp\/v2\/pages"}],"about":[{"href":"http:\/\/www.al.pb.leg.br\/elegispb\/index.php?rest_route=\/wp\/v2\/types\/page"}],"author":[{"embeddable":true,"href":"http:\/\/www.al.pb.leg.br\/elegispb\/index.php?rest_route=\/wp\/v2\/users\/14"}],"replies":[{"embeddable":true,"href":"http:\/\/www.al.pb.leg.br\/elegispb\/index.php?rest_route=%2Fwp%2Fv2%2Fcomments&post=4449"}],"version-history":[{"count":3,"href":"http:\/\/www.al.pb.leg.br\/elegispb\/index.php?rest_route=\/wp\/v2\/pages\/4449\/revisions"}],"predecessor-version":[{"id":4453,"href":"http:\/\/www.al.pb.leg.br\/elegispb\/index.php?rest_route=\/wp\/v2\/pages\/4449\/revisions\/4453"}],"wp:attachment":[{"href":"http:\/\/www.al.pb.leg.br\/elegispb\/index.php?rest_route=%2Fwp%2Fv2%2Fmedia&parent=4449"}],"curies":[{"name":"wp","href":"https:\/\/api.w.org\/{rel}","templated":true}]}}