{"id":42,"date":"2010-08-12T14:49:21","date_gmt":"2010-08-12T14:49:21","guid":{"rendered":"http:\/\/www.al.pb.leg.br\/elegispb\/?page_id=42"},"modified":"2023-05-06T23:45:26","modified_gmt":"2023-05-07T02:45:26","slug":"diretoria","status":"publish","type":"page","link":"http:\/\/www.al.pb.leg.br\/elegispb\/?page_id=42","title":{"rendered":"Diretoria"},"content":{"rendered":"<div><strong>Diretora Geral:\u00a0<\/strong>Maria Helena Toscano Moura de Caldas Barros<\/div>\n<div><strong>Gerente Administrativo:<\/strong> Rodolpho Raphael de Oliveira Santos<\/div>\n<div><strong>Coordenadora Pedag\u00f3gica:\u00a0<\/strong>Maria Luiza Amorim Braz<\/div>\n<div><strong>Secret\u00e1rio Escolar:\u00a0<\/strong>Alysson de Ara\u00fajo Sales<\/div>\n<div><span style=\"color: #ffffff;\">.<\/span><\/div>\n<div>Ato do Presidente n\u00ba 23\/03 &#8211; 01\/04\/2003. O Conselho Consultivo da Escola do Legislativo est\u00e1 composto pelos seguintes \u00f3rg\u00e3os e respectivos titulares e suplentes:<\/div>\n<div id=\"comissoes\">\n<p>&nbsp;<\/p>\n<p><strong>CONSELHO CONSULTIVO<\/strong><\/p>\n<\/div>\n<div id=\"comissoes\"><strong>Escola do Legislativo<\/strong><br \/>\n<span style=\"font-weight: 300;\">Titular &#8211;\u00a0Maria Helena Toscano Moura de Caldas Barros<\/span><br \/>\n<span style=\"font-weight: 300;\">Suplente<\/span><span style=\"font-weight: 300;\">\u00a0&#8211;\u00a0Maria Luiza Amorim Braz<\/span><\/div>\n<div><strong>Secretaria Executiva<\/strong><br \/>\n<span style=\"font-weight: 300;\">Titular &#8211; Gilvan Moura<\/span><\/div>\n<div id=\"comissoes\">\n<p><strong><strong>Secretaria Legislativa<\/strong><br \/>\n<\/strong>Titular &#8211; Guilherme Ben\u00edcio<\/p>\n<p><strong><strong>Secretaria da Mesa<\/strong><br \/>\n<\/strong>Titular &#8211; Jos\u00e9 Neto<\/p>\n<p><strong><strong>Procuradoria<\/strong><br \/>\n<\/strong>Titular &#8211; Adalberto Farias J\u00fanior<\/p>\n<p>&nbsp;<\/p>\n<\/div>\n","protected":false},"excerpt":{"rendered":"<p>Diretora Geral:\u00a0Maria Helena Toscano Moura de Caldas Barros Gerente Administrativo: Rodolpho Raphael de Oliveira Santos Coordenadora Pedag\u00f3gica:\u00a0Maria Luiza Amorim Braz Secret\u00e1rio Escolar:\u00a0Alysson de Ara\u00fajo Sales . Ato do Presidente n\u00ba 23\/03 &#8211; 01\/04\/2003. O Conselho Consultivo da Escola do Legislativo est\u00e1 composto pelos seguintes \u00f3rg\u00e3os e respectivos titulares e suplentes: &nbsp; CONSELHO CONSULTIVO Escola do [&hellip;]<\/p>\n","protected":false},"author":1,"featured_media":0,"parent":2,"menu_order":1,"comment_status":"closed","ping_status":"closed","template":"","meta":[],"_links":{"self":[{"href":"http:\/\/www.al.pb.leg.br\/elegispb\/index.php?rest_route=\/wp\/v2\/pages\/42"}],"collection":[{"href":"http:\/\/www.al.pb.leg.br\/elegispb\/index.php?rest_route=\/wp\/v2\/pages"}],"about":[{"href":"http:\/\/www.al.pb.leg.br\/elegispb\/index.php?rest_route=\/wp\/v2\/types\/page"}],"author":[{"embeddable":true,"href":"http:\/\/www.al.pb.leg.br\/elegispb\/index.php?rest_route=\/wp\/v2\/users\/1"}],"replies":[{"embeddable":true,"href":"http:\/\/www.al.pb.leg.br\/elegispb\/index.php?rest_route=%2Fwp%2Fv2%2Fcomments&post=42"}],"version-history":[{"count":54,"href":"http:\/\/www.al.pb.leg.br\/elegispb\/index.php?rest_route=\/wp\/v2\/pages\/42\/revisions"}],"predecessor-version":[{"id":4444,"href":"http:\/\/www.al.pb.leg.br\/elegispb\/index.php?rest_route=\/wp\/v2\/pages\/42\/revisions\/4444"}],"up":[{"embeddable":true,"href":"http:\/\/www.al.pb.leg.br\/elegispb\/index.php?rest_route=\/wp\/v2\/pages\/2"}],"wp:attachment":[{"href":"http:\/\/www.al.pb.leg.br\/elegispb\/index.php?rest_route=%2Fwp%2Fv2%2Fmedia&parent=42"}],"curies":[{"name":"wp","href":"https:\/\/api.w.org\/{rel}","templated":true}]}}