{"id":332,"date":"2011-08-30T17:17:33","date_gmt":"2011-08-30T17:17:33","guid":{"rendered":"http:\/\/www.al.pb.leg.br\/elegispb\/?page_id=332"},"modified":"2023-04-28T22:59:59","modified_gmt":"2023-04-29T01:59:59","slug":"missao-visao","status":"publish","type":"page","link":"http:\/\/www.al.pb.leg.br\/elegispb\/?page_id=332","title":{"rendered":"Nossa Miss\u00e3o"},"content":{"rendered":"<p style=\"text-align: justify;\"><strong>MISS\u00c3O<\/strong><\/p>\n<p>&nbsp;<\/p>\n<p>Proporcionar um ensino de qualidade atrav\u00e9s de suas metas did\u00e1ticas a fim de contribuir com o crescimento intelectual de todos os servidores da Assembleia Legislativa, C\u00e2maras Municipais e da comunidade em Geral.<\/p>\n<p>&nbsp;<\/p>\n<p>&nbsp;<\/p>\n<p><strong>VIS\u00c3O<\/strong><\/p>\n<p>&nbsp;<\/p>\n<p><span class=\"Apple-style-span\">Ser instrumento de refer\u00eancia no ensino de forma\u00e7\u00e3o pol\u00edtica, processo legislativo e forma\u00e7\u00e3o para a cidadania no Estado da Para\u00edba.<\/span><\/p>\n<p>&nbsp;<\/p>\n<p>&nbsp;<\/p>\n<p style=\"text-align: justify;\"><strong>Valores<\/strong><\/p>\n<p>&nbsp;<\/p>\n<p>\u00c9tica, Responsabilidade Social, Democracia, Cidadania<\/p>\n<h1 style=\"text-align: justify;\"><\/h1>\n","protected":false},"excerpt":{"rendered":"<p>MISS\u00c3O &nbsp; Proporcionar um ensino de qualidade atrav\u00e9s de suas metas did\u00e1ticas a fim de contribuir com o crescimento intelectual de todos os servidores da Assembleia Legislativa, C\u00e2maras Municipais e da comunidade em Geral. &nbsp; &nbsp; VIS\u00c3O &nbsp; Ser instrumento de refer\u00eancia no ensino de forma\u00e7\u00e3o pol\u00edtica, processo legislativo e forma\u00e7\u00e3o para a cidadania no [&hellip;]<\/p>\n","protected":false},"author":1,"featured_media":0,"parent":2,"menu_order":2,"comment_status":"closed","ping_status":"closed","template":"","meta":[],"_links":{"self":[{"href":"http:\/\/www.al.pb.leg.br\/elegispb\/index.php?rest_route=\/wp\/v2\/pages\/332"}],"collection":[{"href":"http:\/\/www.al.pb.leg.br\/elegispb\/index.php?rest_route=\/wp\/v2\/pages"}],"about":[{"href":"http:\/\/www.al.pb.leg.br\/elegispb\/index.php?rest_route=\/wp\/v2\/types\/page"}],"author":[{"embeddable":true,"href":"http:\/\/www.al.pb.leg.br\/elegispb\/index.php?rest_route=\/wp\/v2\/users\/1"}],"replies":[{"embeddable":true,"href":"http:\/\/www.al.pb.leg.br\/elegispb\/index.php?rest_route=%2Fwp%2Fv2%2Fcomments&post=332"}],"version-history":[{"count":18,"href":"http:\/\/www.al.pb.leg.br\/elegispb\/index.php?rest_route=\/wp\/v2\/pages\/332\/revisions"}],"predecessor-version":[{"id":4406,"href":"http:\/\/www.al.pb.leg.br\/elegispb\/index.php?rest_route=\/wp\/v2\/pages\/332\/revisions\/4406"}],"up":[{"embeddable":true,"href":"http:\/\/www.al.pb.leg.br\/elegispb\/index.php?rest_route=\/wp\/v2\/pages\/2"}],"wp:attachment":[{"href":"http:\/\/www.al.pb.leg.br\/elegispb\/index.php?rest_route=%2Fwp%2Fv2%2Fmedia&parent=332"}],"curies":[{"name":"wp","href":"https:\/\/api.w.org\/{rel}","templated":true}]}}