{"id":2,"date":"2010-08-04T14:57:08","date_gmt":"2010-08-04T14:57:08","guid":{"rendered":"http:\/\/www.al.pb.leg.br\/elegispb\/?page_id=2"},"modified":"2023-05-17T12:10:07","modified_gmt":"2023-05-17T15:10:07","slug":"sobre","status":"publish","type":"page","link":"http:\/\/www.al.pb.leg.br\/elegispb\/?page_id=2","title":{"rendered":"Quem somos"},"content":{"rendered":"<p style=\"text-align: justify;\"><span style=\"font-weight: 300;\">A prepara\u00e7\u00e3o e forma\u00e7\u00e3o de agentes p\u00fablicos e pol\u00edticos\u00a0\u00e9 fator motriz de desenvolvimento social e econ\u00f4mico e requer a exist\u00eancia de institui\u00e7\u00f5es de ensino aptas a ofertarem cursos que possam promover aos seus participantes a capacidade t\u00e9cnica, as habilidades e as compet\u00eancias e dar suporte ao estabelecimento dos direitos e garantias individuais dos cidad\u00e3os expressos na Constitui\u00e7\u00e3o Federal e Estadual.<\/span><\/p>\n<p>&nbsp;<\/p>\n<p style=\"text-align: justify;\">Assim, a Escola do Legislativo da Para\u00edba foi criada em 29 de agosto de 2003, com o objetivo de oferecer suporte conceitual de natureza t\u00e9cnico-administrativa \u00e0s atividades da Assembleia Legislativa da Para\u00edba e atua permeada pelo compromisso de desenvolver a cidadania e estimular a vis\u00e3o cr\u00edtica-reflexiva da realidade, evidenciando sempre a forma\u00e7\u00e3o voltada para o conjunto da sociedade. Esta, entendida enquanto processo hist\u00f3rico de produ\u00e7\u00e3o e constru\u00e7\u00e3o humana que vai sendo engendrada e transformada a cada momento.<\/p>\n<p>&nbsp;<\/p>\n<p style=\"text-align: justify;\">Al\u00e9m de ampliar a disseminar\u00a0os valores de liberdade e igualdade &#8211;\u00a0conquistas da sociedade paraibana,\u00a0a Escola do Legislativo busca cumprir suas fun\u00e7\u00f5es espec\u00edficas no contexto institucional. A capacita\u00e7\u00e3o e a qualifica\u00e7\u00e3o dos membros e dos servidores da Assembleia Legislativa e das C\u00e2maras Municipais paraibanas serve para a melhoria do funcionamento do Poder Legislativo e o aperfei\u00e7oamento da representa\u00e7\u00e3o popular e do sistema democr\u00e1tico.<\/p>\n<p>&nbsp;<\/p>\n<p style=\"text-align: justify;\">Nessa perspectiva, a pr\u00e1tica pedag\u00f3gica da Escola do Legislativo \u00e9 permeada pelo compromisso de promover a cidadania e estimular uma vis\u00e3o cr\u00edtica, criativa e reflexiva da realidade, evidenciando sempre uma atua\u00e7\u00e3o voltada para o conjunto da sociedade.<\/p>\n<p>&nbsp;<\/p>\n<p style=\"text-align: justify;\"><span style=\"font-weight: 300;\">Assim, empenhados no compromisso com\u00a0a sociedade, buscando contribuir para o fortalecimento da democracia, para a consolida\u00e7\u00e3o de valores como\u00a0a participa\u00e7\u00e3o;\u00a0a igualdade de direitos, deveres e oportunidades; a solidariedade; a inclus\u00e3o; o respeito \u00e0s diferen\u00e7as e a justi\u00e7a social, vislumbra-se uma postura social avessa ao preconceito e \u00e0 intoler\u00e2ncia, marcada pela cultura da paz e pelo respeito m\u00fatuo.<\/span><\/p>\n<p>&nbsp;<\/p>\n<p style=\"text-align: justify;\"><span style=\"font-weight: 300;\">Cada \u00e1rea de forma\u00e7\u00e3o compreende, em seus eixos tem\u00e1ticos, as seguintes \u00eanfases: forma\u00e7\u00e3o t\u00e9cnica, pol\u00edtica, gerencial, humana e produ\u00e7\u00e3o do conhecimento.<\/span><\/p>\n<p>&nbsp;<\/p>\n","protected":false},"excerpt":{"rendered":"<p>A prepara\u00e7\u00e3o e forma\u00e7\u00e3o de agentes p\u00fablicos e pol\u00edticos\u00a0\u00e9 fator motriz de desenvolvimento social e econ\u00f4mico e requer a exist\u00eancia de institui\u00e7\u00f5es de ensino aptas a ofertarem cursos que possam promover aos seus participantes a capacidade t\u00e9cnica, as habilidades e as compet\u00eancias e dar suporte ao estabelecimento dos direitos e garantias individuais dos cidad\u00e3os expressos [&hellip;]<\/p>\n","protected":false},"author":1,"featured_media":0,"parent":0,"menu_order":1,"comment_status":"closed","ping_status":"closed","template":"","meta":[],"_links":{"self":[{"href":"http:\/\/www.al.pb.leg.br\/elegispb\/index.php?rest_route=\/wp\/v2\/pages\/2"}],"collection":[{"href":"http:\/\/www.al.pb.leg.br\/elegispb\/index.php?rest_route=\/wp\/v2\/pages"}],"about":[{"href":"http:\/\/www.al.pb.leg.br\/elegispb\/index.php?rest_route=\/wp\/v2\/types\/page"}],"author":[{"embeddable":true,"href":"http:\/\/www.al.pb.leg.br\/elegispb\/index.php?rest_route=\/wp\/v2\/users\/1"}],"replies":[{"embeddable":true,"href":"http:\/\/www.al.pb.leg.br\/elegispb\/index.php?rest_route=%2Fwp%2Fv2%2Fcomments&post=2"}],"version-history":[{"count":20,"href":"http:\/\/www.al.pb.leg.br\/elegispb\/index.php?rest_route=\/wp\/v2\/pages\/2\/revisions"}],"predecessor-version":[{"id":4470,"href":"http:\/\/www.al.pb.leg.br\/elegispb\/index.php?rest_route=\/wp\/v2\/pages\/2\/revisions\/4470"}],"wp:attachment":[{"href":"http:\/\/www.al.pb.leg.br\/elegispb\/index.php?rest_route=%2Fwp%2Fv2%2Fmedia&parent=2"}],"curies":[{"name":"wp","href":"https:\/\/api.w.org\/{rel}","templated":true}]}}