{"id":1698,"date":"2013-07-26T16:52:13","date_gmt":"2013-07-26T16:52:13","guid":{"rendered":"http:\/\/www.al.pb.leg.br\/elegispb\/?page_id=1698"},"modified":"2013-08-01T14:36:04","modified_gmt":"2013-08-01T14:36:04","slug":"1698-2","status":"publish","type":"page","link":"http:\/\/www.al.pb.leg.br\/elegispb\/?page_id=1698","title":{"rendered":""},"content":{"rendered":"<p style=\"text-align: center;\"><a href=\"http:\/\/www.al.pb.leg.br\/elegispb\/?page_id=944\"><img decoding=\"async\" loading=\"lazy\" class=\"aligncenter size-full wp-image-1740\" title=\"A\u00e7\u00f5es Institucionais\" src=\"http:\/\/www.al.pb.leg.br\/elegispb\/wp-content\/uploads\/2013\/07\/A\u00e7\u00f5es-Institucionais1.png\" alt=\"\" width=\"1036\" height=\"348\" srcset=\"http:\/\/www.al.pb.leg.br\/elegispb\/wp-content\/uploads\/2013\/07\/A\u00e7\u00f5es-Institucionais1.png 1036w, http:\/\/www.al.pb.leg.br\/elegispb\/wp-content\/uploads\/2013\/07\/A\u00e7\u00f5es-Institucionais1-300x100.png 300w, http:\/\/www.al.pb.leg.br\/elegispb\/wp-content\/uploads\/2013\/07\/A\u00e7\u00f5es-Institucionais1-1024x343.png 1024w, http:\/\/www.al.pb.leg.br\/elegispb\/wp-content\/uploads\/2013\/07\/A\u00e7\u00f5es-Institucionais1-500x167.png 500w\" sizes=\"(max-width: 1036px) 100vw, 1036px\" \/><\/a><\/p>\n<p><strong><a href=\"http:\/\/www.camara.gov.br\/\" target=\"_blank\">C\u00c2MARA DOS DEPUTADOS<\/a><\/strong><\/p>\n<ul>\n<li>A C\u00e2mara<\/li>\n<li>1\u00ba Ciclo de Debates sobre Qualidade Legislativa<\/li>\n<li>Mapa Estrat\u00e9gico Corporativo 2009\/2011<\/li>\n<li>Escrit\u00f3rios Setoriais de Gest\u00e3o Estrat\u00e9gica<\/li>\n<li>Programa Est\u00e1gio Visita de Curta Dura\u00e7\u00e3o<\/li>\n<li>Manual de Compila\u00e7\u00e3o da Legisla\u00e7\u00e3o Brasileira<\/li>\n<li>Biblioteca Digital de Teses e Disserta\u00e7\u00f5es &#8211; Atividade Legislativa<\/li>\n<li>Documentos e Pesquisa &#8211; Comunica\u00e7\u00e3o &#8211; Transpar\u00eancia<\/li>\n<li>Portal e-Democracia \u00a0&#8211; Responsabilidade Social &#8211; Parlamento Jovem (Ato da Mesa n\u00ba 49, de 2004) &#8211; Manual de Procedimentos<\/li>\n<\/ul>\n<p><strong><span style=\"text-decoration: underline;\"><a href=\"http:\/\/www.senado.gov.br\" target=\"_blank\">SENADO FEDERAL<\/a><\/span><\/strong><\/p>\n<ul>\n<li>Pol\u00edtica de Capacita\u00e7\u00e3o e Desenvolvimento dos Servidores \u00a0<span style=\"text-align: center;\">(Ato da Comiss\u00e3o Diretora n\u00ba 10, de 2011)<\/span><\/li>\n<li>Responsabilidade Social<\/li>\n<li>Portal e-Cidadania (Ato da Mesa n\u00ba 3, de 2011)<\/li>\n<li>Programa Senador Jovem Brasileiro (Resolu\u00e7\u00e3o n\u00ba 42, de 2010)<\/li>\n<li>Atividade Legislativa<\/li>\n<li>Legisla\u00e7\u00e3o Publica\u00e7\u00f5es<\/li>\n<li>Transpar\u00eancia e Controle Social<\/li>\n<\/ul>\n<p><strong><span style=\"text-decoration: underline;\"><a href=\"http:\/\/www.cl.df.gov.br\" target=\"_blank\">C\u00c2MARA LEGISLATIVA DO DISTRITO FEDERAL<\/a><\/span><\/strong><\/p>\n<ul>\n<li>Comit\u00ea de Planejamento Estrat\u00e9gico Institucional (Projeto de Resolu\u00e7\u00e3o n\u00ba 54\/2012)<\/li>\n<li>Semin\u00e1rio: Planejamento Estrat\u00e9gico e Gest\u00e3o Legislativa<\/li>\n<li>N\u00facleo de Estudos e A\u00e7\u00f5es Contra a Viol\u00eancia no Trabalho (Ato do 1\u00ba Secret\u00e1rio n\u00ba 3, de 2007)<\/li>\n<\/ul>\n<p><strong><span style=\"text-decoration: underline;\"><a href=\"http:\/\/www.aleac.net\/\" target=\"_blank\">ASSEMBLEIA LEGISLATIVA DO ESTADO DO ACRE<\/a><\/span><\/strong><\/p>\n<ul>\n<li>Encontro dos Legisladores do Acre<\/li>\n<li>Sistema de Apoio ao Processo Legislativo (SAPL)<\/li>\n<li>Parlamento Jovem Aprendiz &#8211; Portal da Transpar\u00eancia<\/li>\n<li>Di\u00e1rio Oficial Eletr\u00f4nico &#8211; Espa\u00e7o Ecum\u00eanico<\/li>\n<\/ul>\n<p><strong><span style=\"text-decoration: underline;\"><a href=\"http:\/\/www.ale.al.gov.br\/\" target=\"_blank\">ASSEMBLEIA LEGISLATIVA DO ESTADO DE ALAGOAS<\/a><\/span><\/strong><\/p>\n<ul>\n<li>Jornada de Integra\u00e7\u00e3o Legislativa<\/li>\n<\/ul>\n<p><strong><span style=\"text-decoration: underline;\"><a href=\"http:\/\/www.al.ap.gov.br\/\" target=\"_blank\">ASSEMBL\u00c9IA LEGISLATIVA DO ESTADO DO AMAP\u00c1<\/a><\/span><\/strong><\/p>\n<ul>\n<li>Portal \u2013 \u00daltimas Leis Publicadas<\/li>\n<li>\u00daltimas Proposi\u00e7\u00f5es Apresentadas<\/li>\n<li>Clipping Digitais<\/li>\n<li>Sala dos Munic\u00edpios \u2013 Di\u00e1rio Oficial Eletr\u00f4nico<\/li>\n<\/ul>\n<p><strong><span style=\"text-decoration: underline;\"><a href=\"http:\/\/www.aleam.gov.br\/\" target=\"_blank\">ASSEMBLEIA LEGISLATIVA DO ESTADO DO AMAZONAS<\/a><\/span><\/strong><\/p>\n<ul>\n<li>UNIALEM \u2013 Universidade da Assembl\u00e9ia Legislativa do Amazonas<\/li>\n<li>Ag\u00eancia de Not\u00edcias<\/li>\n<li>Radio ALE<\/li>\n<li>Di\u00e1rio Oficial do Legislativo Eletr\u00f4nico<\/li>\n<\/ul>\n<p><strong><span style=\"text-decoration: underline;\"><a href=\"http:\/\/www.al.ba.gov.br\" target=\"_blank\">ASSEMBLEIA LEGISLATIVA DO ESTADO DA BAHIA<\/a><\/span><\/strong><\/p>\n<ul>\n<li>Assembl\u00e9ia Itinerante<\/li>\n<li>Programa Editorial<\/li>\n<li>Alba Transpar\u00eancia (Ato da Presid\u00eancia n\u00ba 38.468\/2012)<\/li>\n<\/ul>\n<p><strong><span style=\"text-decoration: underline;\"><a href=\"http:\/\/www.al.ce.gov.br\/\" target=\"_blank\">ASSEMBLEIA LEGISLATIVA DO ESTADO DO CEAR\u00c1<\/a><\/span><\/strong><\/p>\n<ul>\n<li>AL Not\u00edcias<\/li>\n<li>Publica\u00e7\u00f5es: Guia do Consumidor, Manual do Consumidor, Roteiro de Aplica\u00e7\u00f5es de \u00a0Defesa do Consumidor, Pacto das \u00c1guas, Cidadania e os Poderes da Rep\u00fablica<\/li>\n<li>Escrit\u00f3rio Frei Tito<\/li>\n<li>Projeto Iniciativa Compartilhada<\/li>\n<li>Procon Memorial\u00a0 \u2013 Consultoria Parlamentar<\/li>\n<\/ul>\n<p><strong><span style=\"text-decoration: underline;\"><a href=\"http:\/\/www.al.es.gov.br\" target=\"_blank\">ASSEMBLEIA LEGISLATIVA DO ESTADO DO ESP\u00cdRITO SANTO<\/a><\/span><\/strong><\/p>\n<ul>\n<li>Centro de Mem\u00f3ria ( Resolu\u00e7\u00e3o n\u00ba 2.282\/2005)<\/li>\n<li>Casa dos Munic\u00edpios (Resolu\u00e7\u00e3o n\u00ba 1.948, de 14\/06\/2000)<\/li>\n<li>Pr\u00eamio Cidade Cidad\u00e3 (Lei n\u00ba 9.155\/2009)<\/li>\n<li>Projeto Reciclales (Escola do Legislativo)<\/li>\n<\/ul>\n<p><strong><span style=\"text-decoration: underline;\"><a href=\"http:\/\/www.assembleia.go.gov.br\" target=\"_blank\">ASSEMBLEIA LEGISLATIVA DO ESTADO DE GOI\u00c1S<\/a><\/span><\/strong><\/p>\n<ul>\n<li>Escola do Legislativo<\/li>\n<li>Assessoramento Tem\u00e1tico &#8211; Procuradoria<\/li>\n<li>A Institui\u00e7\u00e3o<\/li>\n<li>Comiss\u00f5es<\/li>\n<li>Transpar\u00eancia<\/li>\n<li>Di\u00e1rio da Assembl\u00e9ia \u2013 Fale conosco<\/li>\n<\/ul>\n<p><strong><span style=\"text-decoration: underline;\"><a href=\"http:\/\/www.al.ma.gov.br\" target=\"_blank\">ASSEMBLEIA LEGISLATIVA DO ESTADO DO MARANH\u00c3O<\/a><\/span><\/strong><\/p>\n<ul>\n<li>Jornada de Integra\u00e7\u00e3o Legislativa<\/li>\n<li>Parlamento Estudantil<\/li>\n<li>Consultoria Legislativa<\/li>\n<li>TV Legislativa \u2013 Informe (Balan\u00e7o Semanal)<\/li>\n<\/ul>\n<p><strong><span style=\"text-decoration: underline;\"><a href=\"http:\/\/www.al.mt.gov.br\" target=\"_blank\">ASSEMBLEIA LEGISLATIVA DO ESTADO DO MATO GROSSO<\/a><\/span><\/strong><\/p>\n<ul>\n<li>A\u00e7\u00f5es e Programas<\/li>\n<li>C\u00e2mara Setorial Tem\u00e1tica<\/li>\n<li>Carta de Servi\u00e7os ao Cidad\u00e3o<\/li>\n<li>Planejamento Estrat\u00e9gico<\/li>\n<li>Qualidade nos Servi\u00e7os Por dentro do Parlamento<\/li>\n<li>Valoriza\u00e7\u00e3o do Colaborado<\/li>\n<li>Servi\u00e7o de Informa\u00e7\u00e3o ao Cidad\u00e3o (SIC)<\/li>\n<\/ul>\n<p><strong><span style=\"text-decoration: underline;\"><a href=\"http:\/\/www.al.ms.gov.br\" target=\"_blank\">ASSEMBLEIA LEGISLATIVA DO ESTADO DO MATO GROSSO DO SUL<\/a><\/span><\/strong><strong>\u00a0<\/strong><\/p>\n<ul>\n<li>Escola do Legislativo \u2013 (Projeto Conhecendo o Parlamento)<\/li>\n<li>Centro de Sa\u00fade da ALMS \u2013 Parlamento Jovem<\/li>\n<li>Mapa do Site \u2013 Lista de Autoridades<\/li>\n<\/ul>\n<p><strong><span style=\"text-decoration: underline;\"><a href=\"http:\/\/www.almg.gov.br\/home\/index.html\" target=\"_blank\">ASSEMBLEIA LEGISLATIVA DO ESTADO DE MINAS GERAIS<\/a><\/span><\/strong><\/p>\n<ul>\n<li>Assembl\u00e9ia Cidad\u00e3 (Portaria n\u00ba 1.762\/2011)<\/li>\n<li>Direcionamento Estrat\u00e9gico \u2013 Assembl\u00e9ia 2020<\/li>\n<li>Congresso Internacional de Leg\u00edstica<\/li>\n<li>Relat\u00f3rio Institucional 2012<\/li>\n<li>Intera\u00e7\u00e3o e Participa\u00e7\u00e3o Virtual ( Delibera\u00e7\u00e3o n\u00ba 2.519, de 26 de setembro de 2011)<\/li>\n<li>Escola do Legislativo<\/li>\n<li>Alma Cultural \u2013 Apoio as C\u00e2maras<\/li>\n<li>Educa\u00e7\u00e3o para Cidadania \u00a0&#8211; Participe<\/li>\n<li>Publica\u00e7\u00f5es\u00a0 &#8211; Procon<\/li>\n<\/ul>\n<p><strong><span style=\"text-decoration: underline;\"><a href=\"http:\/\/www.alepa.pa.gov.br\/alepa\/index.php\" target=\"_blank\">ASSEMBL\u00c9IA LEGISLATIVA DO ESTADO DO PAR\u00c1<\/a><\/span><\/strong><\/p>\n<ul>\n<li>Banco de Leis<\/li>\n<li>Resumo do Plen\u00e1rio<\/li>\n<li>Relat\u00f3rio de Investiga\u00e7\u00f5es das CPI\u2019S<\/li>\n<\/ul>\n<p><strong><span style=\"text-decoration: underline;\"><a href=\"http:\/\/www.al.pb.leg.br\/\" target=\"_blank\">ASSEMBLEIA LEGISLATIVA DO ESTADO DA PARA\u00cdBA<\/a><\/span><\/strong><\/p>\n<ul>\n<li>Agenda Positiva:\u00a0 SOS seca \u2013 Outubro Rosa &#8211; Semana de Preven\u00e7\u00e3o do C\u00e2ncer de Pr\u00f3stata<\/li>\n<li>Sistema de Leis &#8211; Colet\u00e2nea de Leis Estaduais<\/li>\n<li>F\u00f3rum Legislativo &#8211; Parlamento Mirim &#8211; Memorial<\/li>\n<li>Oficina de Mem\u00f3ria \u2013 Divis\u00e3o de Psicologia<\/li>\n<li>TV Assembl\u00e9ia &#8211; V\u00eddeos em Destaque<\/li>\n<li>Escola do Legislativo<\/li>\n<li>Associa\u00e7\u00e3o Promocional do Poder Legislativo (APPL)<\/li>\n<\/ul>\n<p><strong><span style=\"text-decoration: underline;\"><a href=\"http:\/\/www.alep.pr.gov.br\/\" target=\"_blank\">ASSEMBLEIA LEGISLATIVA DO ESTADO DO PARAN\u00c1<\/a><\/span><\/strong><\/p>\n<ul>\n<li>Dicion\u00e1rio Legislativo &#8211; Quest\u00f5es de Ordem<\/li>\n<li>Sess\u00f5es de Interioriza\u00e7\u00e3o &#8211; Modelo de Proposi\u00e7\u00f5es &#8211; Manual<\/li>\n<\/ul>\n<p><strong><span style=\"text-decoration: underline;\"><a href=\"http:\/\/www.alepe.pe.gov.br\/home\/index.php\" target=\"_blank\">ASSEMBLEIA LEGISLATIVA DO ESTADO DE PERNAMBUCO<\/a><\/span><\/strong><\/p>\n<ul>\n<li>\u00a0Semana Estadual de Educa\u00e7\u00e3o do Poder Legislativo (Resolu\u00e7\u00e3o n\u00ba 7.26, de 2 de agosto de 2005)<\/li>\n<li>Semana Estadual de Seguran\u00e7a P\u00fablica do Poder legislativo (Resolu\u00e7\u00e3o n\u00ba 802, de 19 de dezembro de 2006)<\/li>\n<li>Escola do Legislativo: (Plano de A\u00e7\u00f5es Integradas)<\/li>\n<li>Monografias e Trabalhos<\/li>\n<li>ALEPE LEGIS \u2013 Legisla\u00e7\u00e3o Estadual de Pernambuco<\/li>\n<li>A\u00e7\u00f5es Culturais:<\/li>\n<li>Caf\u00e9 com Poesia<\/li>\n<li>Segunda Cultural<\/li>\n<li>Mem\u00f3ria Viva<\/li>\n<\/ul>\n<p><strong><span style=\"text-decoration: underline;\"><a href=\"http:www.alepi.pi.gov.br\" target=\"_blank\">ASSEMBLEIA LEGISLATIVA DO ESTADO DO PIAU\u00cd<\/a><\/span><\/strong><\/p>\n<ul>\n<li>Ou\u00e7a agora nossa radio<\/li>\n<li>Transpar\u00eancia<\/li>\n<li>Noticias<\/li>\n<\/ul>\n<p><strong><span style=\"text-decoration: underline;\"><a href=\"http:\/\/www.alerj.rj.gov.br\" target=\"_blank\">ASSEMBLEIA LEGISLATIVA DO ESTADO DO RIO DE JANEIRO<\/a><\/span><\/strong><\/p>\n<ul>\n<li>Escola do Legislativo<\/li>\n<li>Comiss\u00e3o de Defesa do Consumidor<\/li>\n<li>Acesso \u00e0 Informa\u00e7\u00e3o \u2013 Perguntas e Respostas<\/li>\n<li>Parlamento Juvenil \u2013 Jornal ALERJ<\/li>\n<li>Linhks \u00dateis \u2013 Al\u00f4 Alerj on line<\/li>\n<\/ul>\n<p><strong><span style=\"text-decoration: underline;\"><a href=\"http:\/\/www.al.rs.gov.br\/site\/\" target=\"_blank\">ASSEMBLEIA LEGISLATIVA DO ESTADO DO RIO GRANDE DO SUL<\/a><\/span><\/strong><\/p>\n<ul>\n<li>Espa\u00e7o do Vereador<\/li>\n<li>Memorial do Legislativo<\/li>\n<li>Est\u00e1gio de Estudante (Resolu\u00e7\u00e3o n\u00ba 8.82\/2008, atualizado at\u00e9 a Resolu\u00e7\u00e3o n\u00ba 1.047, de 28 de junho de \u00a02011)<\/li>\n<\/ul>\n<p><strong><span style=\"text-decoration: underline;\"><a href=\"http:\/\/www.al.rn.gov.br\/\" target=\"_blank\">ASSEMBLEIA LEGISLATIVA DO ESTADO DO RIO GRANDE DO NORTE<\/a><\/span><\/strong><\/p>\n<ul>\n<li>Assembl\u00e9ia Itinerante &#8211; Assembl\u00e9ia Cidad\u00e3 &#8211; Assembl\u00e9ia Cultural<\/li>\n<li>Selo Liter\u00e1rio \u2013 Atividades Legislativas<\/li>\n<li>Cine Assembl\u00e9ia \u2013 Procon Legislativo<\/li>\n<\/ul>\n<p><strong><span style=\"text-decoration: underline;\"><a href=\"http:\/\/www.alerondonia.kinghost.net\/\" target=\"_blank\">ASSEMBLEIA LEGISLATIVA DO ESTADO DE ROND\u00d4NIA<\/a><\/span><\/strong><\/p>\n<ul>\n<li>SIPLE \u2013 Sistema de Informa\u00e7\u00e3o ao Poder Legislativo<\/li>\n<li>Ficha Limpa Estadual \u2013 Resolu\u00e7\u00e3o n\u00ba 234 de 13 de mar\u00e7o de 2013<\/li>\n<\/ul>\n<p><strong><span style=\"text-decoration: underline;\"><a href=\"http:\/\/www.al.rr.gov.br\/M001\/M0011000.asp?txtID_PRINCIPAL=2\" target=\"_blank\">ASSEMBLEIA LEGISLATIVA DO ESTADO DE RORAIMA<\/a><\/span><\/strong><\/p>\n<ul>\n<li>Centro Humanit\u00e1rio de Apoio \u00e0 Mulher &#8211; (www.chamerr.com.br)<\/li>\n<li>Di\u00e1rio da Assembl\u00e9ia<\/li>\n<\/ul>\n<p><strong><span style=\"text-decoration: underline;\"><a href=\"http:\/\/www.al.sp.gov.br\" target=\"_blank\">ASSEMBLEIA LEGISLATIVA DO ESTADO DE S\u00c3O PAULO<\/a><\/span><\/strong><\/p>\n<ul>\n<li>Instituto Legislativo Paulista &#8211; 2012\/2013<\/li>\n<li>Parlamento Transparente &#8211; Parlamento Jovem \u2013 Acervo Hist\u00f3rico<\/li>\n<li>Poder Constituinte de 1989 &#8211; Estudos e Manuais\u00a0 &#8211; Indicadores e Diagn\u00f3sticos &#8211; Processo Legislativo \u2013 Comunidade<\/li>\n<li>Administra\u00e7\u00e3o da ALESP<\/li>\n<\/ul>\n<p><strong><span style=\"text-decoration: underline;\"><a href=\"http:\/\/www.alesc.sc.gov.br\/portal\/index.php\" target=\"_blank\">ASSEMBLEIA LEGISLATIVA DO ESTADO DE SANTA CATARINA<\/a><\/span><\/strong><\/p>\n<ul>\n<li>Comiss\u00e3o dos Direitos da Pessoa com Defici\u00eancia &#8211; Relat\u00f3rio de Atividades 2012<\/li>\n<li>Revista Virtual<\/li>\n<li>Portal Assembl\u00e9ia Inclusiva<\/li>\n<li>Escola do Legislativo<\/li>\n<\/ul>\n<p><strong><span style=\"text-decoration: underline;\"><a href=\"http:\/\/www.al.se.gov.br\/\" target=\"_blank\">ASSEMBLEIA LEGISLATIVA DO ESTADO DE SERGIPE<\/a><\/span><\/strong><\/p>\n<ul>\n<li>Leis Estaduais \u2013 Estat\u00edsticas de Acesso<\/li>\n<li>Transpar\u00eancia ALESE<\/li>\n<li>Escola do Legislativo (Resolu\u00e7\u00e3o n\u00ba 22\/2003)<\/li>\n<li>Projeto Vivenciando o Poder Legislativo (Resolu\u00e7\u00e3o n\u00ba 05\/2005)<\/li>\n<li>Sess\u00e3o Plen\u00e1ria do Estudante<\/li>\n<\/ul>\n<p><strong><span style=\"text-decoration: underline;\"><a href=\"http:\/\/www.al.to.gov.br\/\" target=\"_blank\">ASSEMBLEIA LEGISLATIVA DO ESTADO DO TOCANTINS<\/a><\/span><\/strong><\/p>\n<ul>\n<li>Parlamento Popular<\/li>\n<li>Assembl\u00e9ia Participativa \u2013 (Resolu\u00e7\u00e3o n\u00ba 254, de 10 de abril de 2007)<\/li>\n<li>Legisla\u00e7\u00e3o<\/li>\n<li>SAPL \u2013 Sistema de Apoio ao Processo Legislativo<\/li>\n<li>Di\u00e1rio da Assembl\u00e9ia<\/li>\n<\/ul>\n","protected":false},"excerpt":{"rendered":"<p>C\u00c2MARA DOS DEPUTADOS A C\u00e2mara 1\u00ba Ciclo de Debates sobre Qualidade Legislativa Mapa Estrat\u00e9gico Corporativo 2009\/2011 Escrit\u00f3rios Setoriais de Gest\u00e3o Estrat\u00e9gica Programa Est\u00e1gio Visita de Curta Dura\u00e7\u00e3o Manual de Compila\u00e7\u00e3o da Legisla\u00e7\u00e3o Brasileira Biblioteca Digital de Teses e Disserta\u00e7\u00f5es &#8211; Atividade Legislativa Documentos e Pesquisa &#8211; Comunica\u00e7\u00e3o &#8211; Transpar\u00eancia Portal e-Democracia \u00a0&#8211; Responsabilidade Social &#8211; [&hellip;]<\/p>\n","protected":false},"author":1,"featured_media":0,"parent":944,"menu_order":0,"comment_status":"closed","ping_status":"closed","template":"","meta":[],"_links":{"self":[{"href":"http:\/\/www.al.pb.leg.br\/elegispb\/index.php?rest_route=\/wp\/v2\/pages\/1698"}],"collection":[{"href":"http:\/\/www.al.pb.leg.br\/elegispb\/index.php?rest_route=\/wp\/v2\/pages"}],"about":[{"href":"http:\/\/www.al.pb.leg.br\/elegispb\/index.php?rest_route=\/wp\/v2\/types\/page"}],"author":[{"embeddable":true,"href":"http:\/\/www.al.pb.leg.br\/elegispb\/index.php?rest_route=\/wp\/v2\/users\/1"}],"replies":[{"embeddable":true,"href":"http:\/\/www.al.pb.leg.br\/elegispb\/index.php?rest_route=%2Fwp%2Fv2%2Fcomments&post=1698"}],"version-history":[{"count":12,"href":"http:\/\/www.al.pb.leg.br\/elegispb\/index.php?rest_route=\/wp\/v2\/pages\/1698\/revisions"}],"predecessor-version":[{"id":1701,"href":"http:\/\/www.al.pb.leg.br\/elegispb\/index.php?rest_route=\/wp\/v2\/pages\/1698\/revisions\/1701"}],"up":[{"embeddable":true,"href":"http:\/\/www.al.pb.leg.br\/elegispb\/index.php?rest_route=\/wp\/v2\/pages\/944"}],"wp:attachment":[{"href":"http:\/\/www.al.pb.leg.br\/elegispb\/index.php?rest_route=%2Fwp%2Fv2%2Fmedia&parent=1698"}],"curies":[{"name":"wp","href":"https:\/\/api.w.org\/{rel}","templated":true}]}}