{"id":1613,"date":"2013-06-07T11:18:52","date_gmt":"2013-06-07T11:18:52","guid":{"rendered":"http:\/\/www.al.pb.leg.br\/elegispb\/?page_id=1613"},"modified":"2013-06-07T11:20:45","modified_gmt":"2013-06-07T11:20:45","slug":"disciplina-e-aprendizagem","status":"publish","type":"page","link":"http:\/\/www.al.pb.leg.br\/elegispb\/?page_id=1613","title":{"rendered":"Disciplina e Aprendizagem"},"content":{"rendered":"<p style=\"text-align: left;\">Qual \u00e9 a<strong>\u00a0rela\u00e7\u00e3o entre a disciplina e a aprendizagem?<\/strong>\u00a0Resposta: trata-se de uma rela\u00e7\u00e3o\u00a0<strong>diretamente proporcional<\/strong>, na medida em que\u00a0<strong>quanto mais se aprende mais o candidato tende a se tornar disciplinado.<\/strong><\/p>\n<p style=\"text-align: center;\"><strong><\/strong><a href=\"http:\/\/www.al.pb.leg.br\/elegispb\/wp-content\/uploads\/2013\/05\/FPQE_ED18_091005_disciplina.jpg\"><img decoding=\"async\" loading=\"lazy\" class=\"aligncenter\" title=\"Disciplina\" src=\"http:\/\/www.al.pb.leg.br\/elegispb\/wp-content\/uploads\/2013\/05\/FPQE_ED18_091005_disciplina.jpg\" alt=\"\" width=\"468\" height=\"320\" \/><\/a><\/p>\n<p>O objetivo do presente texto consiste no desenvolvimento desta rela\u00e7\u00e3o, por meio da apresenta\u00e7\u00e3o de\u00a0<strong>fundamentos<\/strong>\u00a0para a sustenta\u00e7\u00e3o da afirma\u00e7\u00e3o colocada, com o desenvolvimento de conceitos de grande utilidade para aqueles que v\u00eaem empreendendo seus esfor\u00e7os na busca da aprova\u00e7\u00e3o no concurso p\u00fablico.<\/p>\n<p>A disciplina e a aprendizagem articuladas geram um\u00a0<strong>espetacular c\u00edrculo virtuoso<\/strong>, com repercuss\u00f5es\u00a0tanto para a disciplina, quanto para a aprendizagem.<\/p>\n<p>Em rela\u00e7\u00e3o \u00e0 aprendizagem, h\u00e1\u00a0<strong>dois fundamentos relevantes<\/strong>\u00a0que sustentam a compreens\u00e3o apresentada.<\/p>\n<p>O primeiro consiste na id\u00e9ia da\u00a0<strong>plasticidade cerebral<\/strong>, o qual consiste em conceito estabelecido no \u00e2mbito da neuroci\u00eancia, envolvendo uma l\u00f3gica de adapta\u00e7\u00e3o e amplia\u00e7\u00e3o da atividade do c\u00e9rebro, em fun\u00e7\u00e3o das demandas submetidas por meio de est\u00edmulos. Ou seja,\u00a0<strong>quanto mais se fortalece e cria conex\u00f5es, mais aumenta a capacidade de respostas<\/strong>.<\/p>\n<p>Outro conceito relevante sobre a aprendizagem envolve a din\u00e2mica dos\u00a0<strong>processos cognitivos<\/strong>. E existem diversos fundamentos consistentes para justificar esta no\u00e7\u00e3o.<\/p>\n<p>Dentre estes, destaca-se as constru\u00e7\u00f5es de\u00a0<strong>David Ausubel<\/strong>, importante autor sobre teorias da aprendizagem, integrante do paradigma que agrega as chamadas\u00a0<strong>teorias cognitivistas<\/strong>. Segundo Ausubel,\u00a0<strong>o processo de aprender deve se desenvolver por meio ancoragens<\/strong>, de modo que uma nova informa\u00e7\u00e3o, para que seja apropriada intelectualmente, deve ser compreendida a partir de um conceito anterior. Esta no\u00e7\u00e3o envolve as \u00e2ncoras ou\u00a0<strong>subsun\u00e7ores,<\/strong>conforme denomina o autor.<\/p>\n<p>Trazendo tal compreens\u00e3o para a realidade da prepara\u00e7\u00e3o para o concurso p\u00fablico, um exemplo pr\u00e1tico seria a id\u00e9ia de que para aprendermos a classifica\u00e7\u00e3o das constitui\u00e7\u00f5es, quanto \u00e0 muta\u00e7\u00e3o constitucional, o que envolve as esp\u00e9cies r\u00edgida, semi-r\u00edgida e flex\u00edvel, \u00e9 preciso entender a diferen\u00e7a entre poder constituinte origin\u00e1rio e derivado. Ou seja, como poderia entender o conceito de mudan\u00e7a do texto constitucional, se n\u00e3o domino o conceito de poder constituinte derivado? Da mesma forma, para entender o conceito de tributo, nos termos do art. 3\u00ba do C\u00f3digo Tribut\u00e1rio, preciso contar com a apropria\u00e7\u00e3o intelectual e cognitiva do conceito de ato administrativo vinculado, o que pressup\u00f5e a compreens\u00e3o do conceito de ato administrativo e da diferen\u00e7a para o ato discricion\u00e1rio.<\/p>\n<p>Assim, partindo das referidas premissas relacionadas \u00e0 aprendizagem, \u00e9 preciso compreender que, quanto mais estudamos, inclusive de forma disciplinada, mais \u00e2ncoras criamos. Neste sentido, venho sustentando que\u00a0<strong>o avan\u00e7o da din\u00e2mica da aprendizagem, no caso, n\u00e3o ocorre em progress\u00e3o aritm\u00e9tica (PA), mas em progress\u00e3o geom\u00e9trica (PG).<\/strong><\/p>\n<p>E da\u00ed vem a rela\u00e7\u00e3o entre a aprendizagem e a disciplina.<\/p>\n<p>A amplia\u00e7\u00e3o da plasticidade cerebral, bem como os avan\u00e7os do dom\u00ednio de \u00e2ncoras conceituais, tende, de forma l\u00f3gica e natural, a fazer com que, por um lado, os desgastes e os esfor\u00e7os cognitivos diminuam. Por outro lado, at\u00e9 como conseq\u00fc\u00eancia da diminui\u00e7\u00e3o do desgaste intelectual, tamb\u00e9m tende a tornar a aprendizagem e os estudos voltados \u00e0 prepara\u00e7\u00e3o para sele\u00e7\u00f5es classificat\u00f3rias at\u00e9 mesmo mais prazerosos.<\/p>\n<p>Portanto, \u00e9 preciso que o candidato tenha consci\u00eancia e compreenda tr\u00eas id\u00e9ias fundamentais: (1) quanto mais disciplinado e emprenhado se mant\u00e9m, mais tende a minimizar o desgaste dos estudos e mais aumenta suas capacidade cognitiva, tornando a prepara\u00e7\u00e3o para o concurso inclusive mais prazerosa; (2) com isto, refor\u00e7a e alimenta a disciplina; (3) tamb\u00e9m \u00e9 importante entender que a apropria\u00e7\u00e3o intelectual dos conceitos estudados pode funcionar como \u00e2ncoras conceituais, enquanto antecedentes l\u00f3gicos, para a apropria\u00e7\u00e3o de novos conceitos.<\/p>\n<p>Bons estudos, com disciplina, avan\u00e7o na aprendizagem, nas \u00e2ncoras e na plasticidade!<\/p>\n","protected":false},"excerpt":{"rendered":"<p>Qual \u00e9 a\u00a0rela\u00e7\u00e3o entre a disciplina e a aprendizagem?\u00a0Resposta: trata-se de uma rela\u00e7\u00e3o\u00a0diretamente proporcional, na medida em que\u00a0quanto mais se aprende mais o candidato tende a se tornar disciplinado. O objetivo do presente texto consiste no desenvolvimento desta rela\u00e7\u00e3o, por meio da apresenta\u00e7\u00e3o de\u00a0fundamentos\u00a0para a sustenta\u00e7\u00e3o da afirma\u00e7\u00e3o colocada, com o desenvolvimento de conceitos de [&hellip;]<\/p>\n","protected":false},"author":1,"featured_media":0,"parent":1432,"menu_order":0,"comment_status":"closed","ping_status":"open","template":"","meta":[],"_links":{"self":[{"href":"http:\/\/www.al.pb.leg.br\/elegispb\/index.php?rest_route=\/wp\/v2\/pages\/1613"}],"collection":[{"href":"http:\/\/www.al.pb.leg.br\/elegispb\/index.php?rest_route=\/wp\/v2\/pages"}],"about":[{"href":"http:\/\/www.al.pb.leg.br\/elegispb\/index.php?rest_route=\/wp\/v2\/types\/page"}],"author":[{"embeddable":true,"href":"http:\/\/www.al.pb.leg.br\/elegispb\/index.php?rest_route=\/wp\/v2\/users\/1"}],"replies":[{"embeddable":true,"href":"http:\/\/www.al.pb.leg.br\/elegispb\/index.php?rest_route=%2Fwp%2Fv2%2Fcomments&post=1613"}],"version-history":[{"count":3,"href":"http:\/\/www.al.pb.leg.br\/elegispb\/index.php?rest_route=\/wp\/v2\/pages\/1613\/revisions"}],"predecessor-version":[{"id":1615,"href":"http:\/\/www.al.pb.leg.br\/elegispb\/index.php?rest_route=\/wp\/v2\/pages\/1613\/revisions\/1615"}],"up":[{"embeddable":true,"href":"http:\/\/www.al.pb.leg.br\/elegispb\/index.php?rest_route=\/wp\/v2\/pages\/1432"}],"wp:attachment":[{"href":"http:\/\/www.al.pb.leg.br\/elegispb\/index.php?rest_route=%2Fwp%2Fv2%2Fmedia&parent=1613"}],"curies":[{"name":"wp","href":"https:\/\/api.w.org\/{rel}","templated":true}]}}