{"id":126,"date":"2012-05-21T10:00:40","date_gmt":"2012-05-21T10:00:40","guid":{"rendered":"http:\/\/www.al.pb.leg.br\/elegispb\/?page_id=126"},"modified":"2013-04-19T14:11:57","modified_gmt":"2013-04-19T14:11:57","slug":"126-2","status":"publish","type":"page","link":"http:\/\/www.al.pb.leg.br\/elegispb\/?page_id=126","title":{"rendered":"Curso de Ingl\u00eas"},"content":{"rendered":"<p style=\"text-align: center;\"><strong>DEZ DICAS INFAL\u00cdVEIS PARA QUEM QUER APRENDER INGL\u00caS<\/strong><\/p>\n<p style=\"text-align: right;\">Ulisses Carvalho<\/p>\n<p>Antes de ler o texto, leia novamente o t\u00edtulo deste\u00a0<em>post<\/em>: \u201c<strong>Dez\u00a0dicas infal\u00edveis para quem quer aprender ingl\u00eas<\/strong>\u201c. N\u00e3o se esque\u00e7a de que \u201cinfal\u00edvel\u201d n\u00e3o \u00e9 sin\u00f4nimo de simples nem de f\u00e1cil. Nunca \u00e9 demais dizer que sem empenho, dedica\u00e7\u00e3o e, principalmente, uma boa dose de paci\u00eancia nenhum esfor\u00e7o dar\u00e1 resultado. Portanto, siga as orienta\u00e7\u00f5es abaixo e aumente suas chances de sucesso no aprendizado da l\u00edngua inglesa. Bons estudos!<\/p>\n<h2><strong>1. Organiza\u00e7\u00e3o \/ Espa\u00e7o<\/strong><\/h2>\n<p>Assim como quando voc\u00ea vai fazer uma dieta as primeiras provid\u00eancias s\u00e3o encher a geladeira de verduras, frutas e legumes e se livrar de todas as guloseimas da casa, antes de come\u00e7ar a estudar ingl\u00eas \u00e9 necess\u00e1rio organizar um espa\u00e7o para isso. Para poder se concentrar nos estudos \u00e9 fundamental dispor de um espa\u00e7o adequado, silencioso, iluminado e agrad\u00e1vel. Uma mesa, que esteja sempre arrumada e um computador com os equipamentos necess\u00e1rios, como fones de ouvido ou caixas de som, microfone, dicion\u00e1rios em papel e\/ou online, livros para consulta etc. Essas ferramentas permitir\u00e3o que voc\u00ea se dedique aos estudos e possa aproveitar ao m\u00e1ximo seu tempo dispon\u00edvel.<br \/>\n<strong><\/strong><\/p>\n<p><strong>2. Planejamento \/ Tempo<\/strong><\/p>\n<p><strong><img decoding=\"async\" loading=\"lazy\" class=\"alignright\" title=\"calendar\" src=\"http:\/\/www.teclasap.com.br\/blog\/wp-content\/uploads\/2010\/02\/calendar.jpg\" alt=\"calendar 10 dicas infal\u00edveis para quem quer aprender ingl\u00eas\" width=\"130\" height=\"130\" \/><\/strong>\u00a0Liste todas as suas atividades e o tempo que dedica a elas. Seja honesto consigo e avalie se conseguir\u00e1 incluir o estudo de ingl\u00eas em sua agenda. Se perceber que ficar\u00e1 sobrecarregado, n\u00e3o tem jeito, ser\u00e1 preciso estabelecer prioridades e abrir m\u00e3o de algum, ou alguns, dos itens da lista.<\/p>\n<p><strong>3. Regularidade<\/strong><\/p>\n<p>Depois de decidir quanto tempo da sua rotina ser\u00e1 dedicado ao estudo da l\u00edngua inglesa, \u00e9 importante que voc\u00ea distribua as horas de estudo para n\u00e3o deixar um espa\u00e7o muito grande entre elas. \u00c9 mais produtivo, por exemplo, estudar quatro vezes por semana, uma hora por dia, do que quatro horas em um mesmo dia.<\/p>\n<p><strong>4. Exposi\u00e7\u00e3o<\/strong><\/p>\n<p>N\u00e3o perca a oportunidade de estar exposto ao idioma. Mesmo que voc\u00ea n\u00e3o viva num pa\u00eds onde a l\u00edngua falada \u00e9 o ingl\u00eas, voc\u00ea pode ter acesso ao idioma falado e escrito por meio de filmes, m\u00fasicas, programas de TV, CNN, livros, jornais, revistas etc. Se o seu televisor dispuser do recurso, aperte a tecla SAP sempre que poss\u00edvel, ou seja, assista \u00e0 programa\u00e7\u00e3o no idioma original. A exposi\u00e7\u00e3o \u00e9 a forma mais natural e eficiente de, aos poucos,\u00a0adquirir vocabul\u00e1rio e assimilar as constru\u00e7\u00f5es de um l\u00edngua estrangeira.<\/p>\n<p><strong>5. Prazer<\/strong><\/p>\n<p><strong><img decoding=\"async\" loading=\"lazy\" class=\"alignright\" title=\"200116687-001\" src=\"http:\/\/www.teclasap.com.br\/blog\/wp-content\/uploads\/2010\/02\/chocolate.jpg\" alt=\"chocolate 10 dicas infal\u00edveis para quem quer aprender ingl\u00eas\" width=\"132\" height=\"173\" \/><\/strong>Na medida do poss\u00edvel, tente associar o estudo \u00e0quilo de que voc\u00ea gosta. Procure textos que falem sobre assuntos de seu interesse, leia e traduza as letras das m\u00fasicas e cante junto com a sua banda favorita entendendo o que a can\u00e7\u00e3o diz, por exemplo. Sabe aquele filme que voc\u00ea adora e conhece de tr\u00e1s para frente porque j\u00e1 viu um zilh\u00e3o de vezes? Reveja-o, s\u00f3 que agora com a legenda em ingl\u00eas, e depois veja de novo, s\u00f3 que sem legenda. Com s\u00e9ries e programas de TV tamb\u00e9m d\u00e1 certo.<\/p>\n<h2><strong>6. Persist\u00eancia<\/strong><\/h2>\n<p>No in\u00edcio de um novo projeto estamos sempre muito animados, por\u00e9m, a disposi\u00e7\u00e3o inicial constuma desaparecer com o passar do tempo. No estudo de qualquer idioma \u00e9 importante que se tenha consci\u00eancia de que os resultados vir\u00e3o a longo prazo e de que eles s\u00e3o dif\u00edceis de serem mensurados. Por isso, o planejamento inicial \u00e9 t\u00e3o importante e deve ser realista, pois esta ser\u00e1 a sua rotina por um bom tempo. N\u00e3o \u00e9 poss\u00edvel determinar um tempo exato para a aprendizagem pois s\u00e3o diversos os fatores que influenciam nesse processo, por\u00e9m podemos afirmar sem medo de errar que ningu\u00e9m aprende uma nova l\u00edngua em tr\u00eas meses. Al\u00e9m disso, h\u00e1 que se respeitar as diferen\u00e7as pessoais, pois ningu\u00e9m aprende as coisas do mesmo jeito nem no mesmo tempo.<\/p>\n<p><strong>7. Motiva\u00e7\u00e3o<\/strong><\/p>\n<p>Durante todo o processo de aprendizagem, voc\u00ea deve ter em mente qual o motivo que te levou a estudar ingl\u00eas. Reflita se quer ou precisa estudar ingl\u00eas. Se a resposta for a primeira op\u00e7\u00e3o, tudo ser\u00e1 mais f\u00e1cil. Agora, se voc\u00ea encara o estudo como uma obriga\u00e7\u00e3o, talvez a sua motiva\u00e7\u00e3o esteja nos frutos que esse esfor\u00e7o lhe trar\u00e1. Assim como o nadador campe\u00e3o ol\u00edmpico e mundial C\u00e9sar Cielo escreve no teto do quarto o tempo a ser batido nas piscinas, se lembrar do quanto ganhar\u00e1 no final do processo \u00e9 o que te dar\u00e1 disposi\u00e7\u00e3o para superar os obst\u00e1culos do percurso.<\/p>\n<p><strong>8. Curiosidade<\/strong><\/p>\n<p><strong><img decoding=\"async\" loading=\"lazy\" class=\"alignright\" title=\"curious\" src=\"http:\/\/www.teclasap.com.br\/blog\/wp-content\/uploads\/2010\/02\/curious.jpg\" alt=\"curious 10 dicas infal\u00edveis para quem quer aprender ingl\u00eas\" width=\"189\" height=\"125\" \/><\/strong>Deixe a pregui\u00e7a mental de lado e se diponha a aprender sempre que poss\u00edvel. Esta dica n\u00e3o vale apenas para o ingl\u00eas, mas para o seu desenvolvimento em diversas \u00e1reas tamb\u00e9m. Quanto mais exercitar sua curiosidade, mais f\u00e1cil ser\u00e1 aprender o que quer que seja.<\/p>\n<h2><strong>9. Contexto<\/strong><\/h2>\n<p>Tenha cuidado para n\u00e3o perder tempo com exerc\u00edcios equivocados, como as decorebas. Os idiomas n\u00e3o podem ser tratados como c\u00f3digos, nos quais para cada palavra de um existe uma correspondente exata no outro. Se assim fosse, bastaria decorar o dicion\u00e1rio para se falar outra l\u00edngua. Encare o idioma estrangeiro como um sistema, um universo novo \u2013 \u00e0s vezes\u00a0complexo e aparentemente il\u00f3gico \u2013 no qual voc\u00ea entra e, aos poucos, vai descobrindo suas caracter\u00edsticas, identificando diferen\u00e7as e semelhan\u00e7as com o seu mundo, ou seja, a sua l\u00edngua materna.<\/p>\n<p><strong>10. Coragem<\/strong><\/p>\n<p>Um dos maiores obst\u00e1culos para quem deseja falar outra l\u00edngua \u00e9 a timidez. \u00c9 natural n\u00e3o se sentir \u00e0 vontade para come\u00e7ar a esbo\u00e7ar um di\u00e1logo num outro idioma, pois sabemos que no come\u00e7o os erros s\u00e3o inevit\u00e1veis. Por\u00e9m, \u00e9 preciso lembrar que os erros s\u00e3o t\u00e3o inevit\u00e1veis quanto necess\u00e1rios. N\u00e3o se esque\u00e7a de que \u00e9 assim que todo mundo aprende. N\u00e3o tenha medo de errar e n\u00e3o perca a oportunidade de colocar em pr\u00e1tica o que aprendeu, mesmo que seja pouco.<\/p>\n<ul>\n<li><strong><a href=\"http:\/\/www.al.pb.leg.br\/elegispb\/?page_id=1124\" target=\"_blank\">COMO MELHORAR SEU INGL\u00caS<\/a><\/strong><\/li>\n<\/ul>\n<p>&nbsp;<\/p>\n","protected":false},"excerpt":{"rendered":"<p>DEZ DICAS INFAL\u00cdVEIS PARA QUEM QUER APRENDER INGL\u00caS Ulisses Carvalho Antes de ler o texto, leia novamente o t\u00edtulo deste\u00a0post: \u201cDez\u00a0dicas infal\u00edveis para quem quer aprender ingl\u00eas\u201c. N\u00e3o se esque\u00e7a de que \u201cinfal\u00edvel\u201d n\u00e3o \u00e9 sin\u00f4nimo de simples nem de f\u00e1cil. Nunca \u00e9 demais dizer que sem empenho, dedica\u00e7\u00e3o e, principalmente, uma boa dose de [&hellip;]<\/p>\n","protected":false},"author":1,"featured_media":0,"parent":45,"menu_order":0,"comment_status":"closed","ping_status":"closed","template":"","meta":[],"_links":{"self":[{"href":"http:\/\/www.al.pb.leg.br\/elegispb\/index.php?rest_route=\/wp\/v2\/pages\/126"}],"collection":[{"href":"http:\/\/www.al.pb.leg.br\/elegispb\/index.php?rest_route=\/wp\/v2\/pages"}],"about":[{"href":"http:\/\/www.al.pb.leg.br\/elegispb\/index.php?rest_route=\/wp\/v2\/types\/page"}],"author":[{"embeddable":true,"href":"http:\/\/www.al.pb.leg.br\/elegispb\/index.php?rest_route=\/wp\/v2\/users\/1"}],"replies":[{"embeddable":true,"href":"http:\/\/www.al.pb.leg.br\/elegispb\/index.php?rest_route=%2Fwp%2Fv2%2Fcomments&post=126"}],"version-history":[{"count":21,"href":"http:\/\/www.al.pb.leg.br\/elegispb\/index.php?rest_route=\/wp\/v2\/pages\/126\/revisions"}],"predecessor-version":[{"id":1430,"href":"http:\/\/www.al.pb.leg.br\/elegispb\/index.php?rest_route=\/wp\/v2\/pages\/126\/revisions\/1430"}],"up":[{"embeddable":true,"href":"http:\/\/www.al.pb.leg.br\/elegispb\/index.php?rest_route=\/wp\/v2\/pages\/45"}],"wp:attachment":[{"href":"http:\/\/www.al.pb.leg.br\/elegispb\/index.php?rest_route=%2Fwp%2Fv2%2Fmedia&parent=126"}],"curies":[{"name":"wp","href":"https:\/\/api.w.org\/{rel}","templated":true}]}}