{"id":1192,"date":"2012-08-07T16:54:13","date_gmt":"2012-08-07T16:54:13","guid":{"rendered":"http:\/\/www.al.pb.leg.br\/elegispb\/?page_id=1192"},"modified":"2026-03-05T12:40:21","modified_gmt":"2026-03-05T15:40:21","slug":"equipe","status":"publish","type":"page","link":"http:\/\/www.al.pb.leg.br\/elegispb\/?page_id=1192","title":{"rendered":"Equipe"},"content":{"rendered":"<h4 align=\"center\"><a href=\"http:\/\/www.al.pb.leg.br\/elegispb\/wp-content\/uploads\/2023\/05\/IMG_3350-scaled.jpg\"><img decoding=\"async\" loading=\"lazy\" class=\"wp-image-4475 size-medium aligncenter\" title=\"MH\" src=\"http:\/\/www.al.pb.leg.br\/elegispb\/wp-content\/uploads\/2023\/05\/IMG_3350-scaled-e1684867371551-238x300.jpg\" alt=\"\" width=\"238\" height=\"300\" srcset=\"http:\/\/www.al.pb.leg.br\/elegispb\/wp-content\/uploads\/2023\/05\/IMG_3350-scaled-e1684867371551-238x300.jpg 238w, http:\/\/www.al.pb.leg.br\/elegispb\/wp-content\/uploads\/2023\/05\/IMG_3350-scaled-e1684867371551-812x1024.jpg 812w, http:\/\/www.al.pb.leg.br\/elegispb\/wp-content\/uploads\/2023\/05\/IMG_3350-scaled-e1684867371551-768x969.jpg 768w, http:\/\/www.al.pb.leg.br\/elegispb\/wp-content\/uploads\/2023\/05\/IMG_3350-scaled-e1684867371551-1217x1536.jpg 1217w, http:\/\/www.al.pb.leg.br\/elegispb\/wp-content\/uploads\/2023\/05\/IMG_3350-scaled-e1684867371551.jpg 1353w\" sizes=\"(max-width: 238px) 100vw, 238px\" \/><\/a><\/h4>\n<h4 align=\"center\">Diretoria Geral: Prof. <strong>Maria Helena Toscano\u00a0<\/strong><\/h4>\n<h4 align=\"center\"><a href=\"http:\/\/www.al.pb.leg.br\/elegispb\/wp-content\/uploads\/2026\/03\/IMG_8744.png\"><img decoding=\"async\" loading=\"lazy\" class=\"aligncenter wp-image-4843 size-medium\" src=\"http:\/\/www.al.pb.leg.br\/elegispb\/wp-content\/uploads\/2026\/03\/IMG_8744-e1772725209841-237x300.png\" alt=\"\" width=\"237\" height=\"300\" srcset=\"http:\/\/www.al.pb.leg.br\/elegispb\/wp-content\/uploads\/2026\/03\/IMG_8744-e1772725209841-237x300.png 237w, http:\/\/www.al.pb.leg.br\/elegispb\/wp-content\/uploads\/2026\/03\/IMG_8744-e1772725209841.png 708w\" sizes=\"(max-width: 237px) 100vw, 237px\" \/><\/a><\/h4>\n<h4 align=\"center\">Ger\u00eancia Administrativa:<strong> Prof. Rodolpho Raphael<\/strong><\/h4>\n<h4 align=\"center\"><\/h4>\n<h4 align=\"center\"><strong><a href=\"http:\/\/www.al.pb.leg.br\/elegispb\/wp-content\/uploads\/2023\/05\/WhatsApp-Image-2023-05-03-at-15.20.27-e1683144448213.jpeg\"><img decoding=\"async\" loading=\"lazy\" class=\"wp-image-4415 size-medium aligncenter\" title=\"DSC03479\" src=\"http:\/\/www.al.pb.leg.br\/elegispb\/wp-content\/uploads\/2023\/05\/WhatsApp-Image-2023-05-03-at-15.20.27-e1683144448213-211x300.jpeg\" alt=\"\" width=\"211\" height=\"300\" srcset=\"http:\/\/www.al.pb.leg.br\/elegispb\/wp-content\/uploads\/2023\/05\/WhatsApp-Image-2023-05-03-at-15.20.27-e1683144448213-211x300.jpeg 211w, http:\/\/www.al.pb.leg.br\/elegispb\/wp-content\/uploads\/2023\/05\/WhatsApp-Image-2023-05-03-at-15.20.27-e1683144448213-722x1024.jpeg 722w, http:\/\/www.al.pb.leg.br\/elegispb\/wp-content\/uploads\/2023\/05\/WhatsApp-Image-2023-05-03-at-15.20.27-e1683144448213-768x1090.jpeg 768w, http:\/\/www.al.pb.leg.br\/elegispb\/wp-content\/uploads\/2023\/05\/WhatsApp-Image-2023-05-03-at-15.20.27-e1683144448213.jpeg 854w\" sizes=\"(max-width: 211px) 100vw, 211px\" \/><\/a><\/strong><\/h4>\n<h4 align=\"center\">Coordena\u00e7\u00e3o Pedag\u00f3gica: <strong>\u00a0Prof\u00aa Lu\u00edza Braz<\/strong><\/h4>\n<p>&nbsp;<\/p>\n<p style=\"text-align: center;\"><a href=\"http:\/\/www.al.pb.leg.br\/elegispb\/wp-content\/uploads\/2012\/08\/DSC03534.jpg\"><img decoding=\"async\" loading=\"lazy\" class=\"size-medium wp-image-3516 aligncenter\" title=\"DSC03534\" src=\"http:\/\/www.al.pb.leg.br\/elegispb\/wp-content\/uploads\/2012\/08\/DSC03534-199x300.jpg\" alt=\"\" width=\"199\" height=\"300\" srcset=\"http:\/\/www.al.pb.leg.br\/elegispb\/wp-content\/uploads\/2012\/08\/DSC03534-199x300.jpg 199w, http:\/\/www.al.pb.leg.br\/elegispb\/wp-content\/uploads\/2012\/08\/DSC03534-681x1024.jpg 681w\" sizes=\"(max-width: 199px) 100vw, 199px\" \/><\/a><\/p>\n<h4 align=\"center\">Secret\u00e1rio Escolar: <strong>\u00a0Allyson Sales<\/strong><\/h4>\n<h4 style=\"text-align: center;\" align=\"center\"><strong><a href=\"http:\/\/www.al.pb.leg.br\/elegispb\/wp-content\/uploads\/2023\/05\/WhatsApp-Image-2023-05-03-at-22.36.23-e1683426690548.jpeg\"><img decoding=\"async\" loading=\"lazy\" class=\"wp-image-4438 size-medium aligncenter\" title=\"DSC03487\" src=\"http:\/\/www.al.pb.leg.br\/elegispb\/wp-content\/uploads\/2023\/05\/WhatsApp-Image-2023-05-03-at-22.36.23-e1683426690548-209x300.jpeg\" alt=\"\" width=\"209\" height=\"300\" srcset=\"http:\/\/www.al.pb.leg.br\/elegispb\/wp-content\/uploads\/2023\/05\/WhatsApp-Image-2023-05-03-at-22.36.23-e1683426690548-209x300.jpeg 209w, http:\/\/www.al.pb.leg.br\/elegispb\/wp-content\/uploads\/2023\/05\/WhatsApp-Image-2023-05-03-at-22.36.23-e1683426690548.jpeg 473w\" sizes=\"(max-width: 209px) 100vw, 209px\" \/><\/a><\/strong><\/h4>\n<h4 style=\"text-align: center;\" align=\"center\">Apoio da Coordena\u00e7\u00e3o Pedag\u00f3gica: <strong>Karla Danielle Leite<\/strong><\/h4>\n<h4 style=\"text-align: left;\" align=\"center\"><\/h4>\n<h4 align=\"center\"><a href=\"http:\/\/www.al.pb.leg.br\/elegispb\/wp-content\/uploads\/2023\/04\/IMG_8856-scaled.jpg\"><img decoding=\"async\" loading=\"lazy\" class=\"wp-image-4397 size-medium aligncenter\" title=\"DSC03505\" src=\"http:\/\/www.al.pb.leg.br\/elegispb\/wp-content\/uploads\/2023\/04\/IMG_8856-200x300.jpg\" alt=\"\" width=\"200\" height=\"300\" srcset=\"http:\/\/www.al.pb.leg.br\/elegispb\/wp-content\/uploads\/2023\/04\/IMG_8856-200x300.jpg 200w, http:\/\/www.al.pb.leg.br\/elegispb\/wp-content\/uploads\/2023\/04\/IMG_8856-683x1024.jpg 683w, http:\/\/www.al.pb.leg.br\/elegispb\/wp-content\/uploads\/2023\/04\/IMG_8856-768x1152.jpg 768w, http:\/\/www.al.pb.leg.br\/elegispb\/wp-content\/uploads\/2023\/04\/IMG_8856-1024x1536.jpg 1024w, http:\/\/www.al.pb.leg.br\/elegispb\/wp-content\/uploads\/2023\/04\/IMG_8856-1365x2048.jpg 1365w, http:\/\/www.al.pb.leg.br\/elegispb\/wp-content\/uploads\/2023\/04\/IMG_8856-scaled.jpg 1707w\" sizes=\"(max-width: 200px) 100vw, 200px\" \/><\/a><\/h4>\n<h4 align=\"center\">Assistente Social: <strong style=\"text-align: left;\">Philomena Fernandes<\/strong><\/h4>\n<h4 align=\"center\"><a href=\"http:\/\/www.al.pb.leg.br\/elegispb\/wp-content\/uploads\/2023\/04\/IMG_8900-scaled-e1682732710847.jpg\"><img decoding=\"async\" loading=\"lazy\" class=\"size-medium wp-image-4396 aligncenter\" src=\"http:\/\/www.al.pb.leg.br\/elegispb\/wp-content\/uploads\/2023\/04\/IMG_8900-scaled-e1682732710847-235x300.jpg\" alt=\"\" width=\"235\" height=\"300\" srcset=\"http:\/\/www.al.pb.leg.br\/elegispb\/wp-content\/uploads\/2023\/04\/IMG_8900-scaled-e1682732710847-235x300.jpg 235w, http:\/\/www.al.pb.leg.br\/elegispb\/wp-content\/uploads\/2023\/04\/IMG_8900-scaled-e1682732710847-801x1024.jpg 801w, http:\/\/www.al.pb.leg.br\/elegispb\/wp-content\/uploads\/2023\/04\/IMG_8900-scaled-e1682732710847-768x981.jpg 768w, http:\/\/www.al.pb.leg.br\/elegispb\/wp-content\/uploads\/2023\/04\/IMG_8900-scaled-e1682732710847-1202x1536.jpg 1202w, http:\/\/www.al.pb.leg.br\/elegispb\/wp-content\/uploads\/2023\/04\/IMG_8900-scaled-e1682732710847.jpg 1336w\" sizes=\"(max-width: 235px) 100vw, 235px\" \/><\/a><\/h4>\n<h4 align=\"center\">Apoio ao Pr\u00e9-Enem:\u00a0 <strong style=\"text-align: left;\">\u00c9rica Marinho<\/strong><\/h4>\n<p><a href=\"http:\/\/www.al.pb.leg.br\/elegispb\/wp-content\/uploads\/2023\/04\/IMG_8892-scaled.jpg\"><img decoding=\"async\" loading=\"lazy\" class=\"size-medium wp-image-4395 aligncenter\" src=\"http:\/\/www.al.pb.leg.br\/elegispb\/wp-content\/uploads\/2023\/04\/IMG_8892-200x300.jpg\" alt=\"\" width=\"200\" height=\"300\" srcset=\"http:\/\/www.al.pb.leg.br\/elegispb\/wp-content\/uploads\/2023\/04\/IMG_8892-200x300.jpg 200w, http:\/\/www.al.pb.leg.br\/elegispb\/wp-content\/uploads\/2023\/04\/IMG_8892-683x1024.jpg 683w, http:\/\/www.al.pb.leg.br\/elegispb\/wp-content\/uploads\/2023\/04\/IMG_8892-768x1152.jpg 768w, http:\/\/www.al.pb.leg.br\/elegispb\/wp-content\/uploads\/2023\/04\/IMG_8892-1024x1536.jpg 1024w, http:\/\/www.al.pb.leg.br\/elegispb\/wp-content\/uploads\/2023\/04\/IMG_8892-1365x2048.jpg 1365w, http:\/\/www.al.pb.leg.br\/elegispb\/wp-content\/uploads\/2023\/04\/IMG_8892-scaled.jpg 1707w\" sizes=\"(max-width: 200px) 100vw, 200px\" \/><\/a><\/p>\n<h4 align=\"center\">\u00a0Monitora Presencial e Tutora EAD: Shirley Tanure<\/h4>\n<p>&nbsp;<\/p>\n<p>&nbsp;<\/p>\n<p><a href=\"http:\/\/www.al.pb.leg.br\/elegispb\/wp-content\/uploads\/2023\/05\/WhatsApp-Image-2023-05-23-at-15.13.43.jpeg\"><img decoding=\"async\" loading=\"lazy\" class=\"size-medium wp-image-4474 aligncenter\" src=\"http:\/\/www.al.pb.leg.br\/elegispb\/wp-content\/uploads\/2023\/05\/WhatsApp-Image-2023-05-23-at-15.13.43-225x300.jpeg\" alt=\"\" width=\"225\" height=\"300\" srcset=\"http:\/\/www.al.pb.leg.br\/elegispb\/wp-content\/uploads\/2023\/05\/WhatsApp-Image-2023-05-23-at-15.13.43-225x300.jpeg 225w, http:\/\/www.al.pb.leg.br\/elegispb\/wp-content\/uploads\/2023\/05\/WhatsApp-Image-2023-05-23-at-15.13.43-768x1024.jpeg 768w, http:\/\/www.al.pb.leg.br\/elegispb\/wp-content\/uploads\/2023\/05\/WhatsApp-Image-2023-05-23-at-15.13.43-1152x1536.jpeg 1152w, http:\/\/www.al.pb.leg.br\/elegispb\/wp-content\/uploads\/2023\/05\/WhatsApp-Image-2023-05-23-at-15.13.43.jpeg 1200w\" sizes=\"(max-width: 225px) 100vw, 225px\" \/><\/a><\/p>\n<h4 align=\"center\">Psic\u00f3loga: Dr\u00aa Vanda Borges<\/h4>\n","protected":false},"excerpt":{"rendered":"<p>Diretoria Geral: Prof. Maria Helena Toscano\u00a0 Ger\u00eancia Administrativa: Prof. Rodolpho Raphael Coordena\u00e7\u00e3o Pedag\u00f3gica: \u00a0Prof\u00aa Lu\u00edza Braz &nbsp; Secret\u00e1rio Escolar: \u00a0Allyson Sales Apoio da Coordena\u00e7\u00e3o Pedag\u00f3gica: Karla Danielle Leite Assistente Social: Philomena Fernandes Apoio ao Pr\u00e9-Enem:\u00a0 \u00c9rica Marinho \u00a0Monitora Presencial e Tutora EAD: Shirley Tanure &nbsp; &nbsp; Psic\u00f3loga: Dr\u00aa Vanda Borges<\/p>\n","protected":false},"author":1,"featured_media":4143,"parent":42,"menu_order":0,"comment_status":"closed","ping_status":"open","template":"","meta":[],"_links":{"self":[{"href":"http:\/\/www.al.pb.leg.br\/elegispb\/index.php?rest_route=\/wp\/v2\/pages\/1192"}],"collection":[{"href":"http:\/\/www.al.pb.leg.br\/elegispb\/index.php?rest_route=\/wp\/v2\/pages"}],"about":[{"href":"http:\/\/www.al.pb.leg.br\/elegispb\/index.php?rest_route=\/wp\/v2\/types\/page"}],"author":[{"embeddable":true,"href":"http:\/\/www.al.pb.leg.br\/elegispb\/index.php?rest_route=\/wp\/v2\/users\/1"}],"replies":[{"embeddable":true,"href":"http:\/\/www.al.pb.leg.br\/elegispb\/index.php?rest_route=%2Fwp%2Fv2%2Fcomments&post=1192"}],"version-history":[{"count":71,"href":"http:\/\/www.al.pb.leg.br\/elegispb\/index.php?rest_route=\/wp\/v2\/pages\/1192\/revisions"}],"predecessor-version":[{"id":4844,"href":"http:\/\/www.al.pb.leg.br\/elegispb\/index.php?rest_route=\/wp\/v2\/pages\/1192\/revisions\/4844"}],"up":[{"embeddable":true,"href":"http:\/\/www.al.pb.leg.br\/elegispb\/index.php?rest_route=\/wp\/v2\/pages\/42"}],"wp:featuredmedia":[{"embeddable":true,"href":"http:\/\/www.al.pb.leg.br\/elegispb\/index.php?rest_route=\/wp\/v2\/media\/4143"}],"wp:attachment":[{"href":"http:\/\/www.al.pb.leg.br\/elegispb\/index.php?rest_route=%2Fwp%2Fv2%2Fmedia&parent=1192"}],"curies":[{"name":"wp","href":"https:\/\/api.w.org\/{rel}","templated":true}]}}