{"id":1046,"date":"2012-05-14T18:41:28","date_gmt":"2012-05-14T18:41:28","guid":{"rendered":"http:\/\/www.al.pb.leg.br\/elegispb\/?page_id=1046"},"modified":"2012-05-14T19:07:37","modified_gmt":"2012-05-14T19:07:37","slug":"como-escolher-sua-profissao","status":"publish","type":"page","link":"http:\/\/www.al.pb.leg.br\/elegispb\/?page_id=1046","title":{"rendered":"Como escolher sua profiss\u00e3o"},"content":{"rendered":"<p>Algumas pessoas j\u00e1 sabem desde muito cedo o que querem fazer da vida, que carreira e profiss\u00e3o seguir. Contudo, essa n\u00e3o \u00e9 a realidade para a maioria dos estudantes, muitos chegam ao ponto de n\u00e3o ter ideia sobre qual carreira prestar j\u00e1 na \u00e9poca de inscri\u00e7\u00f5es para o vestibular.<\/p>\n<p>O fato \u00e9 que mesmo os que j\u00e1 tem definido o que anseiam profissionalmente muitas vezes mudam de opini\u00e3o, largam a faculdade e at\u00e9 o trabalho ap\u00f3s formados e enveredam-se em outro vestibular para tentar outra carreira. N\u00e3o raramente, totalmente diferente da carreira anterior.<\/p>\n<p>S\u00e3o arquitetos que pretendem ser m\u00fasicos, advogados que querem ser m\u00e9dicos, enfermeiras que pretendem trabalhar na \u00e1rea de inform\u00e1tica e at\u00e9 cirugi\u00f5es que largam o bisturi para se tornarem administradores.<\/p>\n<p>Mas ent\u00e3o, o que fazer para se escolher a profiss\u00e3o correta? N\u00e3o h\u00e1 f\u00f3rmula m\u00e1gica, mas alguns pontos devem ser levados em conta na hora em que voc\u00ea estiver buscando a profiss\u00e3o ideal.<\/p>\n<h3><strong><span style=\"color: #000000;\">CARREIRA E VOCA\u00c7\u00d5ES<\/span><\/strong><\/h3>\n<p>\u00c9 importante saber quais s\u00e3o suas voca\u00e7\u00f5es. \u00c9 fato que com trabalho \u00e1rduo e muita dedica\u00e7\u00e3o todos podem ser bem sucedidos, mas todos possuem voca\u00e7\u00f5es distintas que podem ajudar na escolha da carreira. Procure saber quais s\u00e3o suas voca\u00e7\u00f5es.<\/p>\n<h3><strong><span style=\"color: #000000;\">SONHO X REALIDADE<\/span><\/strong><\/h3>\n<p>A primeira pergunta que voc\u00ea se deve fazer antes de qualquer escolha \u00e9: \u201cO que voc\u00ea espera de sua futura profiss\u00e3o?\u201d Ser bem sucedido? Fazer o que gosta mesmo que ganhe pouco com isso? Viajar o mundo?\u00a0 Ganhar bem?<br \/>\nQuem n\u00e3o sabe pra onde quer ir n\u00e3o chega a lugar nenhum. Escreva o que lhe motiva e veja quais carreiras mais se relacionam com suas caracter\u00edsticas.<\/p>\n<h3><strong><span style=\"color: #000000;\">MERCADOS SATURADOS<\/span><\/strong><\/h3>\n<p>\u00c9 fato que algumas profiss\u00f5es est\u00e3o com o mercado saturado de profissionais. Isso n\u00e3o significa que voc\u00ea ficar\u00e1 desempregado depois de se formar, mas pode realmente tornar mais dif\u00edcil conseguir um bom emprego.<\/p>\n<div>Para resolver esta quest\u00e3o voc\u00ea precisa ponderar sobre os seguintes pontos relativos a uma carreira saturada:<\/div>\n<p><strong>1<\/strong>&#8211; Com o mercado saturado fica mais dif\u00edcil conseguir um bom emprego.<br \/>\n<strong>2-<\/strong> \u00c9 necess\u00e1rio se especializar para poder entrar no mercado.<br \/>\n<strong>3<\/strong>&#8211; O sucesso profissional pode independer do sucesso financeiro.<br \/>\n<strong>4<\/strong>&#8211; Muitas vezes \u00e9 ncess\u00e1rio persist\u00eancia e determina\u00e7\u00e3o extra para ser bem sucedido.<\/p>\n<h3><strong><span style=\"color: #000000;\">PROFISS\u00d5ES EM ALTA<\/span><\/strong><\/h3>\n<p>Muito se fala sobre as profiss\u00f5es em alta. Profiss\u00f5es da \u00e1rea de inform\u00e1tica e engenharia de petr\u00f3leo, por exemplo, s\u00e3o anunciadas como as profiss\u00f5es do futuro. Contudo, uma profiss\u00e3o estar em ascens\u00e3o no momento n\u00e3o significa que ela vai estar em alta quando voc\u00ea entrar no mercado de trabalho.<\/p>\n<p>At\u00e9 voc\u00ea se formar e realmente entrar no mercado de trabalho, muitas coisas podem mudar. Com a grande procura dos estudantes por carreiras ligadas \u00e0 inform\u00e1tica, o mercado tende a futuramente a n\u00e3o estar t\u00e3o aberto a novos profissionais como atualmente.<\/p>\n<h3><strong><span style=\"color: #000000;\">VENDO AL\u00c9M<\/span><\/strong><\/h3>\n<p>Ao escolher uma profiss\u00e3o o estudante deve ver al\u00e9m do horizonte. Enquato a maioria dos estudantes pesquisa apenas o mercado atual e a possibilidade futura de mercado para a carreira que pretende seguir, h\u00e1 diversos outros fatores que devem ser analisados antes de tomar a decis\u00e3o e que na grande maioria das vezes s\u00e3o esquecidos.<\/p>\n<p><strong>1<\/strong> \u2013 O mercado para a carreira que voc\u00ea pretende seguir est\u00e1 saturado no Brasil, mas pode estar em alta em outros pa\u00edses. Enquanto h\u00e1 muitas enfermeiras se formando no Brasil, pa\u00edses como os EUA e Canad\u00e1 est\u00e3o com um mercado carente de profissionais desta \u00e1rea. Se voc\u00ea estiver disposto a se especializar na l\u00edngua e a se dedicar um pouco mais, pode conseguir um bom emprego em outro pa\u00eds.<\/p>\n<p>Procure saber o que \u00e9 necess\u00e1rio para exercer a profiss\u00e3o que voc\u00ea pretende seguir em outros pa\u00edses.<\/p>\n<p><strong>2 <\/strong>\u2013 Algumas profiss\u00f5es est\u00e3o sempre se modificado, o engenheiro de hoje sem d\u00favida n\u00e3o \u00e9 mais o mesmo engenheiro que entrava no mercado h\u00e1 10 anos. Procure saber\u00a0 os caminhos que a profiss\u00e3o que voc\u00ea pretende seguir est\u00e1 tomando e veja o que \u00e9 necess\u00e1rio para ser bem sucedido nela.<\/p>\n<p>Tenha sempre em mente que a chave do sucesso para qualquer carreira \u00e9 ser feliz fazendo aquilo que se gosta. No entanto, trabalho n\u00e3o \u00e9 lazer e mais do que fazer o que se gosta \u00e9 preciso ser bem pago pra isso para que atrav\u00e9s do seu trabalho voc\u00ea possa futuramente suprir suas necessidades b\u00e1sicas e possivelmente de sua fam\u00edlia.<\/p>\n","protected":false},"excerpt":{"rendered":"<p>Algumas pessoas j\u00e1 sabem desde muito cedo o que querem fazer da vida, que carreira e profiss\u00e3o seguir. Contudo, essa n\u00e3o \u00e9 a realidade para a maioria dos estudantes, muitos chegam ao ponto de n\u00e3o ter ideia sobre qual carreira prestar j\u00e1 na \u00e9poca de inscri\u00e7\u00f5es para o vestibular. O fato \u00e9 que mesmo os [&hellip;]<\/p>\n","protected":false},"author":1,"featured_media":0,"parent":229,"menu_order":0,"comment_status":"closed","ping_status":"open","template":"","meta":[],"_links":{"self":[{"href":"http:\/\/www.al.pb.leg.br\/elegispb\/index.php?rest_route=\/wp\/v2\/pages\/1046"}],"collection":[{"href":"http:\/\/www.al.pb.leg.br\/elegispb\/index.php?rest_route=\/wp\/v2\/pages"}],"about":[{"href":"http:\/\/www.al.pb.leg.br\/elegispb\/index.php?rest_route=\/wp\/v2\/types\/page"}],"author":[{"embeddable":true,"href":"http:\/\/www.al.pb.leg.br\/elegispb\/index.php?rest_route=\/wp\/v2\/users\/1"}],"replies":[{"embeddable":true,"href":"http:\/\/www.al.pb.leg.br\/elegispb\/index.php?rest_route=%2Fwp%2Fv2%2Fcomments&post=1046"}],"version-history":[{"count":4,"href":"http:\/\/www.al.pb.leg.br\/elegispb\/index.php?rest_route=\/wp\/v2\/pages\/1046\/revisions"}],"predecessor-version":[{"id":1050,"href":"http:\/\/www.al.pb.leg.br\/elegispb\/index.php?rest_route=\/wp\/v2\/pages\/1046\/revisions\/1050"}],"up":[{"embeddable":true,"href":"http:\/\/www.al.pb.leg.br\/elegispb\/index.php?rest_route=\/wp\/v2\/pages\/229"}],"wp:attachment":[{"href":"http:\/\/www.al.pb.leg.br\/elegispb\/index.php?rest_route=%2Fwp%2Fv2%2Fmedia&parent=1046"}],"curies":[{"name":"wp","href":"https:\/\/api.w.org\/{rel}","templated":true}]}}