{"id":1042,"date":"2012-05-14T18:30:07","date_gmt":"2012-05-14T18:30:07","guid":{"rendered":"http:\/\/www.al.pb.leg.br\/elegispb\/?page_id=1042"},"modified":"2012-05-14T18:30:07","modified_gmt":"2012-05-14T18:30:07","slug":"conselhos-para-passar-nos-melhores-vestibulares","status":"publish","type":"page","link":"http:\/\/www.al.pb.leg.br\/elegispb\/?page_id=1042","title":{"rendered":"Conselhos para passar nos melhores vestibulares"},"content":{"rendered":"<p><strong>O QUE AJUDA<\/strong><\/p>\n<p>1) A primeira regra \u00e9 um ensino m\u00e9dio bem-feito. A boa escola n\u00e3o s\u00f3 deve passar o conte\u00fado das mat\u00e9rias como ensinar o aluno a pensar sobre o que aprendeu.<\/p>\n<p>2) Leia livros, revistas e jornais e n\u00e3o apenas o material did\u00e1tico. A leitura ajuda a articula\u00e7\u00e3o de id\u00e9ias, melhora o vocabul\u00e1rio e prepara para a compreens\u00e3o de enunciados na hora da prova.<\/p>\n<p>3) Escolha cedo o curso universit\u00e1rio que pretende fazer. Isso ajuda a diminuir a tens\u00e3o \u00e0s v\u00e9speras da prova e a dirigir o plano de estudo a um objetivo espec\u00edfico.<\/p>\n<p>4) Aprenda desde cedo uma l\u00edngua estrangeira, de prefer\u00eancia o ingl\u00eas. Ser\u00e1 uma mat\u00e9ria a menos para estudar \u00e0s v\u00e9speras do vestibular.<\/p>\n<p>5) Conhe\u00e7a a universidade e o vestibular aos quais pretende candidatar-se. As provas do passado podem fornecer a chave de como ser\u00e1 o exame, pois as universidades seguem um padr\u00e3o.<\/p>\n<p>6) Procure garantir boas notas no in\u00edcio do 3\u00ba ano do ensino m\u00e9dio. Voc\u00ea ficar\u00e1 livre do fardo de melhorar a m\u00e9dia no fim do ano.<\/p>\n<p>7) O cursinho \u00e9 um \u00f3timo recurso para os vestibulares com testes de m\u00faltipla escolha e para quem tem dificuldade de organizar-se para estudar. Mas sua efic\u00e1cia \u00e9 relativa para provas escritas e dissertativas.<\/p>\n<p>8) Para quem freq\u00fcenta bom col\u00e9gio e tem capacidade de concentra\u00e7\u00e3o, \u00e9 suficiente estudar tr\u00eas horas por dia, al\u00e9m do per\u00edodo de aula. Os demais precisam dedicar-se um pouco mais.<\/p>\n","protected":false},"excerpt":{"rendered":"<p>O QUE AJUDA 1) A primeira regra \u00e9 um ensino m\u00e9dio bem-feito. A boa escola n\u00e3o s\u00f3 deve passar o conte\u00fado das mat\u00e9rias como ensinar o aluno a pensar sobre o que aprendeu. 2) Leia livros, revistas e jornais e n\u00e3o apenas o material did\u00e1tico. A leitura ajuda a articula\u00e7\u00e3o de id\u00e9ias, melhora o vocabul\u00e1rio [&hellip;]<\/p>\n","protected":false},"author":1,"featured_media":0,"parent":229,"menu_order":0,"comment_status":"closed","ping_status":"open","template":"","meta":[],"_links":{"self":[{"href":"http:\/\/www.al.pb.leg.br\/elegispb\/index.php?rest_route=\/wp\/v2\/pages\/1042"}],"collection":[{"href":"http:\/\/www.al.pb.leg.br\/elegispb\/index.php?rest_route=\/wp\/v2\/pages"}],"about":[{"href":"http:\/\/www.al.pb.leg.br\/elegispb\/index.php?rest_route=\/wp\/v2\/types\/page"}],"author":[{"embeddable":true,"href":"http:\/\/www.al.pb.leg.br\/elegispb\/index.php?rest_route=\/wp\/v2\/users\/1"}],"replies":[{"embeddable":true,"href":"http:\/\/www.al.pb.leg.br\/elegispb\/index.php?rest_route=%2Fwp%2Fv2%2Fcomments&post=1042"}],"version-history":[{"count":2,"href":"http:\/\/www.al.pb.leg.br\/elegispb\/index.php?rest_route=\/wp\/v2\/pages\/1042\/revisions"}],"predecessor-version":[{"id":1045,"href":"http:\/\/www.al.pb.leg.br\/elegispb\/index.php?rest_route=\/wp\/v2\/pages\/1042\/revisions\/1045"}],"up":[{"embeddable":true,"href":"http:\/\/www.al.pb.leg.br\/elegispb\/index.php?rest_route=\/wp\/v2\/pages\/229"}],"wp:attachment":[{"href":"http:\/\/www.al.pb.leg.br\/elegispb\/index.php?rest_route=%2Fwp%2Fv2%2Fmedia&parent=1042"}],"curies":[{"name":"wp","href":"https:\/\/api.w.org\/{rel}","templated":true}]}}